{"id":4326,"date":"2015-08-12T18:38:26","date_gmt":"2015-08-12T18:38:26","guid":{"rendered":"https:\/\/www.bazarmerlin.com\/inicio\/?post_type=product&#038;p=4326"},"modified":"2024-02-20T19:40:56","modified_gmt":"2024-02-20T19:40:56","slug":"locion-para-rosear-tu-aura-de-raiz-de-ajedrea-negocios","status":"publish","type":"product","link":"https:\/\/www.bazarmerlin.com\/inicio\/producto\/locion-para-rosear-tu-aura-de-raiz-de-ajedrea-negocios\/","title":{"rendered":"Loci\u00f3n De Ra\u00edz De Ajedrea &#8211; Negocios, Ventas Y Oportunidades"},"content":{"rendered":"<p><strong>LOCI\u00d3N RA\u00cdZ DE AJEDREA<\/strong><br \/>\n<strong>PARA PROTECCI\u00d3N Y NEGOCIOS EXITOSOS!<\/strong><\/p>\n<p>&nbsp;<\/p>\n<p>125 M.L Aproximado.<\/p>\n<p>Elaborada a mano por maestros M\u00edsticos de manera artesanal<\/p>\n<p>Ideal para que aquella persona dedicada al comercio ya sea ambulante o establecido.<br \/>\nSi el comerciante es ambulante puede usarlo en su persona y si el comerciante es establecido apl\u00edcalo en la caja del dinero.<\/p>\n<p>Este loci\u00f3n est\u00e1 elaborado con extractos de hierbas y aceites esenciales consagrado y ritualizado por medio de la alta magia, para que te ayude: contra hechicer\u00edas, envidias, negatividades, m\u00e1xima protecci\u00f3n en todo as\u00ed como a que te rinda el dinero, suerte en juegos de azar, atrae los buenos y exitosos negocios.<\/p>\n<p>&nbsp;<\/p>\n<p>&nbsp;<\/p>\n<p><strong>BAZAR MERLIN<\/strong><br \/>\n<strong>El Lugar M\u00e1s M\u00edstico de Guadalajara<\/strong><br \/>\n<strong>ENVIAMOS A TODO M\u00c9XICO Y EL MUNDO\u2026<\/strong><\/p>\n<!-- AddThis Advanced Settings generic via filter on the_content --><!-- AddThis Share Buttons generic via filter on the_content -->","protected":false},"excerpt":{"rendered":"<p>LOCI\u00d3N RA\u00cdZ DE AJEDREA PARA PROTECCI\u00d3N Y NEGOCIOS EXITOSOS! &nbsp; 125 M.L Aproximado. Elaborada a mano por maestros M\u00edsticos de manera artesanal Ideal para que aquella persona dedicada al comercio ya sea ambulante o establecido. Si el comerciante es ambulante puede usarlo en su persona y si el comerciante es establecido apl\u00edcalo en la caja&hellip;<!-- AddThis Advanced Settings generic via filter on get_the_excerpt --><!-- AddThis Share Buttons generic via filter on get_the_excerpt --><\/p>\n","protected":false},"featured_media":8575,"template":"","meta":[],"product_cat":[20],"product_tag":[1288,1289,1290],"_links":{"self":[{"href":"https:\/\/www.bazarmerlin.com\/inicio\/wp-json\/wp\/v2\/product\/4326"}],"collection":[{"href":"https:\/\/www.bazarmerlin.com\/inicio\/wp-json\/wp\/v2\/product"}],"about":[{"href":"https:\/\/www.bazarmerlin.com\/inicio\/wp-json\/wp\/v2\/types\/product"}],"wp:featuredmedia":[{"embeddable":true,"href":"https:\/\/www.bazarmerlin.com\/inicio\/wp-json\/wp\/v2\/media\/8575"}],"wp:attachment":[{"href":"https:\/\/www.bazarmerlin.com\/inicio\/wp-json\/wp\/v2\/media?parent=4326"}],"wp:term":[{"taxonomy":"product_cat","embeddable":true,"href":"https:\/\/www.bazarmerlin.com\/inicio\/wp-json\/wp\/v2\/product_cat?post=4326"},{"taxonomy":"product_tag","embeddable":true,"href":"https:\/\/www.bazarmerlin.com\/inicio\/wp-json\/wp\/v2\/product_tag?post=4326"}],"curies":[{"name":"wp","href":"https:\/\/api.w.org\/{rel}","templated":true}]}}