{"id":4332,"date":"2015-08-12T18:44:31","date_gmt":"2015-08-12T18:44:31","guid":{"rendered":"https:\/\/www.bazarmerlin.com\/inicio\/?post_type=product&#038;p=4332"},"modified":"2022-12-07T00:15:48","modified_gmt":"2022-12-07T00:15:48","slug":"locion-lluvia-de-oro-para-rosear-tu-aura-abundancia","status":"publish","type":"product","link":"https:\/\/www.bazarmerlin.com\/inicio\/producto\/locion-lluvia-de-oro-para-rosear-tu-aura-abundancia\/","title":{"rendered":"Locion Lluvia De Oro &#8211; Abundancia, Clientes Y Trabajo"},"content":{"rendered":"<h3><strong>LEGITIMO PERFUME LLUVIA DE ORO<\/strong><\/h3>\n<p>&nbsp;<\/p>\n<p>Atrae Suerte, Dinero, Oportunidades y Ventas a tu Negocio y Aleja Energias Negativas.<\/p>\n<p>Perfume refrescante, \u00fanico en su genero que ayuda con su formula secreta para atraer dinero, abundancia, la paz y prosperidad en los negocios y en el hogar.<\/p>\n<p>Este poderoso perfume esta preparado por verdaderos conocedores de la ALTA MAGIA, los cuales utilizan ingredientes de Esencias M\u00edsticas para equilibrar la energ\u00eda.<\/p>\n<p>ORACI\u00d3N:<\/p>\n<p>\u00a1Oh! Poderoso y magn\u00e1nimo esp\u00edritu de la fortuna, a tu bondad recurro y te ruego me favorezcas con el precioso don de la opulencia, riqueza que sabre compartir con mis seres queridos y los menesterosos.<\/p>\n<p>\u00a1Oh! Se\u00f1or Dios mio Bend\u00edceme con tus favores y permiteme usar con sabidur\u00eda lo que tu voluntad se otorgue. Amen.<\/p>\n<p>&nbsp;<\/p>\n<p>&nbsp;<\/p>\n<p><strong>BAZAR MERLIN<\/strong><br \/>\n<strong>El Lugar M\u00e1s M\u00edstico de Guadalajara<\/strong><br \/>\n<strong>ENVIAMOS A TODO M\u00c9XICO <\/strong><\/p>\n<!-- AddThis Advanced Settings generic via filter on the_content --><!-- AddThis Share Buttons generic via filter on the_content -->","protected":false},"excerpt":{"rendered":"<p>LEGITIMO PERFUME LLUVIA DE ORO &nbsp; Atrae Suerte, Dinero, Oportunidades y Ventas a tu Negocio y Aleja Energias Negativas. Perfume refrescante, \u00fanico en su genero que ayuda con su formula secreta para atraer dinero, abundancia, la paz y prosperidad en los negocios y en el hogar. Este poderoso perfume esta preparado por verdaderos conocedores de&hellip;<!-- AddThis Advanced Settings generic via filter on get_the_excerpt --><!-- AddThis Share Buttons generic via filter on get_the_excerpt --><\/p>\n","protected":false},"featured_media":10988,"template":"","meta":[],"product_cat":[20],"product_tag":[131,1294,1293],"_links":{"self":[{"href":"https:\/\/www.bazarmerlin.com\/inicio\/wp-json\/wp\/v2\/product\/4332"}],"collection":[{"href":"https:\/\/www.bazarmerlin.com\/inicio\/wp-json\/wp\/v2\/product"}],"about":[{"href":"https:\/\/www.bazarmerlin.com\/inicio\/wp-json\/wp\/v2\/types\/product"}],"wp:featuredmedia":[{"embeddable":true,"href":"https:\/\/www.bazarmerlin.com\/inicio\/wp-json\/wp\/v2\/media\/10988"}],"wp:attachment":[{"href":"https:\/\/www.bazarmerlin.com\/inicio\/wp-json\/wp\/v2\/media?parent=4332"}],"wp:term":[{"taxonomy":"product_cat","embeddable":true,"href":"https:\/\/www.bazarmerlin.com\/inicio\/wp-json\/wp\/v2\/product_cat?post=4332"},{"taxonomy":"product_tag","embeddable":true,"href":"https:\/\/www.bazarmerlin.com\/inicio\/wp-json\/wp\/v2\/product_tag?post=4332"}],"curies":[{"name":"wp","href":"https:\/\/api.w.org\/{rel}","templated":true}]}}