{"id":434,"date":"2015-06-26T18:57:53","date_gmt":"2015-06-26T18:57:53","guid":{"rendered":"https:\/\/www.bazarmerlin.com\/inicio\/?post_type=product&#038;p=434"},"modified":"2022-10-03T20:26:37","modified_gmt":"2022-10-03T20:26:37","slug":"poderosa-esencia-rtn-para-quitar-danos-brujeria-y-hechizos","status":"publish","type":"product","link":"https:\/\/www.bazarmerlin.com\/inicio\/producto\/poderosa-esencia-rtn-para-quitar-danos-brujeria-y-hechizos\/","title":{"rendered":"Esencia Rtn &#8211; Vs Da\u00f1os, Brujeria Y Hechizos"},"content":{"rendered":"<p><strong>ESENCIA M\u00cdSTICA RTN<\/strong><br \/>\n<strong>RETIRA TRABAJO NEGRO<\/strong><\/p>\n<p>Sirve contra hechizos y trabajos que hayan sido puestos en persona o casa.<br \/>\nAyuda fuertemente para retirar de la persona cualquier trabajo negro brujer\u00eda, hechizo, etc..<\/p>\n<p>Para esto como para quitar cualquier trabajo tenemos la soluci\u00f3n definitiva<\/p>\n<p>Hecho con esencias y despojos de alto poder apl\u00edquelo en coronilla, chakra (tercer ojo),nuca, mu\u00f1ecas y por la parte de atr\u00e1s de las rodillas.<\/p>\n<p>&nbsp;<\/p>\n<p>&nbsp;<\/p>\n<p><strong>BAZAR MERL\u00cdN<\/strong><br \/>\n<strong>El Lugar M\u00e1s M\u00edstico de Guadalajara<\/strong><br \/>\n<strong>ENVIAMOS A TODO M\u00c9XICO\u2026<\/strong><\/p>\n<!-- AddThis Advanced Settings generic via filter on the_content --><!-- AddThis Share Buttons generic via filter on the_content -->","protected":false},"excerpt":{"rendered":"<p>ESENCIA M\u00cdSTICA RTN RETIRA TRABAJO NEGRO Sirve contra hechizos y trabajos que hayan sido puestos en persona o casa. Ayuda fuertemente para retirar de la persona cualquier trabajo negro brujer\u00eda, hechizo, etc.. Para esto como para quitar cualquier trabajo tenemos la soluci\u00f3n definitiva Hecho con esencias y despojos de alto poder apl\u00edquelo en coronilla, chakra&hellip;<!-- AddThis Advanced Settings generic via filter on get_the_excerpt --><!-- AddThis Share Buttons generic via filter on get_the_excerpt --><\/p>\n","protected":false},"featured_media":10214,"template":"","meta":[],"product_cat":[14],"product_tag":[554,552,553],"_links":{"self":[{"href":"https:\/\/www.bazarmerlin.com\/inicio\/wp-json\/wp\/v2\/product\/434"}],"collection":[{"href":"https:\/\/www.bazarmerlin.com\/inicio\/wp-json\/wp\/v2\/product"}],"about":[{"href":"https:\/\/www.bazarmerlin.com\/inicio\/wp-json\/wp\/v2\/types\/product"}],"wp:featuredmedia":[{"embeddable":true,"href":"https:\/\/www.bazarmerlin.com\/inicio\/wp-json\/wp\/v2\/media\/10214"}],"wp:attachment":[{"href":"https:\/\/www.bazarmerlin.com\/inicio\/wp-json\/wp\/v2\/media?parent=434"}],"wp:term":[{"taxonomy":"product_cat","embeddable":true,"href":"https:\/\/www.bazarmerlin.com\/inicio\/wp-json\/wp\/v2\/product_cat?post=434"},{"taxonomy":"product_tag","embeddable":true,"href":"https:\/\/www.bazarmerlin.com\/inicio\/wp-json\/wp\/v2\/product_tag?post=434"}],"curies":[{"name":"wp","href":"https:\/\/api.w.org\/{rel}","templated":true}]}}