{"id":4340,"date":"2015-08-13T16:52:15","date_gmt":"2015-08-13T16:52:15","guid":{"rendered":"https:\/\/www.bazarmerlin.com\/inicio\/?post_type=product&#038;p=4340"},"modified":"2022-12-17T00:10:17","modified_gmt":"2022-12-17T00:10:17","slug":"isis-sin-velo-2-libros-con-4-tomos-blavatsky","status":"publish","type":"product","link":"https:\/\/www.bazarmerlin.com\/inicio\/producto\/isis-sin-velo-2-libros-con-4-tomos-blavatsky\/","title":{"rendered":"Isis Sin Velo &#8211; 2 Libros Con 4 Tomos &#8211; Blavatsky"},"content":{"rendered":"<p><strong>Isis Sin Velo 2 Libros Con 4 Tomos<\/strong><br \/>\n<strong>H.p Blavatsky<\/strong><\/p>\n<p>&nbsp;<\/p>\n<p>COLECCI\u00d3N 2 TOMOS TOMO I, II, III, IV. Es innegable que esta obra, la primera escrita sobre Teosof\u00eda por la autora, desde su aparici\u00f3n en 1887, ocupa un lugar destacado entre los libros sobre esoterismo y, seg\u00fan se ha dicho, puede ser considerada como el punto de partida de la literatura teos\u00f3fica moderna. Obra pol\u00e9mica por excelencia, escrita en un momento en que tanto a la ciencia como la religi\u00f3n se le hab\u00edan erigido un altar demasiado elevado pero con pues de barro, ha se\u00f1alado definitivamente una etapa fundamental junto con La Doctrina Secreta, al dar su autora con ambos libros, el aldabonazo m\u00e1s fuerte que se escucho en los siglos XIX y XX contra la mojigater\u00eda, el dogma, la suficiencia y el orgullo cient\u00edfico.<\/p>\n<p>Supo as\u00ed ese esp\u00edritu superior que se llam\u00f3 H.P. Blavatsky, Levantar la antorcha de la verdad a una altura donde otros no hab\u00edan podido o no se hab\u00edan atrevido a hacerlo. El tema dominante en este libro de prodigiosa erudici\u00f3n es el reiterado cotejo que se hace entre la sabidur\u00eda antigua y los conocimientos de nuestra \u00e9poca, con el objeto de demostrar fehacientemente que toda teor\u00eda, hip\u00f3tesis o novedad atribuida a los modernos, tuvo su origen en la antig\u00fcedad. La lectura de sus innumerales cap\u00edtulos se hace indispensable para todos aqu\u00e9llos que deseen ahondar en el estudio de los s\u00edmbolos, legendarias creencias y sectas del pasado con sus seculares ritos, magias y misterios, en relaci\u00f3n con los puntos de vista de las religiones y de la ciencia.<\/p>\n<p>&nbsp;<\/p>\n<p>&nbsp;<\/p>\n<p><strong>BAZAR MERLIN<\/strong><br \/>\n<strong>El Lugar M\u00e1s M\u00edstico de Guadalajara<\/strong><br \/>\n<strong>ENVIAMOS A TODO M\u00c9XICO<\/strong><\/p>\n<!-- AddThis Advanced Settings generic via filter on the_content --><!-- AddThis Share Buttons generic via filter on the_content -->","protected":false},"excerpt":{"rendered":"<p>Isis Sin Velo 2 Libros Con 4 Tomos H.p Blavatsky &nbsp; COLECCI\u00d3N 2 TOMOS TOMO I, II, III, IV. Es innegable que esta obra, la primera escrita sobre Teosof\u00eda por la autora, desde su aparici\u00f3n en 1887, ocupa un lugar destacado entre los libros sobre esoterismo y, seg\u00fan se ha dicho, puede ser considerada como&hellip;<!-- AddThis Advanced Settings generic via filter on get_the_excerpt --><!-- AddThis Share Buttons generic via filter on get_the_excerpt --><\/p>\n","protected":false},"featured_media":11149,"template":"","meta":[],"product_cat":[13],"product_tag":[1223,1295],"_links":{"self":[{"href":"https:\/\/www.bazarmerlin.com\/inicio\/wp-json\/wp\/v2\/product\/4340"}],"collection":[{"href":"https:\/\/www.bazarmerlin.com\/inicio\/wp-json\/wp\/v2\/product"}],"about":[{"href":"https:\/\/www.bazarmerlin.com\/inicio\/wp-json\/wp\/v2\/types\/product"}],"wp:featuredmedia":[{"embeddable":true,"href":"https:\/\/www.bazarmerlin.com\/inicio\/wp-json\/wp\/v2\/media\/11149"}],"wp:attachment":[{"href":"https:\/\/www.bazarmerlin.com\/inicio\/wp-json\/wp\/v2\/media?parent=4340"}],"wp:term":[{"taxonomy":"product_cat","embeddable":true,"href":"https:\/\/www.bazarmerlin.com\/inicio\/wp-json\/wp\/v2\/product_cat?post=4340"},{"taxonomy":"product_tag","embeddable":true,"href":"https:\/\/www.bazarmerlin.com\/inicio\/wp-json\/wp\/v2\/product_tag?post=4340"}],"curies":[{"name":"wp","href":"https:\/\/api.w.org\/{rel}","templated":true}]}}