{"id":436,"date":"2015-06-26T19:04:37","date_gmt":"2015-06-26T19:04:37","guid":{"rendered":"https:\/\/www.bazarmerlin.com\/inicio\/?post_type=product&#038;p=436"},"modified":"2024-10-12T00:58:11","modified_gmt":"2024-10-12T00:58:11","slug":"cirio-de-abundancia-oportunidades-y-dinero","status":"publish","type":"product","link":"https:\/\/www.bazarmerlin.com\/inicio\/producto\/cirio-de-abundancia-oportunidades-y-dinero\/","title":{"rendered":"Cirio De Abundancia Oportunidades Y Dinero"},"content":{"rendered":"<p><strong>VEL\u00d3N DE LA ABUNDANCIA<\/strong><br \/>\n<strong>-Atrae OPORTUNIDADES Y ABUNDANCIA con este Poderoso Vel\u00f3n-<\/strong><\/p>\n<p>&nbsp;<\/p>\n<p>Ideal para lograr atraer ABUNDANCIA, OPORTUNIDADES Y PROSPERIDAD.<br \/>\nPor su elaboraci\u00f3n y consagraci\u00f3n por conocedores de la VERDADERA MAGIA!!<\/p>\n<p>LA MAGIA DE LAS VELAS se remota a mucho tiempo atr\u00e1s, pr\u00e1cticamente primero con antorchas y en la actualidad con velas y cirios.<\/p>\n<p>La ofrenda de este PODEROSO VEL\u00d3N es entregar LA ENERG\u00cdA PURA AL CREADOR para poder quitar cualquier bloqueo que tengamos puesto y nos ayude a abrirnos las puertas a LA ABUNDANCIA Y AL \u00c9XITO.<\/p>\n<p>*Este Cirio esta preparado por conocedores de LA MAGIA VERDADERA con RITUALES Y PREPARACIONES MUY ESPECIALES*<\/p>\n<p>Rece con Mucha F\u00e9 la siguiente Oraci\u00f3n:<\/p>\n<p>Recibe, \u00a1Oh, Se\u00f1or!, estas tres monedas que aqu\u00ed deposito para el culto de tu Divina Providencia. Que ellas sean el emblema de las tres Potencias de mi alma que est\u00e1 siempre amparada bajo tu mano paternal y a la vez te pido que mi pobre cuerpo goce de casa en que habitar, de ropa con que cubrirse y de un pan con que alimentarse.<br \/>\nAs\u00ed sea. En el nombre del Padre se deposita la primera moneda, en el nombre del Hijo la segunda moneda, en el nombre del Esp\u00edritu Santo la tercera. Tu Divina Providencia se extiende a cada momento para que nunca nos falte casa, vestido y sustento. Despierto, Se\u00f1or, mi cuerpo para que os sirva mi alma y en esta primera hora, como todas las de mi vida, me entrego a Vos, mi Dios.<\/p>\n<p>&nbsp;<\/p>\n<p>&nbsp;<\/p>\n<p><strong>BAZAR MERLIN\u00ae<\/strong><br \/>\n<strong>El Lugar M\u00e1s M\u00edstico de Guadalajara<\/strong><br \/>\n<strong>ENVIAMOS A TODO M\u00c9XICO<\/strong><\/p>\n<!-- AddThis Advanced Settings generic via filter on the_content --><!-- AddThis Share Buttons generic via filter on the_content -->","protected":false},"excerpt":{"rendered":"<p>VEL\u00d3N DE LA ABUNDANCIA -Atrae OPORTUNIDADES Y ABUNDANCIA con este Poderoso Vel\u00f3n- &nbsp; Ideal para lograr atraer ABUNDANCIA, OPORTUNIDADES Y PROSPERIDAD. Por su elaboraci\u00f3n y consagraci\u00f3n por conocedores de la VERDADERA MAGIA!! LA MAGIA DE LAS VELAS se remota a mucho tiempo atr\u00e1s, pr\u00e1cticamente primero con antorchas y en la actualidad con velas y cirios.&hellip;<!-- AddThis Advanced Settings generic via filter on get_the_excerpt --><!-- AddThis Share Buttons generic via filter on get_the_excerpt --><\/p>\n","protected":false},"featured_media":10778,"template":"","meta":[],"product_cat":[19],"product_tag":[555],"_links":{"self":[{"href":"https:\/\/www.bazarmerlin.com\/inicio\/wp-json\/wp\/v2\/product\/436"}],"collection":[{"href":"https:\/\/www.bazarmerlin.com\/inicio\/wp-json\/wp\/v2\/product"}],"about":[{"href":"https:\/\/www.bazarmerlin.com\/inicio\/wp-json\/wp\/v2\/types\/product"}],"wp:featuredmedia":[{"embeddable":true,"href":"https:\/\/www.bazarmerlin.com\/inicio\/wp-json\/wp\/v2\/media\/10778"}],"wp:attachment":[{"href":"https:\/\/www.bazarmerlin.com\/inicio\/wp-json\/wp\/v2\/media?parent=436"}],"wp:term":[{"taxonomy":"product_cat","embeddable":true,"href":"https:\/\/www.bazarmerlin.com\/inicio\/wp-json\/wp\/v2\/product_cat?post=436"},{"taxonomy":"product_tag","embeddable":true,"href":"https:\/\/www.bazarmerlin.com\/inicio\/wp-json\/wp\/v2\/product_tag?post=436"}],"curies":[{"name":"wp","href":"https:\/\/api.w.org\/{rel}","templated":true}]}}