{"id":4364,"date":"2015-08-13T17:16:32","date_gmt":"2015-08-13T17:16:32","guid":{"rendered":"https:\/\/www.bazarmerlin.com\/inicio\/?post_type=product&#038;p=4364"},"modified":"2022-11-10T00:11:01","modified_gmt":"2022-11-10T00:11:01","slug":"pentagrama-chapa-de-oro-libro-con-significado-d-simbologia-2","status":"publish","type":"product","link":"https:\/\/www.bazarmerlin.com\/inicio\/producto\/pentagrama-chapa-de-oro-libro-con-significado-d-simbologia-2\/","title":{"rendered":"Pentagrama Chapa Vs Negatividades, Brujeria Incluye Libro"},"content":{"rendered":"<p><strong>PODEROSO PENTAGRAMA ESOT\u00c9RICO.<\/strong><br \/>\n<strong>EN FINA CHAPA DE ORO.<\/strong><\/p>\n<p>&nbsp;<\/p>\n<p>INCLUYE LIBRO DEL SIGNIFICADO DEL PENTAGRAMA<\/p>\n<p>El pentagrama expresa la dominaci\u00f3n del esp\u00edritu sobre los elementos de la Naturaleza. Con este signo m\u00e1gico podemos mandar a las criaturas elementales que pueblan las regiones del fuego, aire, agua y tierra. Atrae a tu vida el Amor que siempre so\u00f1aste, Salud Para Ti Y Tus Seres Queridos, Protecci\u00f3n Contra Accidentes y Brujer\u00edas, Abrirte Caminos En Todo Lo Que Emprendas Como La Riqueza Que Nunca Imaginaste&#8230;&#8230;..<\/p>\n<p>TOTALMENTE HECHO A MANO CON CHAPA DE ORO.<\/p>\n<p>El Pentagrama Esot\u00e9rico con la punta superior hacia arriba sirve para hacer huir a los tenebrosos. Puesto en el umbral de la puerta con la punta superior hacia dentro y los dos \u00e1ngulos inferiores hacia fuera no permiten el paso a los magos negros. El Pentagrama es la Estrella Flam\u00edgera. El Pentagrama es el signo del VERBO HECHO CARNE&#8230;&#8230;..<\/p>\n<p>Este poderoso pentagrama o tetragramaton esta fabricado en plata a la que se a\u00f1aden otros 7 metales en su contenido o aleaci\u00f3n, que se le conocen como metales alqu\u00edmicos o esot\u00e9ricos como son: oro, plata, mercurio, cobre, plomo, hierro y esta\u00f1o. Esto hace que esta medalla dure mucho mas que el oro o la plata ya que su fundici\u00f3n es esot\u00e9rica y hace que este tipo de aleaci\u00f3n dure toda la vida:<\/p>\n<p>Plata para la Luna<br \/>\nAzogue para el Mercurio<br \/>\nCobre para Venus<br \/>\nOro para el Sol<br \/>\nHierro para Marte<br \/>\nEsta\u00f1o para J\u00fapiter<br \/>\nPlomo para Saturno<\/p>\n<p>&#8211;TOTALMENTE HECHO A MANO&#8211;<\/p>\n<p>&nbsp;<\/p>\n<p>&nbsp;<\/p>\n<p><strong>BAZAR MERL\u00cdN<\/strong><br \/>\n<strong>El Lugar M\u00e1s M\u00edstico de Guadalajara<\/strong><br \/>\n<strong>ENVIAMOS A TODO M\u00c9XICO<\/strong><\/p>\n<!-- AddThis Advanced Settings generic via filter on the_content --><!-- AddThis Share Buttons generic via filter on the_content -->","protected":false},"excerpt":{"rendered":"<p>PODEROSO PENTAGRAMA ESOT\u00c9RICO. EN FINA CHAPA DE ORO. &nbsp; INCLUYE LIBRO DEL SIGNIFICADO DEL PENTAGRAMA El pentagrama expresa la dominaci\u00f3n del esp\u00edritu sobre los elementos de la Naturaleza. Con este signo m\u00e1gico podemos mandar a las criaturas elementales que pueblan las regiones del fuego, aire, agua y tierra. Atrae a tu vida el Amor que&hellip;<!-- AddThis Advanced Settings generic via filter on get_the_excerpt --><!-- AddThis Share Buttons generic via filter on get_the_excerpt --><\/p>\n","protected":false},"featured_media":10702,"template":"","meta":[],"product_cat":[12],"product_tag":[1305,1304],"_links":{"self":[{"href":"https:\/\/www.bazarmerlin.com\/inicio\/wp-json\/wp\/v2\/product\/4364"}],"collection":[{"href":"https:\/\/www.bazarmerlin.com\/inicio\/wp-json\/wp\/v2\/product"}],"about":[{"href":"https:\/\/www.bazarmerlin.com\/inicio\/wp-json\/wp\/v2\/types\/product"}],"wp:featuredmedia":[{"embeddable":true,"href":"https:\/\/www.bazarmerlin.com\/inicio\/wp-json\/wp\/v2\/media\/10702"}],"wp:attachment":[{"href":"https:\/\/www.bazarmerlin.com\/inicio\/wp-json\/wp\/v2\/media?parent=4364"}],"wp:term":[{"taxonomy":"product_cat","embeddable":true,"href":"https:\/\/www.bazarmerlin.com\/inicio\/wp-json\/wp\/v2\/product_cat?post=4364"},{"taxonomy":"product_tag","embeddable":true,"href":"https:\/\/www.bazarmerlin.com\/inicio\/wp-json\/wp\/v2\/product_tag?post=4364"}],"curies":[{"name":"wp","href":"https:\/\/api.w.org\/{rel}","templated":true}]}}