{"id":4366,"date":"2015-08-13T17:18:58","date_gmt":"2015-08-13T17:18:58","guid":{"rendered":"https:\/\/www.bazarmerlin.com\/inicio\/?post_type=product&#038;p=4366"},"modified":"2024-07-09T06:37:33","modified_gmt":"2024-07-09T06:37:33","slug":"talisman-de-la-buena-suerte-fortuna-juegos-de-azar","status":"publish","type":"product","link":"https:\/\/www.bazarmerlin.com\/inicio\/producto\/talisman-de-la-buena-suerte-fortuna-juegos-de-azar\/","title":{"rendered":"Talisman De La Buena Suerte &#8211; Fortuna, Juegos De Azar"},"content":{"rendered":"<p><strong>TALISMAN TREBOL DE 4 HOJAS.<\/strong><br \/>\n<strong>BUENA SUERTE EN TODO Y PROTECCI\u00d3N TOTAL<\/strong><\/p>\n<p>&nbsp;<\/p>\n<p>REFORZADO POR LA PARTE POSTERIOR CON PENTAGRAMA.<br \/>\nMedida Aproximado 3.5 Cms diametro.<\/p>\n<p>HERMOSO Y PODEROSO<br \/>\nEste talism\u00e1n te ayudara por la simbolog\u00eda que encierra el TREBOL DE 4 HOJAS,<br \/>\nbuena suerte en Amor, Dinero, Salud y Paz.<\/p>\n<p>Como por otro lado&#8230;.<br \/>\nLa simbolog\u00eda mas Poderosa de Protecci\u00f3n que es el PENTAGRAMA ESOT\u00c9RICO.<\/p>\n<p>Este talism\u00e1n esta fabricado con aleaci\u00f3n de 7 metales v\u00edrgenes<\/p>\n<p>Te lo enviamos preparado y consagrado para que funcione muy bien<\/p>\n<p>&nbsp;<\/p>\n<p>&nbsp;<\/p>\n<p><strong>BAZAR MERL\u00cdN<\/strong><br \/>\n<strong>El Lugar M\u00e1s M\u00edstico de Guadalajara<\/strong><br \/>\n<strong>ENVIAMOS A TODO M\u00c9XICO&#8230;<\/strong><\/p>\n<!-- AddThis Advanced Settings generic via filter on the_content --><!-- AddThis Share Buttons generic via filter on the_content -->","protected":false},"excerpt":{"rendered":"<p>TALISMAN TREBOL DE 4 HOJAS. BUENA SUERTE EN TODO Y PROTECCI\u00d3N TOTAL &nbsp; REFORZADO POR LA PARTE POSTERIOR CON PENTAGRAMA. Medida Aproximado 3.5 Cms diametro. HERMOSO Y PODEROSO Este talism\u00e1n te ayudara por la simbolog\u00eda que encierra el TREBOL DE 4 HOJAS, buena suerte en Amor, Dinero, Salud y Paz. Como por otro lado&#8230;. La&hellip;<!-- AddThis Advanced Settings generic via filter on get_the_excerpt --><!-- AddThis Share Buttons generic via filter on get_the_excerpt --><\/p>\n","protected":false},"featured_media":8081,"template":"","meta":[],"product_cat":[12],"product_tag":[250,1307,1306],"_links":{"self":[{"href":"https:\/\/www.bazarmerlin.com\/inicio\/wp-json\/wp\/v2\/product\/4366"}],"collection":[{"href":"https:\/\/www.bazarmerlin.com\/inicio\/wp-json\/wp\/v2\/product"}],"about":[{"href":"https:\/\/www.bazarmerlin.com\/inicio\/wp-json\/wp\/v2\/types\/product"}],"wp:featuredmedia":[{"embeddable":true,"href":"https:\/\/www.bazarmerlin.com\/inicio\/wp-json\/wp\/v2\/media\/8081"}],"wp:attachment":[{"href":"https:\/\/www.bazarmerlin.com\/inicio\/wp-json\/wp\/v2\/media?parent=4366"}],"wp:term":[{"taxonomy":"product_cat","embeddable":true,"href":"https:\/\/www.bazarmerlin.com\/inicio\/wp-json\/wp\/v2\/product_cat?post=4366"},{"taxonomy":"product_tag","embeddable":true,"href":"https:\/\/www.bazarmerlin.com\/inicio\/wp-json\/wp\/v2\/product_tag?post=4366"}],"curies":[{"name":"wp","href":"https:\/\/api.w.org\/{rel}","templated":true}]}}