{"id":4375,"date":"2015-08-13T17:26:49","date_gmt":"2015-08-13T17:26:49","guid":{"rendered":"https:\/\/www.bazarmerlin.com\/inicio\/?post_type=product&#038;p=4375"},"modified":"2022-12-20T22:51:31","modified_gmt":"2022-12-20T22:51:31","slug":"la-sibila-adivinadora-de-la-loteria-y-juegos-de-azar","status":"publish","type":"product","link":"https:\/\/www.bazarmerlin.com\/inicio\/producto\/la-sibila-adivinadora-de-la-loteria-y-juegos-de-azar\/","title":{"rendered":"La Sibila Adivinadora De La Loter\u00eda Y Juegos De Azar"},"content":{"rendered":"<p><strong>LA SIBILA ADIVINADORA DE LA LOTER\u00cdA.<\/strong><\/p>\n<p>&nbsp;<\/p>\n<p>La sibila adivinadora de loter\u00eda con interpretaci\u00f3n de los sue\u00f1os y dem\u00e1s combinaciones para tocar la buena suerte. Para ti qu\u00e9 te gustan los juegos de azar&#8230; Este libro no debe faltar porque te ayudar\u00e1 a tocar la buena suerte y la fortuna.<\/p>\n<p>Es impactante libro te explicar\u00e1 C\u00f3mo interpretar tus sue\u00f1os para saber con qu\u00e9 n\u00fameros debes jugar para ganar la loter\u00eda, juegos de azar, etc.<\/p>\n<p>Adem\u00e1s, te indicar\u00e1 C\u00f3mo interpretar sue\u00f1os seg\u00fan el d\u00eda, simbolismo y color, y m\u00e1s combinaciones para obtener la buena suerte con explicaciones sencillas.<\/p>\n<p>INCLUYE:<br \/>\nEL AZAR, SAN CONO Y LOS N\u00daMEROS DE SUERTE, S\u00daPLICA A SAN CONO.<\/p>\n<p>&nbsp;<\/p>\n<p>&nbsp;<\/p>\n<p><strong>BAZAR MERLIN<\/strong><br \/>\n<strong>El Lugar M\u00e1s M\u00edstico de Guadalajara<\/strong><br \/>\n<strong>ENVIAMOS A TODO M\u00c9XICO<\/strong><\/p>\n<!-- AddThis Advanced Settings generic via filter on the_content --><!-- AddThis Share Buttons generic via filter on the_content -->","protected":false},"excerpt":{"rendered":"<p>LA SIBILA ADIVINADORA DE LA LOTER\u00cdA. &nbsp; La sibila adivinadora de loter\u00eda con interpretaci\u00f3n de los sue\u00f1os y dem\u00e1s combinaciones para tocar la buena suerte. Para ti qu\u00e9 te gustan los juegos de azar&#8230; Este libro no debe faltar porque te ayudar\u00e1 a tocar la buena suerte y la fortuna. Es impactante libro te explicar\u00e1&hellip;<!-- AddThis Advanced Settings generic via filter on get_the_excerpt --><!-- AddThis Share Buttons generic via filter on get_the_excerpt --><\/p>\n","protected":false},"featured_media":9409,"template":"","meta":[],"product_cat":[13],"product_tag":[1308],"_links":{"self":[{"href":"https:\/\/www.bazarmerlin.com\/inicio\/wp-json\/wp\/v2\/product\/4375"}],"collection":[{"href":"https:\/\/www.bazarmerlin.com\/inicio\/wp-json\/wp\/v2\/product"}],"about":[{"href":"https:\/\/www.bazarmerlin.com\/inicio\/wp-json\/wp\/v2\/types\/product"}],"wp:featuredmedia":[{"embeddable":true,"href":"https:\/\/www.bazarmerlin.com\/inicio\/wp-json\/wp\/v2\/media\/9409"}],"wp:attachment":[{"href":"https:\/\/www.bazarmerlin.com\/inicio\/wp-json\/wp\/v2\/media?parent=4375"}],"wp:term":[{"taxonomy":"product_cat","embeddable":true,"href":"https:\/\/www.bazarmerlin.com\/inicio\/wp-json\/wp\/v2\/product_cat?post=4375"},{"taxonomy":"product_tag","embeddable":true,"href":"https:\/\/www.bazarmerlin.com\/inicio\/wp-json\/wp\/v2\/product_tag?post=4375"}],"curies":[{"name":"wp","href":"https:\/\/api.w.org\/{rel}","templated":true}]}}