{"id":4384,"date":"2015-08-13T17:47:58","date_gmt":"2015-08-13T17:47:58","guid":{"rendered":"https:\/\/www.bazarmerlin.com\/inicio\/?post_type=product&#038;p=4384"},"modified":"2022-12-24T00:03:57","modified_gmt":"2022-12-24T00:03:57","slug":"tratado-elemental-de-magia-practica-del-dr-papus","status":"publish","type":"product","link":"https:\/\/www.bazarmerlin.com\/inicio\/producto\/tratado-elemental-de-magia-practica-del-dr-papus\/","title":{"rendered":"Tratado Elemental De Magia Practica Del Dr. Papus"},"content":{"rendered":"<p><strong>TRATADO ELEMENTAL DE MAGIA PR\u00c1CTICA<\/strong><\/p>\n<p>Autor: Papus (Dr. Encausse)<br \/>\n472 p\u00e1ginas<\/p>\n<p>Sea cual fuere el destino que le aguarda, el depositario de la ocultista tradici\u00f3n, no debe retroceder. Hasta la fecha presente, las ense\u00f1anzas del esoterismo se ha guardado en el seno de las confraternidades inici\u00e1ticas, que intactas las conservaron. Ya es hora de quebrantar el silencio hasta hoy necesario, y de relegar a su verdadero valor las p\u00e1lidas copias y las falsas interpretaciones que ciertas y risibles individualidades y determinados e ignaros experimentadores tratan de difundir entre las gentes.<\/p>\n<p>Es necesario que el esp\u00edritu de libertad obtenga su definitiva victoria sobre el oscurantismo religioso, para que sin temores puedan propalarse las ense\u00f1anzas de la magia, adapt\u00e1ndolas a la ciencia de nuestro tiempo. Los que saben, no pueden sorprenderse ni espantarse de que aboguemos por semejante proceder de difusi\u00f3n, ni que todo cuanto se diga parezca punto desatino y ensue\u00f1os de locura a las masas de los ignorantes, pues solamente aquellos entender\u00e1n como deben entender los capaces de conseguir el m\u00edstico adaptado. Los hechos de la magia son peligrosos, e imitando a uno de los m\u00e1s grandes maestros contempor\u00e1neos, Eliphas Levi, advertimos por anticipado a los imprudentes el riesgo que corren de caer en la locura o en la muerte al dedicarse a dicha clase de estudios por mera curiosidad.<\/p>\n<p>&nbsp;<\/p>\n<p>&nbsp;<\/p>\n<p><strong>BAZAR MERL\u00cdN\u00ae<\/strong><br \/>\n<strong>El Lugar M\u00e1s M\u00edstico de Guadalajara<\/strong><br \/>\n<strong>ENVIAMOS A TODO M\u00c9XICO<\/strong><\/p>\n<!-- AddThis Advanced Settings generic via filter on the_content --><!-- AddThis Share Buttons generic via filter on the_content -->","protected":false},"excerpt":{"rendered":"<p>TRATADO ELEMENTAL DE MAGIA PR\u00c1CTICA Autor: Papus (Dr. Encausse) 472 p\u00e1ginas Sea cual fuere el destino que le aguarda, el depositario de la ocultista tradici\u00f3n, no debe retroceder. Hasta la fecha presente, las ense\u00f1anzas del esoterismo se ha guardado en el seno de las confraternidades inici\u00e1ticas, que intactas las conservaron. Ya es hora de quebrantar&hellip;<!-- AddThis Advanced Settings generic via filter on get_the_excerpt --><!-- AddThis Share Buttons generic via filter on get_the_excerpt --><\/p>\n","protected":false},"featured_media":11243,"template":"","meta":[],"product_cat":[13],"product_tag":[1311],"_links":{"self":[{"href":"https:\/\/www.bazarmerlin.com\/inicio\/wp-json\/wp\/v2\/product\/4384"}],"collection":[{"href":"https:\/\/www.bazarmerlin.com\/inicio\/wp-json\/wp\/v2\/product"}],"about":[{"href":"https:\/\/www.bazarmerlin.com\/inicio\/wp-json\/wp\/v2\/types\/product"}],"wp:featuredmedia":[{"embeddable":true,"href":"https:\/\/www.bazarmerlin.com\/inicio\/wp-json\/wp\/v2\/media\/11243"}],"wp:attachment":[{"href":"https:\/\/www.bazarmerlin.com\/inicio\/wp-json\/wp\/v2\/media?parent=4384"}],"wp:term":[{"taxonomy":"product_cat","embeddable":true,"href":"https:\/\/www.bazarmerlin.com\/inicio\/wp-json\/wp\/v2\/product_cat?post=4384"},{"taxonomy":"product_tag","embeddable":true,"href":"https:\/\/www.bazarmerlin.com\/inicio\/wp-json\/wp\/v2\/product_tag?post=4384"}],"curies":[{"name":"wp","href":"https:\/\/api.w.org\/{rel}","templated":true}]}}