{"id":4387,"date":"2015-08-13T17:50:33","date_gmt":"2015-08-13T17:50:33","guid":{"rendered":"https:\/\/www.bazarmerlin.com\/inicio\/?post_type=product&#038;p=4387"},"modified":"2022-10-14T22:40:27","modified_gmt":"2022-10-14T22:40:27","slug":"spray-chupa-rosa-atrayente-para-el-amor-y-proteccion","status":"publish","type":"product","link":"https:\/\/www.bazarmerlin.com\/inicio\/producto\/spray-chupa-rosa-atrayente-para-el-amor-y-proteccion\/","title":{"rendered":"Spray Chuparosa &#8211; Atrae El Amor Y Refuerza Tu Relacion"},"content":{"rendered":"<p><strong>** PODEROSO SPRAY CHUPARROSA **<\/strong><\/p>\n<p><em><strong>ATRAE A TU PERSONA CON ESTE PODEROSO SPRAY AMOR, PASI\u00d3N Y DULZURA.<\/strong><\/em><\/p>\n<p>Ideal para tener una relaci\u00f3n plena, elaborado PARA ATRAER A LA PERSONA AMADA y que esta desee estar en tus brazos y se entregue por completo para siempre a ti, como para iniciar nuevas relaciones y amistades puras, verdaderas y sinceras.<\/p>\n<p>La chuparrosa es el atrayente natural del amor por excelencia ya que nos brinda seguridad en s\u00ed mismo confianza, autoestima, mucha alegr\u00eda. Adem\u00e1s ayuda a atraer SALUD, AMOR, DINERO Y SEGURIDAD en el hogar.<\/p>\n<p>Sobre tu cuerpo despu\u00e9s del ba\u00f1o, esto ayudar\u00e1 a equilibrar tus chakras y energ\u00edas CORTANDO CUALQUIER DA\u00d1O QUE EXISTA DE POR MEDIO, rociarlo en tu casa o habitaci\u00f3n para cortar cualquier da\u00f1o, maldici\u00f3n o brujer\u00eda que tengas en tu entorno como abriendo caminos al amor el \u00e9xito y la abundancia.<\/p>\n<p>&nbsp;<\/p>\n<p>&nbsp;<\/p>\n<p><strong>BAZAR MERLIN<\/strong><br \/>\n<strong>El Lugar M\u00e1s M\u00edstico de Guadalajara<\/strong><br \/>\n<strong>ENVIAMOS A TODO M\u00c9XICO&#8230;<\/strong><\/p>\n<!-- AddThis Advanced Settings generic via filter on the_content --><!-- AddThis Share Buttons generic via filter on the_content -->","protected":false},"excerpt":{"rendered":"<p>** PODEROSO SPRAY CHUPARROSA ** ATRAE A TU PERSONA CON ESTE PODEROSO SPRAY AMOR, PASI\u00d3N Y DULZURA. Ideal para tener una relaci\u00f3n plena, elaborado PARA ATRAER A LA PERSONA AMADA y que esta desee estar en tus brazos y se entregue por completo para siempre a ti, como para iniciar nuevas relaciones y amistades puras,&hellip;<!-- AddThis Advanced Settings generic via filter on get_the_excerpt --><!-- AddThis Share Buttons generic via filter on get_the_excerpt --><\/p>\n","protected":false},"featured_media":10364,"template":"","meta":[],"product_cat":[14],"product_tag":[1313,1312],"_links":{"self":[{"href":"https:\/\/www.bazarmerlin.com\/inicio\/wp-json\/wp\/v2\/product\/4387"}],"collection":[{"href":"https:\/\/www.bazarmerlin.com\/inicio\/wp-json\/wp\/v2\/product"}],"about":[{"href":"https:\/\/www.bazarmerlin.com\/inicio\/wp-json\/wp\/v2\/types\/product"}],"wp:featuredmedia":[{"embeddable":true,"href":"https:\/\/www.bazarmerlin.com\/inicio\/wp-json\/wp\/v2\/media\/10364"}],"wp:attachment":[{"href":"https:\/\/www.bazarmerlin.com\/inicio\/wp-json\/wp\/v2\/media?parent=4387"}],"wp:term":[{"taxonomy":"product_cat","embeddable":true,"href":"https:\/\/www.bazarmerlin.com\/inicio\/wp-json\/wp\/v2\/product_cat?post=4387"},{"taxonomy":"product_tag","embeddable":true,"href":"https:\/\/www.bazarmerlin.com\/inicio\/wp-json\/wp\/v2\/product_tag?post=4387"}],"curies":[{"name":"wp","href":"https:\/\/api.w.org\/{rel}","templated":true}]}}