{"id":440,"date":"2015-06-26T19:11:53","date_gmt":"2015-06-26T19:11:53","guid":{"rendered":"https:\/\/www.bazarmerlin.com\/inicio\/?post_type=product&#038;p=440"},"modified":"2022-11-18T21:54:42","modified_gmt":"2022-11-18T21:54:42","slug":"cirio-7-arcangeles-para-suerte-armonia-y-proteccion","status":"publish","type":"product","link":"https:\/\/www.bazarmerlin.com\/inicio\/producto\/cirio-7-arcangeles-para-suerte-armonia-y-proteccion\/","title":{"rendered":"Cirio 7 Arcangeles &#8211; Para Suerte, Armonia Y Proteccion"},"content":{"rendered":"<p><strong>CIRIO ESPIRITUAL DE LOS 7 ARC\u00c1NGELES<\/strong><\/p>\n<p>&nbsp;<\/p>\n<p>Para atraer suerte, armon\u00eda y protecci\u00f3n<br \/>\nUtiliza este Cirio de los 7 Arc\u00e1ngeles para encontrar la luz a tus problemas<\/p>\n<p>ARC\u00c1NGEL MIGUEL: (Quien como Dios)<br \/>\n\u00c1ngel de la paz, protegerme de mis enemigos y apartarme de toda maldad, en nombre de Jes\u00fas.<\/p>\n<p>ARC\u00c1NGEL CHAMUEL: (Amor de Dios)<br \/>\nAcercame a Dios Padre y, a mis semejantes por medio del amor.<\/p>\n<p>ARC\u00c1NGEL ZADQUIEL: (Fuego de Dios)<br \/>\nAy\u00fadame a transmutar en positivas las situaciones dif\u00edciles convirti\u00e9ndolas en bendiciones.<\/p>\n<p>ARC\u00c1NGEL RAFAEL:(Medicina de Dios)<br \/>\nLleva mis peticiones y oraciones ante Dios, C\u00farame de mis enfermedades y sufrimientos.<\/p>\n<p>ARCANGEL URIEL:(Fuego de Dios) Puede la luz alcanzar los cielos e iluminarlos<\/p>\n<p>ARC\u00c1NGEL JOFIEL:(Sabidur\u00eda de Dios) Ilumina mi entendimiento, ay\u00fadame a mirar profundamente u aprender de todos.<\/p>\n<p>ARC\u00c1NGEL GABRIEL: (Poder de Dios) Favorito de la sant\u00edsima Virgen Maria, Intercede por mi con el se\u00f1or y conc\u00e9deme el favor que humildemente estoy pidiendo.<\/p>\n<p>&nbsp;<\/p>\n<p>&nbsp;<\/p>\n<p><strong>BAZAR\u00a0<\/strong><b>MERL\u00cdN<\/b><br \/>\n<strong>El Lugar M\u00e1s M\u00edstico de Guadalajara<\/strong><br \/>\n<strong>ENVIAMOS A TODO M\u00c9XICO&#8230;<\/strong><\/p>\n<!-- AddThis Advanced Settings generic via filter on the_content --><!-- AddThis Share Buttons generic via filter on the_content -->","protected":false},"excerpt":{"rendered":"<p>CIRIO ESPIRITUAL DE LOS 7 ARC\u00c1NGELES &nbsp; Para atraer suerte, armon\u00eda y protecci\u00f3n Utiliza este Cirio de los 7 Arc\u00e1ngeles para encontrar la luz a tus problemas ARC\u00c1NGEL MIGUEL: (Quien como Dios) \u00c1ngel de la paz, protegerme de mis enemigos y apartarme de toda maldad, en nombre de Jes\u00fas. ARC\u00c1NGEL CHAMUEL: (Amor de Dios) Acercame&hellip;<!-- AddThis Advanced Settings generic via filter on get_the_excerpt --><!-- AddThis Share Buttons generic via filter on get_the_excerpt --><\/p>\n","protected":false},"featured_media":10775,"template":"","meta":[],"product_cat":[19],"product_tag":[558,556,557],"_links":{"self":[{"href":"https:\/\/www.bazarmerlin.com\/inicio\/wp-json\/wp\/v2\/product\/440"}],"collection":[{"href":"https:\/\/www.bazarmerlin.com\/inicio\/wp-json\/wp\/v2\/product"}],"about":[{"href":"https:\/\/www.bazarmerlin.com\/inicio\/wp-json\/wp\/v2\/types\/product"}],"wp:featuredmedia":[{"embeddable":true,"href":"https:\/\/www.bazarmerlin.com\/inicio\/wp-json\/wp\/v2\/media\/10775"}],"wp:attachment":[{"href":"https:\/\/www.bazarmerlin.com\/inicio\/wp-json\/wp\/v2\/media?parent=440"}],"wp:term":[{"taxonomy":"product_cat","embeddable":true,"href":"https:\/\/www.bazarmerlin.com\/inicio\/wp-json\/wp\/v2\/product_cat?post=440"},{"taxonomy":"product_tag","embeddable":true,"href":"https:\/\/www.bazarmerlin.com\/inicio\/wp-json\/wp\/v2\/product_tag?post=440"}],"curies":[{"name":"wp","href":"https:\/\/api.w.org\/{rel}","templated":true}]}}