{"id":4405,"date":"2015-08-13T18:07:35","date_gmt":"2015-08-13T18:07:35","guid":{"rendered":"https:\/\/www.bazarmerlin.com\/inicio\/?post_type=product&#038;p=4405"},"modified":"2022-10-31T23:53:20","modified_gmt":"2022-10-31T23:53:20","slug":"amuleto-santa-cruz-de-caravaca-vs-salaciones-y-hechiceria","status":"publish","type":"product","link":"https:\/\/www.bazarmerlin.com\/inicio\/producto\/amuleto-santa-cruz-de-caravaca-vs-salaciones-y-hechiceria\/","title":{"rendered":"Amuleto Santa Cruz De Caravaca &#8211; Vs Salaciones Y Hechicer\u00eda"},"content":{"rendered":"<p><strong>AMULETO C\u00d3SMICO SANTA CRUZ DE CARAVACA<\/strong><br \/>\n<strong>TALISM\u00c1N DE PROTECCI\u00d3N CONTRA MALEFICIOS<\/strong><\/p>\n<p>&nbsp;<\/p>\n<p>Su virtud principal es la protecci\u00f3n ya que sintoniza con la providencia divina, una de las protecciones m\u00e1s poderosas contra todo tipo de da\u00f1os, adem\u00e1s atrae suerte en el amor, dinero, trabajo, amistades y salud !!!. Todo esto por la poderosa simbolog\u00eda y ritual de alta magia que se le realiza para activarlo.<\/p>\n<p>Esta poderosa amuleto c\u00f3smico te lo mandamos preparado y consagrado especialmente para ti.<\/p>\n<p>NO LO DUDES ADQUIERELO YA<\/p>\n<p>&nbsp;<\/p>\n<p>&nbsp;<\/p>\n<p><strong>BAZAR\u00a0<\/strong><b>MERL\u00cdN<\/b><br \/>\n<strong>El Lugar M\u00e1s M\u00edstico de Guadalajara<\/strong><br \/>\n<strong>ENVIAMOS A TODO M\u00c9XICO<\/strong><\/p>\n<!-- AddThis Advanced Settings generic via filter on the_content --><!-- AddThis Share Buttons generic via filter on the_content -->","protected":false},"excerpt":{"rendered":"<p>AMULETO C\u00d3SMICO SANTA CRUZ DE CARAVACA TALISM\u00c1N DE PROTECCI\u00d3N CONTRA MALEFICIOS &nbsp; Su virtud principal es la protecci\u00f3n ya que sintoniza con la providencia divina, una de las protecciones m\u00e1s poderosas contra todo tipo de da\u00f1os, adem\u00e1s atrae suerte en el amor, dinero, trabajo, amistades y salud !!!. Todo esto por la poderosa simbolog\u00eda y&hellip;<!-- AddThis Advanced Settings generic via filter on get_the_excerpt --><!-- AddThis Share Buttons generic via filter on get_the_excerpt --><\/p>\n","protected":false},"featured_media":10599,"template":"","meta":[],"product_cat":[12],"product_tag":[1314,1315],"_links":{"self":[{"href":"https:\/\/www.bazarmerlin.com\/inicio\/wp-json\/wp\/v2\/product\/4405"}],"collection":[{"href":"https:\/\/www.bazarmerlin.com\/inicio\/wp-json\/wp\/v2\/product"}],"about":[{"href":"https:\/\/www.bazarmerlin.com\/inicio\/wp-json\/wp\/v2\/types\/product"}],"wp:featuredmedia":[{"embeddable":true,"href":"https:\/\/www.bazarmerlin.com\/inicio\/wp-json\/wp\/v2\/media\/10599"}],"wp:attachment":[{"href":"https:\/\/www.bazarmerlin.com\/inicio\/wp-json\/wp\/v2\/media?parent=4405"}],"wp:term":[{"taxonomy":"product_cat","embeddable":true,"href":"https:\/\/www.bazarmerlin.com\/inicio\/wp-json\/wp\/v2\/product_cat?post=4405"},{"taxonomy":"product_tag","embeddable":true,"href":"https:\/\/www.bazarmerlin.com\/inicio\/wp-json\/wp\/v2\/product_tag?post=4405"}],"curies":[{"name":"wp","href":"https:\/\/api.w.org\/{rel}","templated":true}]}}