{"id":4408,"date":"2015-08-13T18:11:03","date_gmt":"2015-08-13T18:11:03","guid":{"rendered":"https:\/\/www.bazarmerlin.com\/inicio\/?post_type=product&#038;p=4408"},"modified":"2022-12-15T23:44:10","modified_gmt":"2022-12-15T23:44:10","slug":"doctrina-medica-homeopatica-libro-homeopatia","status":"publish","type":"product","link":"https:\/\/www.bazarmerlin.com\/inicio\/producto\/doctrina-medica-homeopatica-libro-homeopatia\/","title":{"rendered":"Doctrina M\u00e9dica Homeop\u00e1tica &#8211; Libro Homeopat\u00eda"},"content":{"rendered":"<h3><strong>DOCTRINA M\u00c9DICA HOMEOP\u00c1TICA.<\/strong><br \/>\n<strong>DR. SAMUEL HAHNEMANN.<\/strong><\/h3>\n<p>&nbsp;<\/p>\n<p>La homeopat\u00eda como toda ciencia verdadera ofrece unidad de principios y procedimientos y forma un cuerpo completo de doctrina. La claridad de sus principios y la sencillez de sus medios son tales, que f\u00e1cilmente se comprenden y ejecutan, y como la homeopat\u00eda cuenta con toda clase de recursos curativos, sus adeptos no necesitan recurrir a la pr\u00e1ctica perniciosa de la antigua escuela.<\/p>\n<p>P\u00e1ginas 317<\/p>\n<p>LIBRO ORIGINAL<\/p>\n<p>&nbsp;<\/p>\n<p>&nbsp;<\/p>\n<p><strong>BAZAR MERLIN<\/strong><br \/>\n<strong>El Lugar M\u00e1s M\u00edstico de Guadalajara<\/strong><br \/>\n<strong>ENVIAMOS A TODO M\u00c9XICO<\/strong><\/p>\n<!-- AddThis Advanced Settings generic via filter on the_content --><!-- AddThis Share Buttons generic via filter on the_content -->","protected":false},"excerpt":{"rendered":"<p>DOCTRINA M\u00c9DICA HOMEOP\u00c1TICA. DR. SAMUEL HAHNEMANN. &nbsp; La homeopat\u00eda como toda ciencia verdadera ofrece unidad de principios y procedimientos y forma un cuerpo completo de doctrina. La claridad de sus principios y la sencillez de sus medios son tales, que f\u00e1cilmente se comprenden y ejecutan, y como la homeopat\u00eda cuenta con toda clase de recursos&hellip;<!-- AddThis Advanced Settings generic via filter on get_the_excerpt --><!-- AddThis Share Buttons generic via filter on get_the_excerpt --><\/p>\n","protected":false},"featured_media":11109,"template":"","meta":[],"product_cat":[13],"product_tag":[1316,1317],"_links":{"self":[{"href":"https:\/\/www.bazarmerlin.com\/inicio\/wp-json\/wp\/v2\/product\/4408"}],"collection":[{"href":"https:\/\/www.bazarmerlin.com\/inicio\/wp-json\/wp\/v2\/product"}],"about":[{"href":"https:\/\/www.bazarmerlin.com\/inicio\/wp-json\/wp\/v2\/types\/product"}],"wp:featuredmedia":[{"embeddable":true,"href":"https:\/\/www.bazarmerlin.com\/inicio\/wp-json\/wp\/v2\/media\/11109"}],"wp:attachment":[{"href":"https:\/\/www.bazarmerlin.com\/inicio\/wp-json\/wp\/v2\/media?parent=4408"}],"wp:term":[{"taxonomy":"product_cat","embeddable":true,"href":"https:\/\/www.bazarmerlin.com\/inicio\/wp-json\/wp\/v2\/product_cat?post=4408"},{"taxonomy":"product_tag","embeddable":true,"href":"https:\/\/www.bazarmerlin.com\/inicio\/wp-json\/wp\/v2\/product_tag?post=4408"}],"curies":[{"name":"wp","href":"https:\/\/api.w.org\/{rel}","templated":true}]}}