{"id":446,"date":"2015-06-26T19:22:18","date_gmt":"2015-06-26T19:22:18","guid":{"rendered":"https:\/\/www.bazarmerlin.com\/inicio\/?post_type=product&#038;p=446"},"modified":"2022-12-09T22:51:17","modified_gmt":"2022-12-09T22:51:17","slug":"perfume-quita-estorbo-para-problemas-en-trabajo-y-hogar","status":"publish","type":"product","link":"https:\/\/www.bazarmerlin.com\/inicio\/producto\/perfume-quita-estorbo-para-problemas-en-trabajo-y-hogar\/","title":{"rendered":"Perfume Quita Estorbo &#8211; Para Problemas En Trabajo Y Hogar"},"content":{"rendered":"<h3><strong>PERFUME QUITA ESTORBOS<\/strong><br \/>\n<strong>Presentaci\u00f3n: 100 ML.<\/strong><\/h3>\n<p>&nbsp;<\/p>\n<p>ESPECIAL PARA QUIEN SE SIENTE \u00daLTIMAMENTE MAL O NOTA ALGUNA DIFRENCIA NEGATIVA EN SU PERSONA.<\/p>\n<p>Este perfume est\u00e1 elaborado con extractos de Hierbas y Aceites Esenciales por Santeros y es ideal para todos los problemas relacionados con TRABAJO, COMERCIO, OFICINAS Y HOGAR.<\/p>\n<p>SE APLICA CON MUCHA FE EN MANOS Y CABREZA<\/p>\n<p>PARA ESTO Y PARA CUALQUIER TRABAJO, TENEMOS LA SOLUCI\u00d3N DEFINITIVA PARA ELIMINAR SITUACIONES NEGATIVAS O ALEJARTE DE QUIEN TE HACE DA\u00d1O.<\/p>\n<p>Hecho por Verdaderos Brujos y Profesionales de la Magia de Alto Poder.<\/p>\n<p>&nbsp;<\/p>\n<p>&nbsp;<\/p>\n<p><strong>BAZAR MERLIN<\/strong><br \/>\n<strong>El Lugar M\u00e1s M\u00edstico de Guadalajara<\/strong><br \/>\n<strong>ENVIAMOS A TODO M\u00c9XICO<\/strong><\/p>\n<!-- AddThis Advanced Settings generic via filter on the_content --><!-- AddThis Share Buttons generic via filter on the_content -->","protected":false},"excerpt":{"rendered":"<p>PERFUME QUITA ESTORBOS Presentaci\u00f3n: 100 ML. &nbsp; ESPECIAL PARA QUIEN SE SIENTE \u00daLTIMAMENTE MAL O NOTA ALGUNA DIFRENCIA NEGATIVA EN SU PERSONA. Este perfume est\u00e1 elaborado con extractos de Hierbas y Aceites Esenciales por Santeros y es ideal para todos los problemas relacionados con TRABAJO, COMERCIO, OFICINAS Y HOGAR. SE APLICA CON MUCHA FE EN&hellip;<!-- AddThis Advanced Settings generic via filter on get_the_excerpt --><!-- AddThis Share Buttons generic via filter on get_the_excerpt --><\/p>\n","protected":false},"featured_media":7955,"template":"","meta":[],"product_cat":[20],"product_tag":[562,561],"_links":{"self":[{"href":"https:\/\/www.bazarmerlin.com\/inicio\/wp-json\/wp\/v2\/product\/446"}],"collection":[{"href":"https:\/\/www.bazarmerlin.com\/inicio\/wp-json\/wp\/v2\/product"}],"about":[{"href":"https:\/\/www.bazarmerlin.com\/inicio\/wp-json\/wp\/v2\/types\/product"}],"wp:featuredmedia":[{"embeddable":true,"href":"https:\/\/www.bazarmerlin.com\/inicio\/wp-json\/wp\/v2\/media\/7955"}],"wp:attachment":[{"href":"https:\/\/www.bazarmerlin.com\/inicio\/wp-json\/wp\/v2\/media?parent=446"}],"wp:term":[{"taxonomy":"product_cat","embeddable":true,"href":"https:\/\/www.bazarmerlin.com\/inicio\/wp-json\/wp\/v2\/product_cat?post=446"},{"taxonomy":"product_tag","embeddable":true,"href":"https:\/\/www.bazarmerlin.com\/inicio\/wp-json\/wp\/v2\/product_tag?post=446"}],"curies":[{"name":"wp","href":"https:\/\/api.w.org\/{rel}","templated":true}]}}