{"id":4462,"date":"2015-08-13T19:08:56","date_gmt":"2015-08-13T19:08:56","guid":{"rendered":"https:\/\/www.bazarmerlin.com\/inicio\/?post_type=product&#038;p=4462"},"modified":"2022-10-25T21:56:50","modified_gmt":"2022-10-25T21:56:50","slug":"tarot-rider-profesional-en-espanol-78-cartas-importado","status":"publish","type":"product","link":"https:\/\/www.bazarmerlin.com\/inicio\/producto\/tarot-rider-profesional-en-espanol-78-cartas-importado\/","title":{"rendered":"Tarot Rider Waite Arthur Edward &#8211; Sellado 78 Cartas Original"},"content":{"rendered":"<p><strong>RIDER WAITE TAROT<\/strong><br \/>\n<strong>78 CARTAS Y FOLLETO DE INSTRUCCIONES<\/strong><\/p>\n<p>&nbsp;<\/p>\n<p>Conocido tambi\u00e9n como el Tarot Waite\u00ae y el Tarot Rider-Waite\u00ae La \u00fanica y original edici\u00f3n autorizada del famoso Tarot de 78 cartas dise\u00f1ado por Pamela Colman Smith&#x2122; bajo la direcci\u00f3n de Arthur Edward Waite Incluye manual de instrucciones realizado por Arthur Edward Waite<\/p>\n<p>El tarot es un poderoso sistema meditativo y adivinatorio. El rico simbolismo de las cartas estimula la capacidad intuitiva que todos tenemos. Con la pr\u00e1ctica es posible desarrollar cada vez m\u00e1s la intuici\u00f3n y aprender a expresar con mayor claridad y certeza las sensaciones e intuiciones que brotan al contemplar meditativamente las cartas.<\/p>\n<p>S\u00f3lo har\u00e1 falta un poco de paciencia y confianza, y pronto, el aficionado se sorprender\u00e1 de lo acertadas que pueden llegar a ser sus predicciones.<\/p>\n<p>TAROT RIDER 100% ORiGINAL INCLUYE FOLLETO<\/p>\n<p>&nbsp;<\/p>\n<p>&nbsp;<\/p>\n<p><strong>BAZAR MERLIN<\/strong><br \/>\n<strong>El Lugar M\u00e1s M\u00edstico de Guadalajara<\/strong><br \/>\n<strong>ENVIAMOS A TODO M\u00c9XICO<\/strong><\/p>\n<!-- AddThis Advanced Settings generic via filter on the_content --><!-- AddThis Share Buttons generic via filter on the_content -->","protected":false},"excerpt":{"rendered":"<p>RIDER WAITE TAROT 78 CARTAS Y FOLLETO DE INSTRUCCIONES &nbsp; Conocido tambi\u00e9n como el Tarot Waite\u00ae y el Tarot Rider-Waite\u00ae La \u00fanica y original edici\u00f3n autorizada del famoso Tarot de 78 cartas dise\u00f1ado por Pamela Colman Smith&#x2122; bajo la direcci\u00f3n de Arthur Edward Waite Incluye manual de instrucciones realizado por Arthur Edward Waite El tarot&hellip;<!-- AddThis Advanced Settings generic via filter on get_the_excerpt --><!-- AddThis Share Buttons generic via filter on get_the_excerpt --><\/p>\n","protected":false},"featured_media":10573,"template":"","meta":[],"product_cat":[15],"product_tag":[1319,1318],"_links":{"self":[{"href":"https:\/\/www.bazarmerlin.com\/inicio\/wp-json\/wp\/v2\/product\/4462"}],"collection":[{"href":"https:\/\/www.bazarmerlin.com\/inicio\/wp-json\/wp\/v2\/product"}],"about":[{"href":"https:\/\/www.bazarmerlin.com\/inicio\/wp-json\/wp\/v2\/types\/product"}],"wp:featuredmedia":[{"embeddable":true,"href":"https:\/\/www.bazarmerlin.com\/inicio\/wp-json\/wp\/v2\/media\/10573"}],"wp:attachment":[{"href":"https:\/\/www.bazarmerlin.com\/inicio\/wp-json\/wp\/v2\/media?parent=4462"}],"wp:term":[{"taxonomy":"product_cat","embeddable":true,"href":"https:\/\/www.bazarmerlin.com\/inicio\/wp-json\/wp\/v2\/product_cat?post=4462"},{"taxonomy":"product_tag","embeddable":true,"href":"https:\/\/www.bazarmerlin.com\/inicio\/wp-json\/wp\/v2\/product_tag?post=4462"}],"curies":[{"name":"wp","href":"https:\/\/api.w.org\/{rel}","templated":true}]}}