{"id":4465,"date":"2015-08-13T19:11:31","date_gmt":"2015-08-13T19:11:31","guid":{"rendered":"https:\/\/www.bazarmerlin.com\/inicio\/?post_type=product&#038;p=4465"},"modified":"2023-08-26T23:08:38","modified_gmt":"2023-08-26T23:08:38","slug":"campana-tibetana-grande-en-7-metales","status":"publish","type":"product","link":"https:\/\/www.bazarmerlin.com\/inicio\/producto\/campana-tibetana-grande-en-7-metales\/","title":{"rendered":"Campana Tibetana &#8211; Mediana &#8211; Importada De Nepal"},"content":{"rendered":"<p><strong>CAMPANA TIBETANA MEDIANA<\/strong><\/p>\n<p><strong><em>TAMA\u00d1O APROXIMADO 9 CMS DE DI\u00c1METRO Y<\/em><\/strong><br \/>\n<strong><em>15.5 CMS DE ALTURA.<\/em><\/strong><\/p>\n<p>&nbsp;<\/p>\n<p>Campana Tibetana elaborada con una aleaci\u00f3n de siete metales, fundida individualmente a trav\u00e9s de un vaciado de arena, los grabados y embellecimientos se estampan a mano separadamente. La Campana Tibetana es una herramienta usada desde hace miles de a\u00f1os por los monjes tibetanos y compuesta por la aleaci\u00f3n de siete metales que se relacionan con siete planetas, de acuerdo con la Astrolog\u00eda tibetana (Oro relacionado con el Sol; Plata con la Luna, Cobre con Venus, Plomo con Saturno, Esta\u00f1o con J\u00fapiter, Hierro con Marte y el Mercurio con el planeta Mercurio)<\/p>\n<p>Para relajarse, los orientales conocen desde antiguo las propiedades terap\u00e9uticas del sonido. La campana tibetana puede tener uso ritual, astrol\u00f3gico y curativo. Entendida la enfermedad como un bloqueo de energ\u00eda en el cuerpo, la relajaci\u00f3n es una manera de prevenirla o de aliviarla. Una parte del cuerpo particularmente sensible a la vibraci\u00f3n es la zona del plexo solar, a la altura del est\u00f3mago, que suele alterarse en los momentos de tensi\u00f3n. La campana tibetana se toca percutiendo suavemente y tambi\u00e9n deslizando una baqueta de madera pesada en torno a su borde exterior con el fin de obtener una vibraci\u00f3n contin\u00faa. Es aconsejable experimentar con el sonido; la campana tibetana es inocua.<\/p>\n<p>La Campana Tibetana es una herramienta usada desde hace miles de a\u00f1os por los monjes tibetanos y compuesta por la aleaci\u00f3n de siete metales que se relacionan con siete planetas, de acuerdo con la Astrolog\u00eda tibetana (Oro relacionado con el Sol; Plata con la Luna, Cobre con Venus, Plomo con Saturno, Esta\u00f1o con J\u00fapiter, Hierro con Marte y el Mercurio con el planeta Mercurio.Se utiliza para la oraci\u00f3n y para atraer las energ\u00edas positivas durante sus meditaciones.<\/p>\n<p>Se trata de sonidos que hasta ahora no hab\u00edamos tenido la oportunidad de o\u00edr. La riqueza de arm\u00f3nicos de las campanas tibetanas, la intensidad con que \u00e9stos suenan y su persistencia despu\u00e9s de que el sonido fundamental se va debilitando, las hacen pr\u00e1cticamente incontrolables dentro de la escala diat\u00f3nica. Por eso tener campanas tibetanas supone dejarse llevar a experimentar el sonido, improvisando y descubriendo al margen de nuestros h\u00e1bitos auditivos y de las pautas de la m\u00fasica occidental.<\/p>\n<p>Los budistas zen las utilizan para la meditaci\u00f3n. Cuando se sientan a meditar, una vez en la postura adecuada, dan un golpe ligero a la campana con el que inducen la concentraci\u00f3n. El efecto de vibraci\u00f3n de la campana es percibido por todo el cuerpo si \u00e9ste se coloca en actitud receptiva. Se acent\u00faa la percepci\u00f3n si la campana se aproxima a una zona determinada del cuerpo. De aqu\u00ed el uso terap\u00e9utico de las campanas.<\/p>\n<p>\u2014-IMPORTADA DESDE NEPAL\u2014-<\/p>\n<p>TAMA\u00d1O CAMPANA GRANDE APROXIMADO 9 CMS DE DI\u00c1METRO Y<br \/>\n15.5\u00a0 CMS DE ALTURA.<\/p>\n<p>&nbsp;<\/p>\n<p>&nbsp;<\/p>\n<p><strong>BAZAR\u00a0<\/strong><b>MERL\u00cdN<\/b><br \/>\n<strong>El Lugar M\u00e1s M\u00edstico de Guadalajara<\/strong><br \/>\n<strong>ENVIAMOS A TODO M\u00c9XICO\u2026<\/strong><\/p>\n<!-- AddThis Advanced Settings generic via filter on the_content --><!-- AddThis Share Buttons generic via filter on the_content -->","protected":false},"excerpt":{"rendered":"<p>CAMPANA TIBETANA MEDIANA TAMA\u00d1O APROXIMADO 9 CMS DE DI\u00c1METRO Y 15.5 CMS DE ALTURA. &nbsp; Campana Tibetana elaborada con una aleaci\u00f3n de siete metales, fundida individualmente a trav\u00e9s de un vaciado de arena, los grabados y embellecimientos se estampan a mano separadamente. La Campana Tibetana es una herramienta usada desde hace miles de a\u00f1os por&hellip;<!-- AddThis Advanced Settings generic via filter on get_the_excerpt --><!-- AddThis Share Buttons generic via filter on get_the_excerpt --><\/p>\n","protected":false},"featured_media":10157,"template":"","meta":[],"product_cat":[14],"product_tag":[1207,697,1209,570],"_links":{"self":[{"href":"https:\/\/www.bazarmerlin.com\/inicio\/wp-json\/wp\/v2\/product\/4465"}],"collection":[{"href":"https:\/\/www.bazarmerlin.com\/inicio\/wp-json\/wp\/v2\/product"}],"about":[{"href":"https:\/\/www.bazarmerlin.com\/inicio\/wp-json\/wp\/v2\/types\/product"}],"wp:featuredmedia":[{"embeddable":true,"href":"https:\/\/www.bazarmerlin.com\/inicio\/wp-json\/wp\/v2\/media\/10157"}],"wp:attachment":[{"href":"https:\/\/www.bazarmerlin.com\/inicio\/wp-json\/wp\/v2\/media?parent=4465"}],"wp:term":[{"taxonomy":"product_cat","embeddable":true,"href":"https:\/\/www.bazarmerlin.com\/inicio\/wp-json\/wp\/v2\/product_cat?post=4465"},{"taxonomy":"product_tag","embeddable":true,"href":"https:\/\/www.bazarmerlin.com\/inicio\/wp-json\/wp\/v2\/product_tag?post=4465"}],"curies":[{"name":"wp","href":"https:\/\/api.w.org\/{rel}","templated":true}]}}