{"id":4471,"date":"2015-08-13T19:21:31","date_gmt":"2015-08-13T19:21:31","guid":{"rendered":"https:\/\/www.bazarmerlin.com\/inicio\/?post_type=product&#038;p=4471"},"modified":"2025-01-25T02:35:05","modified_gmt":"2025-01-25T02:35:05","slug":"medalla-tetragramaton-de-las-12-tribus-en-7-metales","status":"publish","type":"product","link":"https:\/\/www.bazarmerlin.com\/inicio\/producto\/medalla-tetragramaton-de-las-12-tribus-en-7-metales\/","title":{"rendered":"Medalla Tetragramaton de las 12 Tribus &#8211; en 7 Metales"},"content":{"rendered":"<p><strong>MEDALLA TETRAGRAMAT\u00d3N DE LAS 12 TRIBUS EN ALEACI\u00d3N DE 7 METALES V\u00cdRGENES<\/strong><\/p>\n<p>&nbsp;<\/p>\n<p>LOS DOCE HIJOS DE &#8220;JACOB \u00d3 ISRAEL&#8221; (los cuales son Jud\u00e1, Sime\u00f3n, Benjam\u00edn, Dan, Isacar, Zabul\u00f3n, Aser, Neftal\u00ed, Rub\u00e9n, Gad, Jos\u00e9 y Levi) recibieron cada uno una porci\u00f3n de tierra donde colocar sus propias tribus.<\/p>\n<p>&nbsp;<\/p>\n<p>S\u00f3lo hubo dos excepciones: JOS\u00c9 Y LEV\u00cd. EL PRIMERO, JOS\u00c9, se cre\u00eda &#8220;muerto&#8221;, por lo que la porci\u00f3n de tierra que le correspond\u00eda fue repartida a sus dos hijos: EFRA\u00cdM Y MANAS\u00c9S. EL SEGUNDO, LEVI, decidi\u00f3 NO ACEPTAR la tierra que le correspond\u00eda y decidi\u00f3 mejor dedicarse AL SACERDOCIO.<\/p>\n<p>&nbsp;<\/p>\n<p>SU MISI\u00d3N: LA FUNDACI\u00d3N DEL REINO DE JUD\u00c1 Y EL REINO DE ISRAEL.<\/p>\n<p>TETRAGRAMAT\u00d3N: Es una estrella de 5 puntas encerrada en un c\u00edculo, significa el Hombre como lo pint\u00f3 Leonardo Da Vinci, las puntas de debajo de la estrella son los pies, las de arriba las manos, y la de enmedio la cabeza, el c\u00edrculo es el universo del hombre.<\/p>\n<p>Traer este s\u00edmbolo en el pecho LIBERA A SU PORTADOR DE LA MUERTE, considerado como EL MEJOR S\u00cdMBOLO CONTRA LA BRUJER\u00cdA, ya que trae escrito EL VERDADERO NOMBRE DE DIOS, por ello, espanta a los demonios, s\u00edmbolos inexpugnables de poder se conjugan en este s\u00edmbolo de Protecci\u00f3n.<\/p>\n<p>&nbsp;<\/p>\n<p>&nbsp;<\/p>\n<p><strong>BAZAR MERLIN<\/strong><br \/>\n<strong>El Lugar M\u00e1s M\u00edstico de Guadalajara<\/strong><br \/>\n<strong>ENVIAMOS A TODO M\u00c9XICO\u2026<\/strong><\/p>\n<!-- AddThis Advanced Settings generic via filter on the_content --><!-- AddThis Share Buttons generic via filter on the_content -->","protected":false},"excerpt":{"rendered":"<p>MEDALLA TETRAGRAMAT\u00d3N DE LAS 12 TRIBUS EN ALEACI\u00d3N DE 7 METALES V\u00cdRGENES &nbsp; LOS DOCE HIJOS DE &#8220;JACOB \u00d3 ISRAEL&#8221; (los cuales son Jud\u00e1, Sime\u00f3n, Benjam\u00edn, Dan, Isacar, Zabul\u00f3n, Aser, Neftal\u00ed, Rub\u00e9n, Gad, Jos\u00e9 y Levi) recibieron cada uno una porci\u00f3n de tierra donde colocar sus propias tribus. &nbsp; S\u00f3lo hubo dos excepciones: JOS\u00c9 Y&hellip;<!-- AddThis Advanced Settings generic via filter on get_the_excerpt --><!-- AddThis Share Buttons generic via filter on get_the_excerpt --><\/p>\n","protected":false},"featured_media":10696,"template":"","meta":[],"product_cat":[12],"product_tag":[1120,1320],"_links":{"self":[{"href":"https:\/\/www.bazarmerlin.com\/inicio\/wp-json\/wp\/v2\/product\/4471"}],"collection":[{"href":"https:\/\/www.bazarmerlin.com\/inicio\/wp-json\/wp\/v2\/product"}],"about":[{"href":"https:\/\/www.bazarmerlin.com\/inicio\/wp-json\/wp\/v2\/types\/product"}],"wp:featuredmedia":[{"embeddable":true,"href":"https:\/\/www.bazarmerlin.com\/inicio\/wp-json\/wp\/v2\/media\/10696"}],"wp:attachment":[{"href":"https:\/\/www.bazarmerlin.com\/inicio\/wp-json\/wp\/v2\/media?parent=4471"}],"wp:term":[{"taxonomy":"product_cat","embeddable":true,"href":"https:\/\/www.bazarmerlin.com\/inicio\/wp-json\/wp\/v2\/product_cat?post=4471"},{"taxonomy":"product_tag","embeddable":true,"href":"https:\/\/www.bazarmerlin.com\/inicio\/wp-json\/wp\/v2\/product_tag?post=4471"}],"curies":[{"name":"wp","href":"https:\/\/api.w.org\/{rel}","templated":true}]}}