{"id":4483,"date":"2015-08-13T19:43:17","date_gmt":"2015-08-13T19:43:17","guid":{"rendered":"https:\/\/www.bazarmerlin.com\/inicio\/?post_type=product&#038;p=4483"},"modified":"2022-11-18T23:51:21","modified_gmt":"2022-11-18T23:51:21","slug":"poderosa-veladora-amor-brujo-para-atraer-la-pareja-deseada","status":"publish","type":"product","link":"https:\/\/www.bazarmerlin.com\/inicio\/producto\/poderosa-veladora-amor-brujo-para-atraer-la-pareja-deseada\/","title":{"rendered":"Poderosa Veladora Amor Brujo &#8211; Para Atraer La Pareja Deseada"},"content":{"rendered":"<p><strong>PODEROSA VELADORA &#8211; AMOR BRUJO<\/strong><br \/>\n<strong>USA ESTA VELADOR PARA ATRAER A LA PAREJA DESEADA<\/strong><\/p>\n<p>&nbsp;<\/p>\n<p>L\u00cdMPIESE con esta veladora de la cabeza a los pies, enci\u00e9ndala el d\u00eda primero de cada mes y deje que se consuma completamente rezando la siguiente ORACI\u00d3N:<\/p>\n<p>Padre Celestial, ay\u00fadame con tu coraz\u00f3n<br \/>\nmisericordioso a romper todo osbst\u00e1culo<br \/>\nque se interponga para conquistar a<br \/>\n( nombre del ser amado ).<br \/>\nY que la fuerza de nuestro amor se<br \/>\nmantenga siempre viva en tu amor.<br \/>\nAm\u00e9n.<\/p>\n<p>&nbsp;<\/p>\n<p>&nbsp;<\/p>\n<p><strong>BAZAR MERLIN\u00ae<\/strong><br \/>\n<strong>El Lugar M\u00e1s M\u00edstico de Guadalajara<\/strong><br \/>\n<strong>ENVIAMOS A TODO M\u00c9XICO<\/strong><\/p>\n<!-- AddThis Advanced Settings generic via filter on the_content --><!-- AddThis Share Buttons generic via filter on the_content -->","protected":false},"excerpt":{"rendered":"<p>PODEROSA VELADORA &#8211; AMOR BRUJO USA ESTA VELADOR PARA ATRAER A LA PAREJA DESEADA &nbsp; L\u00cdMPIESE con esta veladora de la cabeza a los pies, enci\u00e9ndala el d\u00eda primero de cada mes y deje que se consuma completamente rezando la siguiente ORACI\u00d3N: Padre Celestial, ay\u00fadame con tu coraz\u00f3n misericordioso a romper todo osbst\u00e1culo que se&hellip;<!-- AddThis Advanced Settings generic via filter on get_the_excerpt --><!-- AddThis Share Buttons generic via filter on get_the_excerpt --><\/p>\n","protected":false},"featured_media":10790,"template":"","meta":[],"product_cat":[19],"product_tag":[1327,1326],"_links":{"self":[{"href":"https:\/\/www.bazarmerlin.com\/inicio\/wp-json\/wp\/v2\/product\/4483"}],"collection":[{"href":"https:\/\/www.bazarmerlin.com\/inicio\/wp-json\/wp\/v2\/product"}],"about":[{"href":"https:\/\/www.bazarmerlin.com\/inicio\/wp-json\/wp\/v2\/types\/product"}],"wp:featuredmedia":[{"embeddable":true,"href":"https:\/\/www.bazarmerlin.com\/inicio\/wp-json\/wp\/v2\/media\/10790"}],"wp:attachment":[{"href":"https:\/\/www.bazarmerlin.com\/inicio\/wp-json\/wp\/v2\/media?parent=4483"}],"wp:term":[{"taxonomy":"product_cat","embeddable":true,"href":"https:\/\/www.bazarmerlin.com\/inicio\/wp-json\/wp\/v2\/product_cat?post=4483"},{"taxonomy":"product_tag","embeddable":true,"href":"https:\/\/www.bazarmerlin.com\/inicio\/wp-json\/wp\/v2\/product_tag?post=4483"}],"curies":[{"name":"wp","href":"https:\/\/api.w.org\/{rel}","templated":true}]}}