{"id":4486,"date":"2015-08-13T19:46:01","date_gmt":"2015-08-13T19:46:01","guid":{"rendered":"https:\/\/www.bazarmerlin.com\/inicio\/?post_type=product&#038;p=4486"},"modified":"2022-11-19T00:50:34","modified_gmt":"2022-11-19T00:50:34","slug":"poderosa-veladora-destrancadera-rompe-ataduras-y-brujerias","status":"publish","type":"product","link":"https:\/\/www.bazarmerlin.com\/inicio\/producto\/poderosa-veladora-destrancadera-rompe-ataduras-y-brujerias\/","title":{"rendered":"Poderosa Veladora Destrancadera &#8211; Rompe Ataduras Y Brujerias"},"content":{"rendered":"<p><strong>VELADORA DESTRANCADERA<\/strong><br \/>\n<strong>QUITA BLOQUEOS Y TRABAS EN TU VIDA,<\/strong><br \/>\n<strong>ATRAE DINERO, SUERTE, SALUD Y ABRE CUALQUIER CAMINO.<\/strong><\/p>\n<p>&nbsp;<\/p>\n<p>Especial para abrir los caminos hacia EL EXITO, FELICIDAD, DINERO, TRABAJO, ABUNDANCIA Y DICHA, utilizala con mucha f\u00e9. No te fallar\u00e1!<\/p>\n<p>CORTA DE INMEDIATO LA MALA SUERTE Y EMPRENDE CAMINO HACIA EL \u00c9XITO.<\/p>\n<p>DESBLOQUEA DE INMEDIATO CUALQUIER CAMINO.<\/p>\n<p>Sirve para desbloquear problemas que parec\u00edan estancados y sin soluci\u00f3n posible.<br \/>\nProporciona un cambio que nos abre una nueva visi\u00f3n y vemos el camino libre donde antes no eramos capaces de percibirlo.<\/p>\n<p>Esta veladora es capaz de cambiar a la persona si es necesario para su apertura de nuevos caminos.<\/p>\n<p>&nbsp;<\/p>\n<p>&nbsp;<\/p>\n<p><strong>BAZAR MERLIN<\/strong><br \/>\n<strong>El Lugar M\u00e1s M\u00edstico de Guadalajara<\/strong><br \/>\n<strong>ENVIAMOS A TODO M\u00c9XICO<\/strong><\/p>\n<!-- AddThis Advanced Settings generic via filter on the_content --><!-- AddThis Share Buttons generic via filter on the_content -->","protected":false},"excerpt":{"rendered":"<p>VELADORA DESTRANCADERA QUITA BLOQUEOS Y TRABAS EN TU VIDA, ATRAE DINERO, SUERTE, SALUD Y ABRE CUALQUIER CAMINO. &nbsp; Especial para abrir los caminos hacia EL EXITO, FELICIDAD, DINERO, TRABAJO, ABUNDANCIA Y DICHA, utilizala con mucha f\u00e9. No te fallar\u00e1! CORTA DE INMEDIATO LA MALA SUERTE Y EMPRENDE CAMINO HACIA EL \u00c9XITO. DESBLOQUEA DE INMEDIATO CUALQUIER&hellip;<!-- AddThis Advanced Settings generic via filter on get_the_excerpt --><!-- AddThis Share Buttons generic via filter on get_the_excerpt --><\/p>\n","protected":false},"featured_media":10794,"template":"","meta":[],"product_cat":[19],"product_tag":[1328,1329],"_links":{"self":[{"href":"https:\/\/www.bazarmerlin.com\/inicio\/wp-json\/wp\/v2\/product\/4486"}],"collection":[{"href":"https:\/\/www.bazarmerlin.com\/inicio\/wp-json\/wp\/v2\/product"}],"about":[{"href":"https:\/\/www.bazarmerlin.com\/inicio\/wp-json\/wp\/v2\/types\/product"}],"wp:featuredmedia":[{"embeddable":true,"href":"https:\/\/www.bazarmerlin.com\/inicio\/wp-json\/wp\/v2\/media\/10794"}],"wp:attachment":[{"href":"https:\/\/www.bazarmerlin.com\/inicio\/wp-json\/wp\/v2\/media?parent=4486"}],"wp:term":[{"taxonomy":"product_cat","embeddable":true,"href":"https:\/\/www.bazarmerlin.com\/inicio\/wp-json\/wp\/v2\/product_cat?post=4486"},{"taxonomy":"product_tag","embeddable":true,"href":"https:\/\/www.bazarmerlin.com\/inicio\/wp-json\/wp\/v2\/product_tag?post=4486"}],"curies":[{"name":"wp","href":"https:\/\/api.w.org\/{rel}","templated":true}]}}