{"id":4489,"date":"2022-05-12T12:51:17","date_gmt":"2022-05-12T12:51:17","guid":{"rendered":"https:\/\/www.bazarmerlin.com\/inicio\/?post_type=product&#038;p=4489"},"modified":"2022-12-08T22:36:51","modified_gmt":"2022-12-08T22:36:51","slug":"esencia-de-sandalo-super-concentrada-importada-de-la-india","status":"publish","type":"product","link":"https:\/\/www.bazarmerlin.com\/inicio\/producto\/esencia-de-sandalo-super-concentrada-importada-de-la-india\/","title":{"rendered":"Perfume De S\u00e1ndalo &#8211; Super Concentrado Importado De La India"},"content":{"rendered":"<p><strong>Perfume S\u00e1ndalo Tradicional Importado De La India 100% Concentrado<\/strong><\/p>\n<p>EL PODEROSO PERFUME DE S\u00c1NDALO AYUARA A ATRAER A TU VIDA SUERTE, PROTECCI\u00d3N Y \u00c9XITO EN TODO LO QUE EMPRENDAS.<\/p>\n<p>ANCESTRAL PERFUME DE S\u00c1NDALO. El aroma de s\u00e1ndalo es pesado, fuerte y exquisito. Elaborado con extracto 100% natural y concentrado de la india. Exquisito aroma duradero, usado por hombres y mujeres que cambie su vida a \u00e9xito por el poder y magnetismo de la esencia.<\/p>\n<p>El Sandalo es una plata ancestral elaborada de las cortesas de la planta del mismo nombre. Posee un aroma muy fuerte con un ex\u00f3tico toque que recuerda a la fina madera de la INDIA.<\/p>\n<p>Esta exquisita esencia ayudara a equilibrar tu energ\u00eda y campo \u00e1urico abriendo caminos EN TODO LO QUE EMPRENDAS COMO \u00c9XITO, AMOR, DINERO, SALUD Y PROTECCI\u00d3N CONTRA CUALQUIER DA\u00d1O. Esto debido a su magnetismo que ayuda a activar la energ\u00eda de los chakras y equilibrar tu campo \u00e1urico.<\/p>\n<p>&nbsp;<\/p>\n<p>&nbsp;<\/p>\n<p><strong>BAZAR MERLIN<\/strong><br \/>\n<strong>El Lugar M\u00e1s M\u00edstico de Guadalajara<\/strong><br \/>\n<strong>ENVIAMOS A TODO M\u00c9XICO&#8230;<\/strong><\/p>\n<!-- AddThis Advanced Settings generic via filter on the_content --><!-- AddThis Share Buttons generic via filter on the_content -->","protected":false},"excerpt":{"rendered":"<p>Perfume S\u00e1ndalo Tradicional Importado De La India 100% Concentrado EL PODEROSO PERFUME DE S\u00c1NDALO AYUARA A ATRAER A TU VIDA SUERTE, PROTECCI\u00d3N Y \u00c9XITO EN TODO LO QUE EMPRENDAS. ANCESTRAL PERFUME DE S\u00c1NDALO. El aroma de s\u00e1ndalo es pesado, fuerte y exquisito. Elaborado con extracto 100% natural y concentrado de la india. Exquisito aroma duradero,&hellip;<!-- AddThis Advanced Settings generic via filter on get_the_excerpt --><!-- AddThis Share Buttons generic via filter on get_the_excerpt --><\/p>\n","protected":false},"featured_media":11022,"template":"","meta":[],"product_cat":[20],"product_tag":[39,1330],"_links":{"self":[{"href":"https:\/\/www.bazarmerlin.com\/inicio\/wp-json\/wp\/v2\/product\/4489"}],"collection":[{"href":"https:\/\/www.bazarmerlin.com\/inicio\/wp-json\/wp\/v2\/product"}],"about":[{"href":"https:\/\/www.bazarmerlin.com\/inicio\/wp-json\/wp\/v2\/types\/product"}],"wp:featuredmedia":[{"embeddable":true,"href":"https:\/\/www.bazarmerlin.com\/inicio\/wp-json\/wp\/v2\/media\/11022"}],"wp:attachment":[{"href":"https:\/\/www.bazarmerlin.com\/inicio\/wp-json\/wp\/v2\/media?parent=4489"}],"wp:term":[{"taxonomy":"product_cat","embeddable":true,"href":"https:\/\/www.bazarmerlin.com\/inicio\/wp-json\/wp\/v2\/product_cat?post=4489"},{"taxonomy":"product_tag","embeddable":true,"href":"https:\/\/www.bazarmerlin.com\/inicio\/wp-json\/wp\/v2\/product_tag?post=4489"}],"curies":[{"name":"wp","href":"https:\/\/api.w.org\/{rel}","templated":true}]}}