{"id":4492,"date":"2015-08-13T19:51:09","date_gmt":"2015-08-13T19:51:09","guid":{"rendered":"https:\/\/www.bazarmerlin.com\/inicio\/?post_type=product&#038;p=4492"},"modified":"2022-11-01T23:49:42","modified_gmt":"2022-11-01T23:49:42","slug":"dije-nombres-de-dios-en-hebreo-plata-fina-para-proteccion","status":"publish","type":"product","link":"https:\/\/www.bazarmerlin.com\/inicio\/producto\/dije-nombres-de-dios-en-hebreo-plata-fina-para-proteccion\/","title":{"rendered":"Dije Nombres De Dios En Hebreo &#8211; Plata Fina\/ Para Proteccion"},"content":{"rendered":"<p><strong>DIJE DE LOS 72 NOMBRES DE DIOS EN HEBREO<\/strong><br \/>\n<strong>HECHO A MANO EN FINA PLATA .925\u00a0<\/strong><\/p>\n<p>&nbsp;<\/p>\n<p>Talism\u00e1n de PROTECCI\u00d3N CONTRA MALEFICIOS .<\/p>\n<p>La ilimitada Luz divina posee innumerables aspectos. Para la c\u00e1bala son especialmente importantes ellos, mejor conocidos como los Nombres Celestiales de Dios. los cuales est\u00e1n formados por la combinaci\u00f3n de letras hebreas. Cada uno de estos nombres representan una ENERG\u00cdA DIVINA que brinda ayuda a la humanidad e ilumina las diversas facetas de la vida del ser humano, como el AMOR, la FELICIDAD, la PROSPERIDAD y la SALUD. Para conectarnos y traer a nuestra a nuestra vida diaria estas energ\u00edas, basta con mirar las letras y visualizarlas con los ojos cerrados para que se concedan todos NUESTROS DESEOS&#8230;..<\/p>\n<p>La Kabbalah ense\u00f1a que todo ser humano comparte el mismo prop\u00f3sito m\u00e1ximo en la vida que es recibir la felicidad y plenitud total que Dios desea para nosotros. Pero mientras que esto f\u00e1cil de decir, la realidad es que se necesita un verdadero trabajo espiritual para ELIMINAR TENDENCIAS NEGATIVAS QUE NOS PRIVAN DE LOS REGALOS DE LA VIDA.<\/p>\n<p>TAMA\u00d1O APROXIMADO DE 3 CMS DE ANCHO X 4 CMS DE ALTO INCLUYENDO PASA CADENA<\/p>\n<p>&nbsp;<\/p>\n<p>&nbsp;<\/p>\n<p><strong>BAZAR\u00a0<\/strong><b>MERL\u00cdN<\/b><br \/>\n<strong>El Lugar M\u00e1s M\u00edstico de Guadalajara<\/strong><br \/>\n<strong>ENVIAMOS A TODO M\u00c9XICO<\/strong><\/p>\n<!-- AddThis Advanced Settings generic via filter on the_content --><!-- AddThis Share Buttons generic via filter on the_content -->","protected":false},"excerpt":{"rendered":"<p>DIJE DE LOS 72 NOMBRES DE DIOS EN HEBREO HECHO A MANO EN FINA PLATA .925\u00a0 &nbsp; Talism\u00e1n de PROTECCI\u00d3N CONTRA MALEFICIOS . La ilimitada Luz divina posee innumerables aspectos. Para la c\u00e1bala son especialmente importantes ellos, mejor conocidos como los Nombres Celestiales de Dios. los cuales est\u00e1n formados por la combinaci\u00f3n de letras hebreas.&hellip;<!-- AddThis Advanced Settings generic via filter on get_the_excerpt --><!-- AddThis Share Buttons generic via filter on get_the_excerpt --><\/p>\n","protected":false},"featured_media":10622,"template":"","meta":[],"product_cat":[12],"product_tag":[1331,1333,1332],"_links":{"self":[{"href":"https:\/\/www.bazarmerlin.com\/inicio\/wp-json\/wp\/v2\/product\/4492"}],"collection":[{"href":"https:\/\/www.bazarmerlin.com\/inicio\/wp-json\/wp\/v2\/product"}],"about":[{"href":"https:\/\/www.bazarmerlin.com\/inicio\/wp-json\/wp\/v2\/types\/product"}],"wp:featuredmedia":[{"embeddable":true,"href":"https:\/\/www.bazarmerlin.com\/inicio\/wp-json\/wp\/v2\/media\/10622"}],"wp:attachment":[{"href":"https:\/\/www.bazarmerlin.com\/inicio\/wp-json\/wp\/v2\/media?parent=4492"}],"wp:term":[{"taxonomy":"product_cat","embeddable":true,"href":"https:\/\/www.bazarmerlin.com\/inicio\/wp-json\/wp\/v2\/product_cat?post=4492"},{"taxonomy":"product_tag","embeddable":true,"href":"https:\/\/www.bazarmerlin.com\/inicio\/wp-json\/wp\/v2\/product_tag?post=4492"}],"curies":[{"name":"wp","href":"https:\/\/api.w.org\/{rel}","templated":true}]}}