{"id":450,"date":"2015-06-26T19:28:23","date_gmt":"2015-06-26T19:28:23","guid":{"rendered":"https:\/\/www.bazarmerlin.com\/inicio\/?post_type=product&#038;p=450"},"modified":"2022-12-03T00:14:41","modified_gmt":"2022-12-03T00:14:41","slug":"locion-contra-embrujos-y-energias-negativas","status":"publish","type":"product","link":"https:\/\/www.bazarmerlin.com\/inicio\/producto\/locion-contra-embrujos-y-energias-negativas\/","title":{"rendered":"Loci\u00f3n Contra Embrujos Y Energ\u00edas Negativas"},"content":{"rendered":"<p><strong>LOCI\u00d3N CONTRA EMBRUJOS<\/strong><br \/>\n<strong>Retira Trabajo Negro Y Toda Brujer\u00eda<\/strong><\/p>\n<p>&nbsp;<\/p>\n<p>PODEROSA LOCI\u00d3N CONTRA EMBRUJOS, QUITA TODO TIPO DE TRABAJO DE BRUJER\u00cdA Y HECHICER\u00cdA.<\/p>\n<p>LOCI\u00d3N CONTRA EMBRUJOS El aroma de este poderoso perfume, fuerte y exquisito. Elaborado con extracto 100% natural y concentrado de la india. Exquisito aroma duradero, usado por hombres y mujeres que cambie su vida a \u00e9xito por el poder y magnetismo de la esencia.<\/p>\n<p>Te ayudara a quitar todo tipo de trabajo de magia negra como brujer\u00eda, por su calidad y preparaci\u00f3n la puedes usar en tu cuerpo, en tu ropa, en tu casa o negocio para equilibrar tu energ\u00eda y campo \u00e1urico debida a su exquisita reparaci\u00f3n santera, apl\u00edcala con mucha fe y tu vida cambiara de una vez por todo.<\/p>\n<p>Este poderosa loci\u00f3n esta elaborado totalmente a mano y preparado especialmente para ti bajo un ritual muy poderoso de activaci\u00f3n y de verdadera alta magia.<\/p>\n<p>&nbsp;<\/p>\n<p>&nbsp;<\/p>\n<p>&nbsp;<\/p>\n<p><strong>BAZAR MERL\u00cdN<\/strong><br \/>\n<strong>El Lugar M\u00e1s M\u00edstico de Guadalajara<\/strong><br \/>\n<strong>ENVIAMOS A TODO M\u00c9XICO <\/strong><\/p>\n<!-- AddThis Advanced Settings generic via filter on the_content --><!-- AddThis Share Buttons generic via filter on the_content -->","protected":false},"excerpt":{"rendered":"<p>LOCI\u00d3N CONTRA EMBRUJOS Retira Trabajo Negro Y Toda Brujer\u00eda &nbsp; PODEROSA LOCI\u00d3N CONTRA EMBRUJOS, QUITA TODO TIPO DE TRABAJO DE BRUJER\u00cdA Y HECHICER\u00cdA. LOCI\u00d3N CONTRA EMBRUJOS El aroma de este poderoso perfume, fuerte y exquisito. Elaborado con extracto 100% natural y concentrado de la india. Exquisito aroma duradero, usado por hombres y mujeres que cambie&hellip;<!-- AddThis Advanced Settings generic via filter on get_the_excerpt --><!-- AddThis Share Buttons generic via filter on get_the_excerpt --><\/p>\n","protected":false},"featured_media":10952,"template":"","meta":[],"product_cat":[20],"product_tag":[563],"_links":{"self":[{"href":"https:\/\/www.bazarmerlin.com\/inicio\/wp-json\/wp\/v2\/product\/450"}],"collection":[{"href":"https:\/\/www.bazarmerlin.com\/inicio\/wp-json\/wp\/v2\/product"}],"about":[{"href":"https:\/\/www.bazarmerlin.com\/inicio\/wp-json\/wp\/v2\/types\/product"}],"wp:featuredmedia":[{"embeddable":true,"href":"https:\/\/www.bazarmerlin.com\/inicio\/wp-json\/wp\/v2\/media\/10952"}],"wp:attachment":[{"href":"https:\/\/www.bazarmerlin.com\/inicio\/wp-json\/wp\/v2\/media?parent=450"}],"wp:term":[{"taxonomy":"product_cat","embeddable":true,"href":"https:\/\/www.bazarmerlin.com\/inicio\/wp-json\/wp\/v2\/product_cat?post=450"},{"taxonomy":"product_tag","embeddable":true,"href":"https:\/\/www.bazarmerlin.com\/inicio\/wp-json\/wp\/v2\/product_tag?post=450"}],"curies":[{"name":"wp","href":"https:\/\/api.w.org\/{rel}","templated":true}]}}