{"id":4501,"date":"2015-08-13T19:58:24","date_gmt":"2015-08-13T19:58:24","guid":{"rendered":"https:\/\/www.bazarmerlin.com\/inicio\/?post_type=product&#038;p=4501"},"modified":"2023-01-04T22:08:50","modified_gmt":"2023-01-04T22:08:50","slug":"piramide-con-cuarzos-armoniza-y-purifica-tu-casa-8cm-x-9cm","status":"publish","type":"product","link":"https:\/\/www.bazarmerlin.com\/inicio\/producto\/piramide-con-cuarzos-armoniza-y-purifica-tu-casa-8cm-x-9cm\/","title":{"rendered":"Piramide Con Cuarzos &#8211; Armoniza Y Purifica Tu Casa 8cm X 9cm"},"content":{"rendered":"<p><strong>PIR\u00c1MIDE CON CUARZOS<\/strong><br \/>\n<strong>PARA ATRAER ENERG\u00cdA POSITIVA Y ARMONIZAR<\/strong><\/p>\n<p>&nbsp;<\/p>\n<p>DIMENSIONES: 8cm Altura 9cm de Ancho<\/p>\n<p>LAS PIR\u00c1MIDES DE CRISTALES DE CUARZO unifican las energ\u00edas propias del tipo de cuarzo mas por la forma geom\u00e9trica de la pir\u00e1mide, siempre hay que ubicar una de las caras de la pir\u00e1mide al norte por lo que las otras caras quedan ya en si orientadas.<\/p>\n<p>UNA PIR\u00c1MIDE se utiliza en una persona para armonizar su cuerpo con la energ\u00eda universal o energ\u00eda del planeta, tambi\u00e9n se armoniza una habitaci\u00f3n o un negocio, incluso poniendo debajo una foto podemos influenciar a una persona, cosa o situaci\u00f3n.<\/p>\n<p>As\u00ed como dar empuje a nuestros deseos siempre y cuando sean deseos positivos en armon\u00eda con la naturaleza, obviamente la influencia de los colores es vital.<\/p>\n<p>&nbsp;<\/p>\n<p>&nbsp;<\/p>\n<p><strong>BAZAR MERLIN<\/strong><br \/>\n<strong>El Lugar M\u00e1s M\u00edstico de Guadalajara<\/strong><br \/>\n<strong>ENVIAMOS A TODO M\u00c9XICO&#8230;<\/strong><\/p>\n<!-- AddThis Advanced Settings generic via filter on the_content --><!-- AddThis Share Buttons generic via filter on the_content -->","protected":false},"excerpt":{"rendered":"<p>PIR\u00c1MIDE CON CUARZOS PARA ATRAER ENERG\u00cdA POSITIVA Y ARMONIZAR &nbsp; DIMENSIONES: 8cm Altura 9cm de Ancho LAS PIR\u00c1MIDES DE CRISTALES DE CUARZO unifican las energ\u00edas propias del tipo de cuarzo mas por la forma geom\u00e9trica de la pir\u00e1mide, siempre hay que ubicar una de las caras de la pir\u00e1mide al norte por lo que las&hellip;<!-- AddThis Advanced Settings generic via filter on get_the_excerpt --><!-- AddThis Share Buttons generic via filter on get_the_excerpt --><\/p>\n","protected":false},"featured_media":11345,"template":"","meta":[],"product_cat":[11],"product_tag":[1337,1336],"_links":{"self":[{"href":"https:\/\/www.bazarmerlin.com\/inicio\/wp-json\/wp\/v2\/product\/4501"}],"collection":[{"href":"https:\/\/www.bazarmerlin.com\/inicio\/wp-json\/wp\/v2\/product"}],"about":[{"href":"https:\/\/www.bazarmerlin.com\/inicio\/wp-json\/wp\/v2\/types\/product"}],"wp:featuredmedia":[{"embeddable":true,"href":"https:\/\/www.bazarmerlin.com\/inicio\/wp-json\/wp\/v2\/media\/11345"}],"wp:attachment":[{"href":"https:\/\/www.bazarmerlin.com\/inicio\/wp-json\/wp\/v2\/media?parent=4501"}],"wp:term":[{"taxonomy":"product_cat","embeddable":true,"href":"https:\/\/www.bazarmerlin.com\/inicio\/wp-json\/wp\/v2\/product_cat?post=4501"},{"taxonomy":"product_tag","embeddable":true,"href":"https:\/\/www.bazarmerlin.com\/inicio\/wp-json\/wp\/v2\/product_tag?post=4501"}],"curies":[{"name":"wp","href":"https:\/\/api.w.org\/{rel}","templated":true}]}}