{"id":4507,"date":"2015-08-14T17:30:00","date_gmt":"2015-08-14T17:30:00","guid":{"rendered":"https:\/\/www.bazarmerlin.com\/inicio\/?post_type=product&#038;p=4507"},"modified":"2022-12-21T00:44:44","modified_gmt":"2022-12-21T00:44:44","slug":"libro-la-clave-de-la-teosofia-h-p-blavatsky","status":"publish","type":"product","link":"https:\/\/www.bazarmerlin.com\/inicio\/producto\/libro-la-clave-de-la-teosofia-h-p-blavatsky\/","title":{"rendered":"Libro La Clave De La Teosofia &#8211; H.p. Blavatsky"},"content":{"rendered":"<p><strong>LA CLAVE DE LA TEOSOF\u00cdA<\/strong><br \/>\n<strong>Autor: H. P. Blavatsky<\/strong><\/p>\n<p>352 p\u00e1ginas<\/p>\n<p>\u201cLa Clave de la Teosof\u00eda\u201d es un texto imprescindible para toda persona en la b\u00fasqueda de las verdades esot\u00e9ricas. Helena Petrovna Blavatsky o H.P.B. presenta, en este libro, las ense\u00f1anzas ocultas m\u00e1s rec\u00f3nditas de manera accesible a todos.<\/p>\n<p>Mediante un m\u00e9todo de preguntas y respuestas, introduce al lector en un mundo metaf\u00edsico luminoso, donde al estudiante se le dan los instrumentos para que \u00e9l comience a tomar se evoluci\u00f3n en sus propias manos, descifrando los grandes misterios de la vida: \u00bfde d\u00f3nde venimos?; \u00bfpor qu\u00e9 sufrimos?; \u00bfqu\u00e9 acontece despu\u00e9s de la muerte?; \u00bfes la Reencarnaci\u00f3n una realidad?; \u00bfqu\u00e9 papel desempe\u00f1a el Karma en nuestras vida?, etc., etc.<\/p>\n<p>H.P.B, sin jam\u00e1s interferir con el libre albedr\u00edo del estudiante, le presenta unas ense\u00f1anzas universales que luego, si \u00e9l quiere, puede poner en pr\u00e1ctica para mantener abierto un flujo de conciencias divina no s\u00f3lo en esta vida, sino tambi\u00e9n en las futuras.<\/p>\n<p>&nbsp;<\/p>\n<p>&nbsp;<\/p>\n<p><strong>BAZAR MERL\u00cdN\u00ae<\/strong><br \/>\n<strong>El Lugar M\u00e1s M\u00edstico de Guadalajara<\/strong><br \/>\n<strong>ENVIAMOS A TODO M\u00c9XICO<\/strong><\/p>\n<!-- AddThis Advanced Settings generic via filter on the_content --><!-- AddThis Share Buttons generic via filter on the_content -->","protected":false},"excerpt":{"rendered":"<p>LA CLAVE DE LA TEOSOF\u00cdA Autor: H. P. Blavatsky 352 p\u00e1ginas \u201cLa Clave de la Teosof\u00eda\u201d es un texto imprescindible para toda persona en la b\u00fasqueda de las verdades esot\u00e9ricas. Helena Petrovna Blavatsky o H.P.B. presenta, en este libro, las ense\u00f1anzas ocultas m\u00e1s rec\u00f3nditas de manera accesible a todos. Mediante un m\u00e9todo de preguntas y&hellip;<!-- AddThis Advanced Settings generic via filter on get_the_excerpt --><!-- AddThis Share Buttons generic via filter on get_the_excerpt --><\/p>\n","protected":false},"featured_media":11201,"template":"","meta":[],"product_cat":[13],"product_tag":[1339,1338],"_links":{"self":[{"href":"https:\/\/www.bazarmerlin.com\/inicio\/wp-json\/wp\/v2\/product\/4507"}],"collection":[{"href":"https:\/\/www.bazarmerlin.com\/inicio\/wp-json\/wp\/v2\/product"}],"about":[{"href":"https:\/\/www.bazarmerlin.com\/inicio\/wp-json\/wp\/v2\/types\/product"}],"wp:featuredmedia":[{"embeddable":true,"href":"https:\/\/www.bazarmerlin.com\/inicio\/wp-json\/wp\/v2\/media\/11201"}],"wp:attachment":[{"href":"https:\/\/www.bazarmerlin.com\/inicio\/wp-json\/wp\/v2\/media?parent=4507"}],"wp:term":[{"taxonomy":"product_cat","embeddable":true,"href":"https:\/\/www.bazarmerlin.com\/inicio\/wp-json\/wp\/v2\/product_cat?post=4507"},{"taxonomy":"product_tag","embeddable":true,"href":"https:\/\/www.bazarmerlin.com\/inicio\/wp-json\/wp\/v2\/product_tag?post=4507"}],"curies":[{"name":"wp","href":"https:\/\/api.w.org\/{rel}","templated":true}]}}