{"id":4525,"date":"2015-08-14T17:52:21","date_gmt":"2015-08-14T17:52:21","guid":{"rendered":"https:\/\/www.bazarmerlin.com\/inicio\/?post_type=product&#038;p=4525"},"modified":"2022-11-22T23:39:36","modified_gmt":"2022-11-22T23:39:36","slug":"poderosa-veladora-ven-dinero-atrae-abundancia-y-trabajo","status":"publish","type":"product","link":"https:\/\/www.bazarmerlin.com\/inicio\/producto\/poderosa-veladora-ven-dinero-atrae-abundancia-y-trabajo\/","title":{"rendered":"Poderosa Veladora Ven Dinero &#8211; Atrae Abundancia Y Trabajo"},"content":{"rendered":"<p><strong>VELADORA COMPUESTA VEN DINERO<\/strong><\/p>\n<p>&nbsp;<\/p>\n<p>* PROTECCI\u00d3N DEL DINERO<br \/>\n* ATRACCI\u00d3N DEL DINERO<br \/>\n* PRONTO DINERO<br \/>\n* MEJOR VIDA<br \/>\n* M\u00c1S DINERO<\/p>\n<p>LA MAGIA DE LAS VELAS Y VELADORAS, ADEM\u00c1S DE LOS CIRIOS se remonta a mucho tiempo atr\u00e1s, practic\u00e1ndose primero con antorchas y despues con velas, cirios y veladoras<\/p>\n<p>LA OFRENDA DE ESTA PODEROSA VELADORA es entregar la energ\u00eda pura al creador para poder quitar cualquier bloqueo que tengamos puesto y que NOS AYUDE A ABRIRNOS LAS PUERTAS A LA ABUNDANCIA Y AL \u00c9XITO<\/p>\n<p>ESTA VELADORA EST\u00c1 PREPARADA POR EXPERTOS, CONOCEDORES DE LA MAGIA VERDADERA CON RITUALES MUY ESPECIALES COMO TAMBIEN VELADA Y PROGRAMADA PARA QUE LA ABUNDANCIA LLEGUE A NOSOTROS<\/p>\n<p>&nbsp;<\/p>\n<p>&nbsp;<\/p>\n<p><strong>BAZAR MERL\u00cdN<\/strong><br \/>\n<strong>El Lugar M\u00e1s M\u00edstico de Guadalajara<\/strong><br \/>\n<strong>ENVIAMOS A TODO M\u00c9XICO<\/strong><\/p>\n<!-- AddThis Advanced Settings generic via filter on the_content --><!-- AddThis Share Buttons generic via filter on the_content -->","protected":false},"excerpt":{"rendered":"<p>VELADORA COMPUESTA VEN DINERO &nbsp; * PROTECCI\u00d3N DEL DINERO * ATRACCI\u00d3N DEL DINERO * PRONTO DINERO * MEJOR VIDA * M\u00c1S DINERO LA MAGIA DE LAS VELAS Y VELADORAS, ADEM\u00c1S DE LOS CIRIOS se remonta a mucho tiempo atr\u00e1s, practic\u00e1ndose primero con antorchas y despues con velas, cirios y veladoras LA OFRENDA DE ESTA PODEROSA&hellip;<!-- AddThis Advanced Settings generic via filter on get_the_excerpt --><!-- AddThis Share Buttons generic via filter on get_the_excerpt --><\/p>\n","protected":false},"featured_media":10806,"template":"","meta":[],"product_cat":[19],"product_tag":[1348,1347],"_links":{"self":[{"href":"https:\/\/www.bazarmerlin.com\/inicio\/wp-json\/wp\/v2\/product\/4525"}],"collection":[{"href":"https:\/\/www.bazarmerlin.com\/inicio\/wp-json\/wp\/v2\/product"}],"about":[{"href":"https:\/\/www.bazarmerlin.com\/inicio\/wp-json\/wp\/v2\/types\/product"}],"wp:featuredmedia":[{"embeddable":true,"href":"https:\/\/www.bazarmerlin.com\/inicio\/wp-json\/wp\/v2\/media\/10806"}],"wp:attachment":[{"href":"https:\/\/www.bazarmerlin.com\/inicio\/wp-json\/wp\/v2\/media?parent=4525"}],"wp:term":[{"taxonomy":"product_cat","embeddable":true,"href":"https:\/\/www.bazarmerlin.com\/inicio\/wp-json\/wp\/v2\/product_cat?post=4525"},{"taxonomy":"product_tag","embeddable":true,"href":"https:\/\/www.bazarmerlin.com\/inicio\/wp-json\/wp\/v2\/product_tag?post=4525"}],"curies":[{"name":"wp","href":"https:\/\/api.w.org\/{rel}","templated":true}]}}