{"id":4528,"date":"2015-08-14T17:54:48","date_gmt":"2015-08-14T17:54:48","guid":{"rendered":"https:\/\/www.bazarmerlin.com\/inicio\/?post_type=product&#038;p=4528"},"modified":"2022-12-08T21:36:36","modified_gmt":"2022-12-08T21:36:36","slug":"perfume-de-la-santa-muerte-abundancia-y-proteccion","status":"publish","type":"product","link":"https:\/\/www.bazarmerlin.com\/inicio\/producto\/perfume-de-la-santa-muerte-abundancia-y-proteccion\/","title":{"rendered":"Perfume De La Santa Muerte &#8211; Abundancia Y Proteccion"},"content":{"rendered":"<h3><strong>PERFUME SANTA MUERTE<\/strong><\/h3>\n<p><strong>Abundancia y Protecci\u00f3n &#8211; El Mejor Medio para Conseguir lo que Desees<\/strong><\/p>\n<p>&nbsp;<\/p>\n<p>Te Ayudara a Traer a Tu Vida:<br \/>\nABUNDANCIA, PROTECCI\u00d3N, OPORTUNIDADES Y ABRIRTE CAMINOS.<\/p>\n<p>Para que todo llegue de manera mas f\u00e1cil a tu vida!<br \/>\n\u00dasalo con fervor Ardiente y Poder Virtuoso.<\/p>\n<p>Aplicala en donde tu prefieras :<br \/>\n-Cuerpo<br \/>\n-Ropa<br \/>\n-Im\u00e1genes<br \/>\n-Casas<br \/>\n-Auto, etc.<\/p>\n<p>Te Abrir\u00e1 todo Camino y tendr\u00e1s \u00c9xito y Abundancia , sera Luz en tu Vida y Prosperaras en todo lo que sea Negativo. Sera Reversible todo lo Malo de quien Venga.<\/p>\n<p>ORACI\u00d3N DE LA SANT\u00cdSIMA MUERTE.<br \/>\nInclino mi cuerpo a ti mi Se\u00f1ora Santa, agua te traigo y flores amarillas, incienso y tierra de la que vine.<br \/>\nHaz con tus pensamientos iluminados que el orden del mundo se geste de tal manera que la suerte y la fortuna crucen su camino con el mio.<br \/>\nPermite que las causas acaricien los efectos, conserva la llama encendida y corta con tu fuerza los hilos de la amargura de mi ser.<\/p>\n<p>Muerte m\u00eda yo he de agradecer, arboles en un bosque sembrare y tu altar perfumare.<br \/>\nPongo este cesto a tus pies, para ofrecer a tu piadosa mirada los frutos que genere tu voluntad hacia mi.<\/p>\n<p>&nbsp;<\/p>\n<p>&nbsp;<\/p>\n<p><strong>BAZAR MERL\u00cdN\u00ae<\/strong><br \/>\n<strong>El Lugar M\u00e1s M\u00edstico de Guadalajara<\/strong><br \/>\n<strong>ENVIAMOS A TODO M\u00c9XICO<\/strong><\/p>\n<!-- AddThis Advanced Settings generic via filter on the_content --><!-- AddThis Share Buttons generic via filter on the_content -->","protected":false},"excerpt":{"rendered":"<p>PERFUME SANTA MUERTE Abundancia y Protecci\u00f3n &#8211; El Mejor Medio para Conseguir lo que Desees &nbsp; Te Ayudara a Traer a Tu Vida: ABUNDANCIA, PROTECCI\u00d3N, OPORTUNIDADES Y ABRIRTE CAMINOS. Para que todo llegue de manera mas f\u00e1cil a tu vida! \u00dasalo con fervor Ardiente y Poder Virtuoso. Aplicala en donde tu prefieras : -Cuerpo -Ropa&hellip;<!-- AddThis Advanced Settings generic via filter on get_the_excerpt --><!-- AddThis Share Buttons generic via filter on get_the_excerpt --><\/p>\n","protected":false},"featured_media":11017,"template":"","meta":[],"product_cat":[20],"product_tag":[490,1349],"_links":{"self":[{"href":"https:\/\/www.bazarmerlin.com\/inicio\/wp-json\/wp\/v2\/product\/4528"}],"collection":[{"href":"https:\/\/www.bazarmerlin.com\/inicio\/wp-json\/wp\/v2\/product"}],"about":[{"href":"https:\/\/www.bazarmerlin.com\/inicio\/wp-json\/wp\/v2\/types\/product"}],"wp:featuredmedia":[{"embeddable":true,"href":"https:\/\/www.bazarmerlin.com\/inicio\/wp-json\/wp\/v2\/media\/11017"}],"wp:attachment":[{"href":"https:\/\/www.bazarmerlin.com\/inicio\/wp-json\/wp\/v2\/media?parent=4528"}],"wp:term":[{"taxonomy":"product_cat","embeddable":true,"href":"https:\/\/www.bazarmerlin.com\/inicio\/wp-json\/wp\/v2\/product_cat?post=4528"},{"taxonomy":"product_tag","embeddable":true,"href":"https:\/\/www.bazarmerlin.com\/inicio\/wp-json\/wp\/v2\/product_tag?post=4528"}],"curies":[{"name":"wp","href":"https:\/\/api.w.org\/{rel}","templated":true}]}}