{"id":4555,"date":"2015-08-14T18:22:26","date_gmt":"2015-08-14T18:22:26","guid":{"rendered":"https:\/\/www.bazarmerlin.com\/inicio\/?post_type=product&#038;p=4555"},"modified":"2023-01-04T22:47:47","modified_gmt":"2023-01-04T22:47:47","slug":"punta-de-cuarzo-rosa-7-caras-13-cm-altura","status":"publish","type":"product","link":"https:\/\/www.bazarmerlin.com\/inicio\/producto\/punta-de-cuarzo-rosa-7-caras-13-cm-altura\/","title":{"rendered":"Punta De Cuarzo Rosa &#8211; 7 Caras 13 Cm Altura"},"content":{"rendered":"<p><strong>PUNTA DE CUARZO ROSA 7 LADOS<\/strong><br \/>\n<strong>MEDIDA: 13 CM ALTURA 2.5 CM ANCHO<\/strong><\/p>\n<p>&nbsp;<\/p>\n<p>Se llama &#8220;PIEDRA DEL AMOR&#8221; y cura todos aquellos males relacionados con el coraz\u00f3n tanto en un sentido f\u00edsico como ps\u00edquico.<\/p>\n<p>ESTIMULA EL AMOR. ES MUY \u00daTIL PARA AQUELLAS PERSONAS QUE NO PUEDEN AMAR.<\/p>\n<p>Lo mejor para concentrarse a nivel de ser real.<\/p>\n<p>ES CONSIDERADA LA PIEDRA DEL AMOR (piedra del amor sagrado en el antiguo Egipto). Sana heridas sentimentales, aplaca dolores por p\u00e9rdidas o lejan\u00eda de seres amados, fortalece el v\u00f3rtice energ\u00e9tico card\u00edaco, (chakra del coraz\u00f3n). Previene trastornos card\u00edacos renales. Promueve el amor incondicional hacia nosotros mismos y hacia otros. Corrige desequilibrios sexuales y emocionales. Ayuda a sanar relaciones dif\u00edciles entre parejas. Elimina tensiones y equilibra problemas de neurosis. Estimula la creatividad y la intuici\u00f3n. Ejerce un efecto sedante en quien la usa y su frecuencia calmante tiene gran poder cuando se lleva encima sobre el centro card\u00edaco.<\/p>\n<p>&nbsp;<\/p>\n<p>&nbsp;<\/p>\n<p>&nbsp;<\/p>\n<p><strong>BAZAR MERLIN<\/strong><br \/>\n<strong>El Lugar M\u00e1s M\u00edstico de Guadalajara<\/strong><br \/>\n<strong>ENVIAMOS A TODO M\u00c9XICO&#8230;<\/strong><\/p>\n<!-- AddThis Advanced Settings generic via filter on the_content --><!-- AddThis Share Buttons generic via filter on the_content -->","protected":false},"excerpt":{"rendered":"<p>PUNTA DE CUARZO ROSA 7 LADOS MEDIDA: 13 CM ALTURA 2.5 CM ANCHO &nbsp; Se llama &#8220;PIEDRA DEL AMOR&#8221; y cura todos aquellos males relacionados con el coraz\u00f3n tanto en un sentido f\u00edsico como ps\u00edquico. ESTIMULA EL AMOR. ES MUY \u00daTIL PARA AQUELLAS PERSONAS QUE NO PUEDEN AMAR. Lo mejor para concentrarse a nivel de&hellip;<!-- AddThis Advanced Settings generic via filter on get_the_excerpt --><!-- AddThis Share Buttons generic via filter on get_the_excerpt --><\/p>\n","protected":false},"featured_media":11350,"template":"","meta":[],"product_cat":[11],"product_tag":[1353],"_links":{"self":[{"href":"https:\/\/www.bazarmerlin.com\/inicio\/wp-json\/wp\/v2\/product\/4555"}],"collection":[{"href":"https:\/\/www.bazarmerlin.com\/inicio\/wp-json\/wp\/v2\/product"}],"about":[{"href":"https:\/\/www.bazarmerlin.com\/inicio\/wp-json\/wp\/v2\/types\/product"}],"wp:featuredmedia":[{"embeddable":true,"href":"https:\/\/www.bazarmerlin.com\/inicio\/wp-json\/wp\/v2\/media\/11350"}],"wp:attachment":[{"href":"https:\/\/www.bazarmerlin.com\/inicio\/wp-json\/wp\/v2\/media?parent=4555"}],"wp:term":[{"taxonomy":"product_cat","embeddable":true,"href":"https:\/\/www.bazarmerlin.com\/inicio\/wp-json\/wp\/v2\/product_cat?post=4555"},{"taxonomy":"product_tag","embeddable":true,"href":"https:\/\/www.bazarmerlin.com\/inicio\/wp-json\/wp\/v2\/product_tag?post=4555"}],"curies":[{"name":"wp","href":"https:\/\/api.w.org\/{rel}","templated":true}]}}