{"id":4558,"date":"2015-08-14T18:25:56","date_gmt":"2015-08-14T18:25:56","guid":{"rendered":"https:\/\/www.bazarmerlin.com\/inicio\/?post_type=product&#038;p=4558"},"modified":"2023-01-04T23:11:42","modified_gmt":"2023-01-04T23:11:42","slug":"punta-de-cuarzo-transparente-7-caras-6-5-cm-altura","status":"publish","type":"product","link":"https:\/\/www.bazarmerlin.com\/inicio\/producto\/punta-de-cuarzo-transparente-7-caras-6-5-cm-altura\/","title":{"rendered":"Punta De Cuarzo Transparente &#8211; 7 Caras 6.5 Cm Altura"},"content":{"rendered":"<p><strong>PUNTA DE CUARZO TRANSPARENTE 7 LADOS<\/strong><br \/>\n<strong>MEDIDA: 6.5 CM ALTURA 2.5 CM ANCHO<\/strong><\/p>\n<p>&nbsp;<\/p>\n<p>EL PRECIO INCLUYE SOLO 1 PIEZA<\/p>\n<p>EL CUARZO TRANSPARENTE es un cristal natural que tiene un aspecto color blanco opaco, y suele utilizarse en rituales magicos de curaci\u00f3n, o como amuleto protector contra las diferentes influencias que pueden llegar<br \/>\nhacernos da\u00f1o. Se considera que nos protege contra la falta de energ\u00eda y vitalidad, lo que nos ayuda a potenciar nuestros aspectos positivos y minimizar las influencias negativas, por lo tanto se debe portar una peque\u00f1a piedra de cuarzo blanco para estar con las energ\u00edas renovadas durante todo el d\u00eda.<\/p>\n<p>Es un cristal totalmente natural que nos ayuda a sentirnos mas ligeros, sin esas cargas que siempre llevamos encima. De este modo puede ayudarnos a sobrellevar mejor un mal momento, sentimientos negativos como la culpabilidad, o simplemente un mal de amores. Tambien se puede acudir a este cristal para sentirnos m\u00e1s serenos, por ejemplo ante posibles miedos y angustias.<\/p>\n<p>Su fuerza ademas es equilibradora, lo que significa que nos har\u00e1 sentir mucho mejor. Al equilibrar todas nuestras energ\u00edas encontramos paz y tranquilidad. Es como un cristal tonificante para el sistema nervioso, al que puedes acudir\u00e1 casi para cualquier tipo de cuesti\u00f3n. Ademas se puede complementar muy bien<br \/>\ncon nuestra psique. Tambi\u00e9n no ayuda a purificar nuestras energ\u00edas, lo que significa que puede deshacer viejos pegotes de energ\u00eda mas densa o negativa que pueda haber en nosotros. Por ello, este cristal es muy indicado para meditaciones de limpieza, ademas de que potencializa la energ\u00eda positiva por eso es el mejor cristal para pedir buenos deseos.<\/p>\n<p>&nbsp;<\/p>\n<p>&nbsp;<\/p>\n<p>&nbsp;<\/p>\n<p><strong>BAZAR MERLIN<\/strong><br \/>\n<strong>El Lugar M\u00e1s M\u00edstico de Guadalajara<\/strong><br \/>\n<strong>ENVIAMOS A TODO M\u00c9XICO&#8230;<\/strong><\/p>\n<!-- AddThis Advanced Settings generic via filter on the_content --><!-- AddThis Share Buttons generic via filter on the_content -->","protected":false},"excerpt":{"rendered":"<p>PUNTA DE CUARZO TRANSPARENTE 7 LADOS MEDIDA: 6.5 CM ALTURA 2.5 CM ANCHO &nbsp; EL PRECIO INCLUYE SOLO 1 PIEZA EL CUARZO TRANSPARENTE es un cristal natural que tiene un aspecto color blanco opaco, y suele utilizarse en rituales magicos de curaci\u00f3n, o como amuleto protector contra las diferentes influencias que pueden llegar hacernos da\u00f1o.&hellip;<!-- AddThis Advanced Settings generic via filter on get_the_excerpt --><!-- AddThis Share Buttons generic via filter on get_the_excerpt --><\/p>\n","protected":false},"featured_media":11355,"template":"","meta":[],"product_cat":[11],"product_tag":[1355],"_links":{"self":[{"href":"https:\/\/www.bazarmerlin.com\/inicio\/wp-json\/wp\/v2\/product\/4558"}],"collection":[{"href":"https:\/\/www.bazarmerlin.com\/inicio\/wp-json\/wp\/v2\/product"}],"about":[{"href":"https:\/\/www.bazarmerlin.com\/inicio\/wp-json\/wp\/v2\/types\/product"}],"wp:featuredmedia":[{"embeddable":true,"href":"https:\/\/www.bazarmerlin.com\/inicio\/wp-json\/wp\/v2\/media\/11355"}],"wp:attachment":[{"href":"https:\/\/www.bazarmerlin.com\/inicio\/wp-json\/wp\/v2\/media?parent=4558"}],"wp:term":[{"taxonomy":"product_cat","embeddable":true,"href":"https:\/\/www.bazarmerlin.com\/inicio\/wp-json\/wp\/v2\/product_cat?post=4558"},{"taxonomy":"product_tag","embeddable":true,"href":"https:\/\/www.bazarmerlin.com\/inicio\/wp-json\/wp\/v2\/product_tag?post=4558"}],"curies":[{"name":"wp","href":"https:\/\/api.w.org\/{rel}","templated":true}]}}