{"id":4570,"date":"2015-08-14T18:50:24","date_gmt":"2015-08-14T18:50:24","guid":{"rendered":"https:\/\/www.bazarmerlin.com\/inicio\/?post_type=product&#038;p=4570"},"modified":"2023-01-03T00:39:35","modified_gmt":"2023-01-03T00:39:35","slug":"cuarzo-agata-morado-por-kilo-importado-de-brasil","status":"publish","type":"product","link":"https:\/\/www.bazarmerlin.com\/inicio\/producto\/cuarzo-agata-morado-por-kilo-importado-de-brasil\/","title":{"rendered":"Cuarzo Agata Morado Por Kilo &#8211; Importado De Brasil"},"content":{"rendered":"<p><strong>CUARZO \u00c1GATA MORADA<\/strong><br \/>\n<strong>Precio Por 1 Kilo<\/strong><\/p>\n<p>&nbsp;<\/p>\n<p>&#8212; Importado De Brasil &#8212;<\/p>\n<p>Las \u00e1gatas son minerales que sirven para asentar las energ\u00edas y aportar equilibrio f\u00edsico, emocional e intelectual a la persona. Ayudan a centrar y estabilizar la energ\u00eda f\u00edsica. Tienen el poder de armonizar el ying y el yang, fuerzas positivas y negativas, adem\u00e1s de calmar y aliviar.<\/p>\n<p>Te eleva la conciencia y la vincula con la colectiva, anima a la contemplaci\u00f3n y a la asimilaci\u00f3n de las experiencias de la vida a nivel espiritual. A nivel curativo, el \u00e1gata estabiliza el aura eliminando o transformando las energ\u00edas negativas.<\/p>\n<p>&#8211;CALIDAD DE IMPORTACI\u00d3N&#8211;<\/p>\n<p>&nbsp;<\/p>\n<p>&nbsp;<\/p>\n<p><strong>BAZAR MERLIN<\/strong><br \/>\n<strong>El Lugar M\u00e1s M\u00edstico de Guadalajara<\/strong><br \/>\n<strong>ENVIAMOS A TODO M\u00c9XICO <\/strong><\/p>\n<!-- AddThis Advanced Settings generic via filter on the_content --><!-- AddThis Share Buttons generic via filter on the_content -->","protected":false},"excerpt":{"rendered":"<p>CUARZO \u00c1GATA MORADA Precio Por 1 Kilo &nbsp; &#8212; Importado De Brasil &#8212; Las \u00e1gatas son minerales que sirven para asentar las energ\u00edas y aportar equilibrio f\u00edsico, emocional e intelectual a la persona. Ayudan a centrar y estabilizar la energ\u00eda f\u00edsica. Tienen el poder de armonizar el ying y el yang, fuerzas positivas y negativas,&hellip;<!-- AddThis Advanced Settings generic via filter on get_the_excerpt --><!-- AddThis Share Buttons generic via filter on get_the_excerpt --><\/p>\n","protected":false},"featured_media":11324,"template":"","meta":[],"product_cat":[11],"product_tag":[1358,705],"_links":{"self":[{"href":"https:\/\/www.bazarmerlin.com\/inicio\/wp-json\/wp\/v2\/product\/4570"}],"collection":[{"href":"https:\/\/www.bazarmerlin.com\/inicio\/wp-json\/wp\/v2\/product"}],"about":[{"href":"https:\/\/www.bazarmerlin.com\/inicio\/wp-json\/wp\/v2\/types\/product"}],"wp:featuredmedia":[{"embeddable":true,"href":"https:\/\/www.bazarmerlin.com\/inicio\/wp-json\/wp\/v2\/media\/11324"}],"wp:attachment":[{"href":"https:\/\/www.bazarmerlin.com\/inicio\/wp-json\/wp\/v2\/media?parent=4570"}],"wp:term":[{"taxonomy":"product_cat","embeddable":true,"href":"https:\/\/www.bazarmerlin.com\/inicio\/wp-json\/wp\/v2\/product_cat?post=4570"},{"taxonomy":"product_tag","embeddable":true,"href":"https:\/\/www.bazarmerlin.com\/inicio\/wp-json\/wp\/v2\/product_tag?post=4570"}],"curies":[{"name":"wp","href":"https:\/\/api.w.org\/{rel}","templated":true}]}}