{"id":4664,"date":"2022-05-17T20:14:58","date_gmt":"2022-05-17T20:14:58","guid":{"rendered":"https:\/\/www.bazarmerlin.com\/inicio\/?post_type=product&#038;p=4664"},"modified":"2024-11-09T19:34:21","modified_gmt":"2024-11-09T19:34:21","slug":"pulsera-atlante-totalmente-en-plata-925","status":"publish","type":"product","link":"https:\/\/www.bazarmerlin.com\/inicio\/producto\/pulsera-atlante-totalmente-en-plata-925\/","title":{"rendered":"Pentagrama O Tetragr\u00e1maton Ritualizado 7 Metales"},"content":{"rendered":"<p><strong>Pentagrama Esot\u00e9rico Reforzado.<\/strong><\/p>\n<p><em><strong>ATRAE DINERO, NEGOCIOS, SUERTE Y PROTECCI\u00d3N<\/strong><\/em><br \/>\n<em><strong>EL PENTAGRAMA REFORZADO CON EL ESP\u00cdRITU SANTO, LA TRIADA Y<\/strong><\/em><br \/>\n<em><strong>LOS 7 METALES ES LO QUE HAS ESTADO BUSCANDO.<\/strong><\/em><\/p>\n<p>&nbsp;<\/p>\n<p>El poderoso pentagrama reforzado te ayudar\u00e1 a obtener todo lo que siempre has so\u00f1ado como poder, amor, dinero y salud. Te ayudara a obtener el \u00e9xito en todos los aspectos de tu vida.<\/p>\n<p>*\u00bfTu situaci\u00f3n personal o financiera est\u00e1n en un punto cr\u00edtico?<\/p>\n<p>*\u00bfSientes ser victima de un trabajo oscuro de alg\u00fan enemigo?<\/p>\n<p>*\u00bfHas intentado casi todo, incluso magia y no ves cambios?<\/p>\n<p>El pentagrama esot\u00e9rico con la punta superior hacia arriba sirve para hacer huir a los tenebrosos. Puesto en el umbral de la puerta con la punta superior hacia dentro y los dos \u00e1ngulos inferiores hacia fuera no permiten el paso a los magos negros. El pentagrama es la estrella flam\u00edgera.<\/p>\n<p>Este poderoso pentagrama o tetragramaton, esta fabricado y tallado a mano, pintado y detallado a mano, reforzado con el esp\u00edritu santo o la triada,<\/p>\n<p>ademas contiene los 7 metales alqu\u00edmicos visibles como una aleaci\u00f3n de siete metales que corresponden a los siete planetas esot\u00e9ricos:<\/p>\n<p>Plata para la luna.<br \/>\nAzogue para el mercurio.<br \/>\nCobre para venus.<br \/>\nOro ( Chapa de Oro ) para el sol.<br \/>\nHierro para marte.<br \/>\nEsta\u00f1o para j\u00fapiter.<br \/>\nPlomo para saturno.<\/p>\n<p>\u00bfPor que es tan poderoso este talism\u00e1n? Por la simbolog\u00eda que encierra. Este talism\u00e1n se prepara y ritualiza con decretos y rituales de alta magia que le ayuda a aumentar su poder de protecci\u00f3n. Adem\u00e1s est\u00e1 realizado en aleaci\u00f3n de 7 metales que corresponden a los 7 planetas alqu\u00edmicos ya mencionados.<\/p>\n<p>&nbsp;<\/p>\n<p>&nbsp;<\/p>\n<p><strong>BAZAR MERL\u00cdN<\/strong><br \/>\n<strong>El Lugar M\u00e1s M\u00edstico de Guadalajara<\/strong><br \/>\n<strong>ENVIAMOS A TODO M\u00c9XICO&#8230;<\/strong><\/p>\n<!-- AddThis Advanced Settings generic via filter on the_content --><!-- AddThis Share Buttons generic via filter on the_content -->","protected":false},"excerpt":{"rendered":"<p>Pentagrama Esot\u00e9rico Reforzado. ATRAE DINERO, NEGOCIOS, SUERTE Y PROTECCI\u00d3N EL PENTAGRAMA REFORZADO CON EL ESP\u00cdRITU SANTO, LA TRIADA Y LOS 7 METALES ES LO QUE HAS ESTADO BUSCANDO. &nbsp; El poderoso pentagrama reforzado te ayudar\u00e1 a obtener todo lo que siempre has so\u00f1ado como poder, amor, dinero y salud. Te ayudara a obtener el \u00e9xito&hellip;<!-- AddThis Advanced Settings generic via filter on get_the_excerpt --><!-- AddThis Share Buttons generic via filter on get_the_excerpt --><\/p>\n","protected":false},"featured_media":8563,"template":"","meta":[],"product_cat":[12],"product_tag":[1359],"_links":{"self":[{"href":"https:\/\/www.bazarmerlin.com\/inicio\/wp-json\/wp\/v2\/product\/4664"}],"collection":[{"href":"https:\/\/www.bazarmerlin.com\/inicio\/wp-json\/wp\/v2\/product"}],"about":[{"href":"https:\/\/www.bazarmerlin.com\/inicio\/wp-json\/wp\/v2\/types\/product"}],"wp:featuredmedia":[{"embeddable":true,"href":"https:\/\/www.bazarmerlin.com\/inicio\/wp-json\/wp\/v2\/media\/8563"}],"wp:attachment":[{"href":"https:\/\/www.bazarmerlin.com\/inicio\/wp-json\/wp\/v2\/media?parent=4664"}],"wp:term":[{"taxonomy":"product_cat","embeddable":true,"href":"https:\/\/www.bazarmerlin.com\/inicio\/wp-json\/wp\/v2\/product_cat?post=4664"},{"taxonomy":"product_tag","embeddable":true,"href":"https:\/\/www.bazarmerlin.com\/inicio\/wp-json\/wp\/v2\/product_tag?post=4664"}],"curies":[{"name":"wp","href":"https:\/\/api.w.org\/{rel}","templated":true}]}}