{"id":4667,"date":"2015-08-18T18:53:13","date_gmt":"2015-08-18T18:53:13","guid":{"rendered":"https:\/\/www.bazarmerlin.com\/inicio\/?post_type=product&#038;p=4667"},"modified":"2022-12-29T22:12:22","modified_gmt":"2022-12-29T22:12:22","slug":"tesoros-ocultos-aprende-como-identificarlos-protegerte-y","status":"publish","type":"product","link":"https:\/\/www.bazarmerlin.com\/inicio\/producto\/tesoros-ocultos-aprende-como-identificarlos-protegerte-y\/","title":{"rendered":"Tesoros Ocultos Aprende Como Identificarlos, Protegerte Y.."},"content":{"rendered":"<p><strong>LIBRO DE TESOROS OCULTOS-<\/strong><br \/>\n<strong>AUTOR: BENITO CHAVEZ<\/strong><br \/>\n<strong>222 p\u00e1ginas<\/strong><\/p>\n<p>&nbsp;<\/p>\n<p>\u00bfAsustan en su casa?<br \/>\n\u00bfHa Visto arder?<br \/>\nO \u00bfSabe de Alg\u00fan Tesoro?<br \/>\n\u00a1Conozca Usted como Descubrir Tesoros Ocultos!<\/p>\n<p>APRENDA COMO IDENTIFICAR UN TESORO OCULTO:<br \/>\n-QUE DETECTORES Y SISTEMAS SE DEBEN UTILIZAR PARA LOCALIZARLO.<br \/>\n-EXPLICACI\u00d3N DEL MANEJO DE DETECTORES DE METALES.<br \/>\n-LOS ESP\u00cdRITUS Y SUS MANIFESTACIONES.<br \/>\n-PRECAUCIONES ANTES DE DESTAPAR UN TESORO.<br \/>\n-COMO PROTEGERSE Y SACARLO CON SEGURIDAD<br \/>\n-LLAMAS DE FUEGO, SUS COLORES Y SIGNIFICADOS.<\/p>\n<p>Y MUCHO, MUCHO MAS&#8230;<\/p>\n<p>BENITO CH\u00c1VEZ, con m\u00e1s de 25 a\u00f1os de investigaci\u00f3n y experiencia en lo mas avanzado de la Tecnolog\u00eda de equipo profesional electr\u00f3nico para localizar Metales preciosos, pone en manos de sus Innumerables clientes, amigos y publico en general, este libro \u00fanico en su contenido.<\/p>\n<p>Conozca usted la realidad sobre todo lo relacionado a los tesoros ocultos, Manifestaciones de Esp\u00edritus, Llamas de Fuego; sus colores y significados, Fantasmas, Precauciones y como descubrir un tesoro oculto en Monta\u00f1as, Haciendas, Casas Antiguas, etc. Algunos tesoros, tanto en el mundo espiritual como en el material en que vivimos, ocultan ciertos misterios, lo cual inquieto e impulso al autor a investigar profundamente estos puntos y dar a conocer parte de los grandes y asombrosos acontecimientos prof\u00e9ticos y b\u00edblicos que vendr\u00e1n pr\u00f3ximamente a este mundo a partir del a\u00f1o 2000.<\/p>\n<p>Este libro le ayudara a descubrir no solamente la riqueza material que sin duda alguna disfrutara al obtenerla, sino tambi\u00e9n el tesoro oculto de sabidur\u00eda y conocimiento de su creador sobre la vida futura y eterna, para que a trav\u00e9s de los expuesto encuentre la respuesta o soluci\u00f3n a sus dudas y dilemas.<\/p>\n<p>&nbsp;<\/p>\n<p>&nbsp;<\/p>\n<p><strong>BAZAR MERLIN\u00ae<\/strong><br \/>\n<strong>El Lugar M\u00e1s M\u00edstico de Guadalajara<\/strong><br \/>\n<strong>ENVIAMOS A TODO M\u00c9XICO<\/strong><\/p>\n<!-- AddThis Advanced Settings generic via filter on the_content --><!-- AddThis Share Buttons generic via filter on the_content -->","protected":false},"excerpt":{"rendered":"<p>LIBRO DE TESOROS OCULTOS- AUTOR: BENITO CHAVEZ 222 p\u00e1ginas &nbsp; \u00bfAsustan en su casa? \u00bfHa Visto arder? O \u00bfSabe de Alg\u00fan Tesoro? \u00a1Conozca Usted como Descubrir Tesoros Ocultos! APRENDA COMO IDENTIFICAR UN TESORO OCULTO: -QUE DETECTORES Y SISTEMAS SE DEBEN UTILIZAR PARA LOCALIZARLO. -EXPLICACI\u00d3N DEL MANEJO DE DETECTORES DE METALES. -LOS ESP\u00cdRITUS Y SUS MANIFESTACIONES.&hellip;<!-- AddThis Advanced Settings generic via filter on get_the_excerpt --><!-- AddThis Share Buttons generic via filter on get_the_excerpt --><\/p>\n","protected":false},"featured_media":11284,"template":"","meta":[],"product_cat":[21],"product_tag":[1361,1360],"_links":{"self":[{"href":"https:\/\/www.bazarmerlin.com\/inicio\/wp-json\/wp\/v2\/product\/4667"}],"collection":[{"href":"https:\/\/www.bazarmerlin.com\/inicio\/wp-json\/wp\/v2\/product"}],"about":[{"href":"https:\/\/www.bazarmerlin.com\/inicio\/wp-json\/wp\/v2\/types\/product"}],"wp:featuredmedia":[{"embeddable":true,"href":"https:\/\/www.bazarmerlin.com\/inicio\/wp-json\/wp\/v2\/media\/11284"}],"wp:attachment":[{"href":"https:\/\/www.bazarmerlin.com\/inicio\/wp-json\/wp\/v2\/media?parent=4667"}],"wp:term":[{"taxonomy":"product_cat","embeddable":true,"href":"https:\/\/www.bazarmerlin.com\/inicio\/wp-json\/wp\/v2\/product_cat?post=4667"},{"taxonomy":"product_tag","embeddable":true,"href":"https:\/\/www.bazarmerlin.com\/inicio\/wp-json\/wp\/v2\/product_tag?post=4667"}],"curies":[{"name":"wp","href":"https:\/\/api.w.org\/{rel}","templated":true}]}}