{"id":475,"date":"2015-06-29T18:23:41","date_gmt":"2015-06-29T18:23:41","guid":{"rendered":"https:\/\/www.bazarmerlin.com\/inicio\/?post_type=product&#038;p=475"},"modified":"2022-10-24T23:42:42","modified_gmt":"2022-10-24T23:42:42","slug":"tarot-osho-zen-incluye-tarot-de-79-cartas-y-libro-manual","status":"publish","type":"product","link":"https:\/\/www.bazarmerlin.com\/inicio\/producto\/tarot-osho-zen-incluye-tarot-de-79-cartas-y-libro-manual\/","title":{"rendered":"Tarot Osho Zen &#8211; Libro + Cartas &#8211; Nuevo &#8211; Original &#8211; Sellado"},"content":{"rendered":"<p><strong>TAROT OSHO ZEN<\/strong><br \/>\n<strong>LIBRO GUIA DE 176 P\u00c1GINAS Y 79 CARTAS BELLAMENTE ILUSTRADAS<\/strong><\/p>\n<p>&nbsp;<\/p>\n<p>El Tarot Osho Zen es un sistema basado en la sabidur\u00eda zen, la cual afirma que los sucesos del mundo exterior son siempre un reflejo de lo que pensamos o sentimos, incluso cuando no somos conscientes de nuestros pensamientos o sentimientos.<\/p>\n<p>En consecuencia, este tarot nos ayuda a apartar nuestra atenci\u00f3n de los acontecimientos externos para as\u00ed poder encontrar una nueva claridad a trav\u00e9s de la comprensi\u00f3n de lo que aqu\u00ed y ahora est\u00e1 ocurriendo en nuestro fuero interno. Las im\u00e1genes de estas 79 cartas son totalmente contempor\u00e1neas.<br \/>\nSe han desechado los s\u00edmbolos medievales y se han sustituido por dise\u00f1os modernos con el fin de que resulten significativos, incluso para el usuario m\u00e1s inexperto.<\/p>\n<p>Las condiciones o estados mentales que evocan estas im\u00e1genes aparecen representados como esencialmente transformadores y constituyentes de un proceso. El libro que acompa\u00f1a a la baraja ayuda a interpretar y comprender las im\u00e1genes gracias a su lenguaje simple y directo tan caracter\u00edstico del Zen.<\/p>\n<p>&nbsp;<\/p>\n<p>&nbsp;<\/p>\n<p><strong>BAZAR\u00a0<\/strong><b>MERL\u00cdN<\/b><br \/>\n<strong>El Lugar M\u00e1s M\u00edstico de Guadalajara<\/strong><br \/>\n<strong>ENVIAMOS A TODO M\u00c9XICO<\/strong><\/p>\n<!-- AddThis Advanced Settings generic via filter on the_content --><!-- AddThis Share Buttons generic via filter on the_content -->","protected":false},"excerpt":{"rendered":"<p>TAROT OSHO ZEN LIBRO GUIA DE 176 P\u00c1GINAS Y 79 CARTAS BELLAMENTE ILUSTRADAS &nbsp; El Tarot Osho Zen es un sistema basado en la sabidur\u00eda zen, la cual afirma que los sucesos del mundo exterior son siempre un reflejo de lo que pensamos o sentimos, incluso cuando no somos conscientes de nuestros pensamientos o sentimientos.&hellip;<!-- AddThis Advanced Settings generic via filter on get_the_excerpt --><!-- AddThis Share Buttons generic via filter on get_the_excerpt --><\/p>\n","protected":false},"featured_media":8295,"template":"","meta":[],"product_cat":[15],"product_tag":[568,569,570,571,567],"_links":{"self":[{"href":"https:\/\/www.bazarmerlin.com\/inicio\/wp-json\/wp\/v2\/product\/475"}],"collection":[{"href":"https:\/\/www.bazarmerlin.com\/inicio\/wp-json\/wp\/v2\/product"}],"about":[{"href":"https:\/\/www.bazarmerlin.com\/inicio\/wp-json\/wp\/v2\/types\/product"}],"wp:featuredmedia":[{"embeddable":true,"href":"https:\/\/www.bazarmerlin.com\/inicio\/wp-json\/wp\/v2\/media\/8295"}],"wp:attachment":[{"href":"https:\/\/www.bazarmerlin.com\/inicio\/wp-json\/wp\/v2\/media?parent=475"}],"wp:term":[{"taxonomy":"product_cat","embeddable":true,"href":"https:\/\/www.bazarmerlin.com\/inicio\/wp-json\/wp\/v2\/product_cat?post=475"},{"taxonomy":"product_tag","embeddable":true,"href":"https:\/\/www.bazarmerlin.com\/inicio\/wp-json\/wp\/v2\/product_tag?post=475"}],"curies":[{"name":"wp","href":"https:\/\/api.w.org\/{rel}","templated":true}]}}