{"id":479,"date":"2015-06-29T18:31:54","date_gmt":"2015-06-29T18:31:54","guid":{"rendered":"https:\/\/www.bazarmerlin.com\/inicio\/?post_type=product&#038;p=479"},"modified":"2022-10-19T22:40:28","modified_gmt":"2022-10-19T22:40:28","slug":"set-tarot-universal-de-waite-libro-y-baraja-de-78-cartas","status":"publish","type":"product","link":"https:\/\/www.bazarmerlin.com\/inicio\/producto\/set-tarot-universal-de-waite-libro-y-baraja-de-78-cartas\/","title":{"rendered":"Estuche Tarot Universal De Waite &#8211; Libro Y Baraja"},"content":{"rendered":"<p><strong>TAROT UNIVERSAL WAITE<\/strong><br \/>\n<strong>INCLUYE LIBRO<\/strong><br \/>\n<strong>BARAJA CON 78 CARTAS<\/strong><\/p>\n<p>&nbsp;<\/p>\n<p>Autor: Edith Waite<br \/>\n272 p\u00e1ginas<\/p>\n<p>El tarot es una representaci\u00f3n simb\u00f3lica de las ideas universales en las que est\u00e1n basados la mente y el comportamiento humano, y en este sentido contiene una doctrina secreta a la cual es posible acceder, pues de hecho est\u00e1 y en la conciencia de todos nosotros, aunque el hombre ordinario pase por la vida sin reconocerla.<br \/>\nEsta doctrina ha existido siempre, es decir, siempre ha habido una minor\u00eda capaz de acceder a ella.<\/p>\n<p>&nbsp;<\/p>\n<p>&nbsp;<\/p>\n<p><strong>BAZAR MERL\u00cdN\u00ae<\/strong><br \/>\n<strong>El Lugar M\u00e1s M\u00edstico de Guadalajara<\/strong><br \/>\n<strong>ENVIAMOS A TODO M\u00c9XICO<\/strong><\/p>\n<!-- AddThis Advanced Settings generic via filter on the_content --><!-- AddThis Share Buttons generic via filter on the_content -->","protected":false},"excerpt":{"rendered":"<p>TAROT UNIVERSAL WAITE INCLUYE LIBRO BARAJA CON 78 CARTAS &nbsp; Autor: Edith Waite 272 p\u00e1ginas El tarot es una representaci\u00f3n simb\u00f3lica de las ideas universales en las que est\u00e1n basados la mente y el comportamiento humano, y en este sentido contiene una doctrina secreta a la cual es posible acceder, pues de hecho est\u00e1 y&hellip;<!-- AddThis Advanced Settings generic via filter on get_the_excerpt --><!-- AddThis Share Buttons generic via filter on get_the_excerpt --><\/p>\n","protected":false},"featured_media":10416,"template":"","meta":[],"product_cat":[15],"product_tag":[572,573],"_links":{"self":[{"href":"https:\/\/www.bazarmerlin.com\/inicio\/wp-json\/wp\/v2\/product\/479"}],"collection":[{"href":"https:\/\/www.bazarmerlin.com\/inicio\/wp-json\/wp\/v2\/product"}],"about":[{"href":"https:\/\/www.bazarmerlin.com\/inicio\/wp-json\/wp\/v2\/types\/product"}],"wp:featuredmedia":[{"embeddable":true,"href":"https:\/\/www.bazarmerlin.com\/inicio\/wp-json\/wp\/v2\/media\/10416"}],"wp:attachment":[{"href":"https:\/\/www.bazarmerlin.com\/inicio\/wp-json\/wp\/v2\/media?parent=479"}],"wp:term":[{"taxonomy":"product_cat","embeddable":true,"href":"https:\/\/www.bazarmerlin.com\/inicio\/wp-json\/wp\/v2\/product_cat?post=479"},{"taxonomy":"product_tag","embeddable":true,"href":"https:\/\/www.bazarmerlin.com\/inicio\/wp-json\/wp\/v2\/product_tag?post=479"}],"curies":[{"name":"wp","href":"https:\/\/api.w.org\/{rel}","templated":true}]}}