{"id":481,"date":"2015-06-29T18:35:18","date_gmt":"2015-06-29T18:35:18","guid":{"rendered":"https:\/\/www.bazarmerlin.com\/inicio\/?post_type=product&#038;p=481"},"modified":"2022-10-24T21:13:59","modified_gmt":"2022-10-24T21:13:59","slug":"tarot-de-marsella-incluye-libro-y-tarot-original","status":"publish","type":"product","link":"https:\/\/www.bazarmerlin.com\/inicio\/producto\/tarot-de-marsella-incluye-libro-y-tarot-original\/","title":{"rendered":"Tarot De Marsella Incluye Libro Y Tarot Original"},"content":{"rendered":"<p><strong>TAROT DE MARSELLA<\/strong><br \/>\n<strong>DE JULIAN M. WHITE<\/strong><\/p>\n<p>&nbsp;<\/p>\n<p>ESTUCHE DE 78 CARTAS Y LIBRO CON 240 P\u00c1GINAS<br \/>\nESPECIAL PARA TI QUE QUIERES APRENDER A MANEJARLO.<\/p>\n<p>ESTE TAROT ES DE LOS M\u00c1S F\u00c1CILES PARA APRENDER ESTA MANCIA,<br \/>\nY LO MEJOR QUE ES UNO DE LOS TAROT M\u00c1S CERTEROS.<\/p>\n<p>La vida nos est\u00e1 hablando en todo momento, pero desgraciadamente los humanos hemos olvidado c\u00f3mo escuchar sus mensajes.<\/p>\n<p>Ahora, con el Tarot de Marsella y este sencillo manual podr\u00e1s evaluar f\u00e1cilmente aquellas situaciones que se escapen al an\u00e1lisis directo de tu mente racional.<\/p>\n<p>El tarot de Marsella es un instrumento extraordinario que te ayudar\u00e1 a desarrollar la intuici\u00f3n y tambi\u00e9n a conocerte a ti mismo y a los dem\u00e1s. Adem\u00e1s, la lectura del tarot no requiere dotes especiales de clarividencia, ni cualquier otra habilidad extra\u00f1a.<\/p>\n<p>Con este libro, en muy poco tiempo t\u00fa mismo te sorprender\u00e1s descubriendo sus secretos.<\/p>\n<p>P\u00e1ginas: 240<\/p>\n<p>&nbsp;<\/p>\n<p>&nbsp;<\/p>\n<p><b>BAZAR MERL\u00cdN\u00ae<\/b><br \/>\n<strong>El Lugar M\u00e1s M\u00edstico de Guadalajara<\/strong><br \/>\n<strong>ENVIAMOS A TODO M\u00c9XICO<\/strong><\/p>\n<!-- AddThis Advanced Settings generic via filter on the_content --><!-- AddThis Share Buttons generic via filter on the_content -->","protected":false},"excerpt":{"rendered":"<p>TAROT DE MARSELLA DE JULIAN M. WHITE &nbsp; ESTUCHE DE 78 CARTAS Y LIBRO CON 240 P\u00c1GINAS ESPECIAL PARA TI QUE QUIERES APRENDER A MANEJARLO. ESTE TAROT ES DE LOS M\u00c1S F\u00c1CILES PARA APRENDER ESTA MANCIA, Y LO MEJOR QUE ES UNO DE LOS TAROT M\u00c1S CERTEROS. La vida nos est\u00e1 hablando en todo momento,&hellip;<!-- AddThis Advanced Settings generic via filter on get_the_excerpt --><!-- AddThis Share Buttons generic via filter on get_the_excerpt --><\/p>\n","protected":false},"featured_media":10528,"template":"","meta":[],"product_cat":[15],"product_tag":[574],"_links":{"self":[{"href":"https:\/\/www.bazarmerlin.com\/inicio\/wp-json\/wp\/v2\/product\/481"}],"collection":[{"href":"https:\/\/www.bazarmerlin.com\/inicio\/wp-json\/wp\/v2\/product"}],"about":[{"href":"https:\/\/www.bazarmerlin.com\/inicio\/wp-json\/wp\/v2\/types\/product"}],"wp:featuredmedia":[{"embeddable":true,"href":"https:\/\/www.bazarmerlin.com\/inicio\/wp-json\/wp\/v2\/media\/10528"}],"wp:attachment":[{"href":"https:\/\/www.bazarmerlin.com\/inicio\/wp-json\/wp\/v2\/media?parent=481"}],"wp:term":[{"taxonomy":"product_cat","embeddable":true,"href":"https:\/\/www.bazarmerlin.com\/inicio\/wp-json\/wp\/v2\/product_cat?post=481"},{"taxonomy":"product_tag","embeddable":true,"href":"https:\/\/www.bazarmerlin.com\/inicio\/wp-json\/wp\/v2\/product_tag?post=481"}],"curies":[{"name":"wp","href":"https:\/\/api.w.org\/{rel}","templated":true}]}}