{"id":490,"date":"2015-06-29T18:47:08","date_gmt":"2015-06-29T18:47:08","guid":{"rendered":"https:\/\/www.bazarmerlin.com\/inicio\/?post_type=product&#038;p=490"},"modified":"2022-11-02T00:12:27","modified_gmt":"2022-11-02T00:12:27","slug":"tarot-intuitivo-en-menos-de-1-hora-aprenderas-a-tirar-tarot","status":"publish","type":"product","link":"https:\/\/www.bazarmerlin.com\/inicio\/producto\/tarot-intuitivo-en-menos-de-1-hora-aprenderas-a-tirar-tarot\/","title":{"rendered":"Tarot Intuitivo &#8211; En 1 Hora Podr\u00e1s Manejar Este Tarot"},"content":{"rendered":"<p><strong>EL TAROT INTUITIVO &#8211; ESTUCHE CON LIBRO Y CARTAS.<\/strong><\/p>\n<p>&nbsp;<\/p>\n<p>Es verdad que el futuro depende de ti. Si quieres salud, dinero y amor, va a ser dif\u00edcil que consigas estas tres cosas en casa viendo la televisi\u00f3n, bebiendo cerveza y comiendo patatas fritas.<\/p>\n<p>Desgraciadamente, tambi\u00e9n es posible que hagas grandes esfuerzos por obtenerlas y tampoco consigas nada. De manera que ser\u00eda m\u00e1s correcto decir que el futuro depende en parte de ti. El resto depende de las circunstancias, del destino y de la suerte.<\/p>\n<p>.<\/p>\n<p><strong>BAZAR\u00a0<\/strong><b>MERL\u00cdN<\/b><br \/>\n<strong>El Lugar M\u00e1s M\u00edstico de Guadalajara<\/strong><br \/>\n<strong>ENVIAMOS A TODO M\u00c9XICO\u2026<\/strong><\/p>\n<!-- AddThis Advanced Settings generic via filter on the_content --><!-- AddThis Share Buttons generic via filter on the_content -->","protected":false},"excerpt":{"rendered":"<p>EL TAROT INTUITIVO &#8211; ESTUCHE CON LIBRO Y CARTAS. &nbsp; Es verdad que el futuro depende de ti. Si quieres salud, dinero y amor, va a ser dif\u00edcil que consigas estas tres cosas en casa viendo la televisi\u00f3n, bebiendo cerveza y comiendo patatas fritas. Desgraciadamente, tambi\u00e9n es posible que hagas grandes esfuerzos por obtenerlas y&hellip;<!-- AddThis Advanced Settings generic via filter on get_the_excerpt --><!-- AddThis Share Buttons generic via filter on get_the_excerpt --><\/p>\n","protected":false},"featured_media":10557,"template":"","meta":[],"product_cat":[15],"product_tag":[579,578],"_links":{"self":[{"href":"https:\/\/www.bazarmerlin.com\/inicio\/wp-json\/wp\/v2\/product\/490"}],"collection":[{"href":"https:\/\/www.bazarmerlin.com\/inicio\/wp-json\/wp\/v2\/product"}],"about":[{"href":"https:\/\/www.bazarmerlin.com\/inicio\/wp-json\/wp\/v2\/types\/product"}],"wp:featuredmedia":[{"embeddable":true,"href":"https:\/\/www.bazarmerlin.com\/inicio\/wp-json\/wp\/v2\/media\/10557"}],"wp:attachment":[{"href":"https:\/\/www.bazarmerlin.com\/inicio\/wp-json\/wp\/v2\/media?parent=490"}],"wp:term":[{"taxonomy":"product_cat","embeddable":true,"href":"https:\/\/www.bazarmerlin.com\/inicio\/wp-json\/wp\/v2\/product_cat?post=490"},{"taxonomy":"product_tag","embeddable":true,"href":"https:\/\/www.bazarmerlin.com\/inicio\/wp-json\/wp\/v2\/product_tag?post=490"}],"curies":[{"name":"wp","href":"https:\/\/api.w.org\/{rel}","templated":true}]}}