{"id":504,"date":"2015-06-29T19:11:00","date_gmt":"2015-06-29T19:11:00","guid":{"rendered":"https:\/\/www.bazarmerlin.com\/inicio\/?post_type=product&#038;p=504"},"modified":"2023-03-31T22:52:51","modified_gmt":"2023-03-31T22:52:51","slug":"set-oraculo-la-fuerza-divina-de-los-angeles-cartas-y-libro","status":"publish","type":"product","link":"https:\/\/www.bazarmerlin.com\/inicio\/producto\/set-oraculo-la-fuerza-divina-de-los-angeles-cartas-y-libro\/","title":{"rendered":"Set Or\u00e1culo La Fuerza Divina De Los Angeles &#8211; Cartas Y Libro"},"content":{"rendered":"<p><strong>LA FUERZA DIVINA DE LOS ANGELES<\/strong><br \/>\n<strong>JEANNE RULAND<\/strong><\/p>\n<p>&nbsp;<\/p>\n<p>56 CARTAS Y LIBRO MANUAL<\/p>\n<p>Los \u00c1ngeles nos acompa\u00f1an desde el origen de los tiempos. Si nosotros lo deseamos, ellos est\u00e1n a nuestro lado en el camino para alcanzar la perfecci\u00f3n en nuestra vida y en nosotros mismos. A trav\u00e9s de los 56 \u00c1ngeles que aqu\u00ed se describen, de sus invocaciones, de los rituales propuestos y sus oraciones, as\u00ed como de las cartas correspondientes y de los diferentes m\u00e9todos de utilizarlas, es posible activar e integrar en nuestras vidas todas las fuerzas angelicales y sus energ\u00edas. De esta manera pueden desarrollar en nosotros su efecto y a su vez podemos tambi\u00e9n incorporar nuevas cualidades y profundos conocimientos que nos conducir\u00e1n a una vida m\u00e1s plena y espiritual<\/p>\n<p>&nbsp;<\/p>\n<p>&nbsp;<\/p>\n<p><strong>BAZAR\u00a0<\/strong><b>MERL\u00cdN<\/b><br \/>\n<strong>El Lugar M\u00e1s M\u00edstico de Guadalajara<\/strong><br \/>\n<strong>ENVIAMOS A TODO M\u00c9XICO<\/strong><\/p>\n<!-- AddThis Advanced Settings generic via filter on the_content --><!-- AddThis Share Buttons generic via filter on the_content -->","protected":false},"excerpt":{"rendered":"<p>LA FUERZA DIVINA DE LOS ANGELES JEANNE RULAND &nbsp; 56 CARTAS Y LIBRO MANUAL Los \u00c1ngeles nos acompa\u00f1an desde el origen de los tiempos. Si nosotros lo deseamos, ellos est\u00e1n a nuestro lado en el camino para alcanzar la perfecci\u00f3n en nuestra vida y en nosotros mismos. A trav\u00e9s de los 56 \u00c1ngeles que aqu\u00ed&hellip;<!-- AddThis Advanced Settings generic via filter on get_the_excerpt --><!-- AddThis Share Buttons generic via filter on get_the_excerpt --><\/p>\n","protected":false},"featured_media":10488,"template":"","meta":[],"product_cat":[15],"product_tag":[566,584],"_links":{"self":[{"href":"https:\/\/www.bazarmerlin.com\/inicio\/wp-json\/wp\/v2\/product\/504"}],"collection":[{"href":"https:\/\/www.bazarmerlin.com\/inicio\/wp-json\/wp\/v2\/product"}],"about":[{"href":"https:\/\/www.bazarmerlin.com\/inicio\/wp-json\/wp\/v2\/types\/product"}],"wp:featuredmedia":[{"embeddable":true,"href":"https:\/\/www.bazarmerlin.com\/inicio\/wp-json\/wp\/v2\/media\/10488"}],"wp:attachment":[{"href":"https:\/\/www.bazarmerlin.com\/inicio\/wp-json\/wp\/v2\/media?parent=504"}],"wp:term":[{"taxonomy":"product_cat","embeddable":true,"href":"https:\/\/www.bazarmerlin.com\/inicio\/wp-json\/wp\/v2\/product_cat?post=504"},{"taxonomy":"product_tag","embeddable":true,"href":"https:\/\/www.bazarmerlin.com\/inicio\/wp-json\/wp\/v2\/product_tag?post=504"}],"curies":[{"name":"wp","href":"https:\/\/api.w.org\/{rel}","templated":true}]}}