{"id":5086,"date":"2015-08-27T20:12:46","date_gmt":"2015-08-27T20:12:46","guid":{"rendered":"https:\/\/www.bazarmerlin.com\/inicio\/?post_type=product&#038;p=5086"},"modified":"2022-12-31T00:42:18","modified_gmt":"2022-12-31T00:42:18","slug":"3-kilos-de-cuarzo-surtido-calidad-de-importacion","status":"publish","type":"product","link":"https:\/\/www.bazarmerlin.com\/inicio\/producto\/3-kilos-de-cuarzo-surtido-calidad-de-importacion\/","title":{"rendered":"3 Kilos De Cuarzo Surtido &#8211; Calidad De Importaci\u00f3n"},"content":{"rendered":"<p><strong>3 KILOS DE CUARZO SURTIDO.<\/strong><\/p>\n<p>Ideal para venta individual, estos cuarzos son los mas bellos y hermosas de todo mercado libre, ya que son importados desde BRASIL lo que garantiza una fina pieza piedra por piedra.<\/p>\n<p>Es un mineral conocido como \u201cel supremo nutridor\u201d. Sustenta y da apoyo en momentos de tensi\u00f3n, aportando tranquilidad y plenitud. El Cuarzo alinea los chacras y puede usarse en el trabajo con ellos. Es apropiado para todos los chacras. Proporciona protecci\u00f3n, absorbe la energ\u00eda negativa, limpia, alinea los chacras y el aura, adem\u00e1s de equilibrar el yin y el yang.<\/p>\n<p>NOTA IMPORTANTE:<br \/>\nEL COLOR, EL TAMA\u00d1O, LA FORMA Y TERMINADO PUEDE VARIAR UN POCO, POR SER UNA PIEZA 100% NATURAL POR LO QUE NUNCA EXISTIR\u00c1N 2 PIEDRAS IGUALES. TAMA\u00d1OS SURTIDOS.<\/p>\n<p>&nbsp;<\/p>\n<p>&nbsp;<\/p>\n<p><strong>BAZAR MERLIN<\/strong><br \/>\n<strong>El Lugar M\u00e1s M\u00edstico de Guadalajara<\/strong><br \/>\n<strong>ENVIAMOS A TODO M\u00c9XICO<\/strong><\/p>\n<!-- AddThis Advanced Settings generic via filter on the_content --><!-- AddThis Share Buttons generic via filter on the_content -->","protected":false},"excerpt":{"rendered":"<p>3 KILOS DE CUARZO SURTIDO. Ideal para venta individual, estos cuarzos son los mas bellos y hermosas de todo mercado libre, ya que son importados desde BRASIL lo que garantiza una fina pieza piedra por piedra. Es un mineral conocido como \u201cel supremo nutridor\u201d. Sustenta y da apoyo en momentos de tensi\u00f3n, aportando tranquilidad y&hellip;<!-- AddThis Advanced Settings generic via filter on get_the_excerpt --><!-- AddThis Share Buttons generic via filter on get_the_excerpt --><\/p>\n","protected":false},"featured_media":11314,"template":"","meta":[],"product_cat":[11],"product_tag":[1367,1368],"_links":{"self":[{"href":"https:\/\/www.bazarmerlin.com\/inicio\/wp-json\/wp\/v2\/product\/5086"}],"collection":[{"href":"https:\/\/www.bazarmerlin.com\/inicio\/wp-json\/wp\/v2\/product"}],"about":[{"href":"https:\/\/www.bazarmerlin.com\/inicio\/wp-json\/wp\/v2\/types\/product"}],"wp:featuredmedia":[{"embeddable":true,"href":"https:\/\/www.bazarmerlin.com\/inicio\/wp-json\/wp\/v2\/media\/11314"}],"wp:attachment":[{"href":"https:\/\/www.bazarmerlin.com\/inicio\/wp-json\/wp\/v2\/media?parent=5086"}],"wp:term":[{"taxonomy":"product_cat","embeddable":true,"href":"https:\/\/www.bazarmerlin.com\/inicio\/wp-json\/wp\/v2\/product_cat?post=5086"},{"taxonomy":"product_tag","embeddable":true,"href":"https:\/\/www.bazarmerlin.com\/inicio\/wp-json\/wp\/v2\/product_tag?post=5086"}],"curies":[{"name":"wp","href":"https:\/\/api.w.org\/{rel}","templated":true}]}}