{"id":5092,"date":"2015-08-28T16:55:47","date_gmt":"2015-08-28T16:55:47","guid":{"rendered":"https:\/\/www.bazarmerlin.com\/inicio\/?post_type=product&#038;p=5092"},"modified":"2022-12-16T00:02:35","modified_gmt":"2022-12-16T00:02:35","slug":"el-gran-libro-de-san-cipriano-el-tesoro-del-hechicero","status":"publish","type":"product","link":"https:\/\/www.bazarmerlin.com\/inicio\/producto\/el-gran-libro-de-san-cipriano-el-tesoro-del-hechicero\/","title":{"rendered":"El Gran Libro De San Cipriano \/ El Tesoro Del Hechicero"},"content":{"rendered":"<h3><strong>EL LIBRO DE SAN CIPRIANO &#8211; EL TESORO DEL HECHICERO<\/strong><\/h3>\n<p>&nbsp;<\/p>\n<p>Presentamos un libro de valor inestimable, el &#8220;tratado completo de la verdadera magia&#8221; escrito por el monje Jon\u00e1s Sufurino, bibliotecario del convento del broken, monta\u00f1a donde seg\u00fan antiguas leyendas, los diablos y las brujas celebraban sus aquelarres y danzas macabras.<\/p>\n<p>En este libro encontrar\u00e1s informaci\u00f3n acerca de:<\/p>\n<p>*INVOCACIONES<br \/>\n*EXORCISMOS<br \/>\n*FILTROS<br \/>\n*ENCANTAMIENTOS<br \/>\n*HECHICER\u00cdA<br \/>\n*ESCUELA DE SORTILEGIOS<br \/>\n*LA GALLINA NEGRA<br \/>\n*EL PACTO DE SANGRE<\/p>\n<p>Este es un tratado de excepcional importancia y que si se estudia con verdadero inter\u00e9s podr\u00e1s aprenderse muchas cosas \u00fatiles y provechosas.<\/p>\n<p>&nbsp;<\/p>\n<p>&nbsp;<\/p>\n<p><strong>BAZAR MERL\u00cdN\u00ae<\/strong><br \/>\n<strong>El Lugar M\u00e1s M\u00edstico de Guadalajara<\/strong><br \/>\n<strong>ENVIAMOS A TODO M\u00c9XICO<\/strong><\/p>\n<!-- AddThis Advanced Settings generic via filter on the_content --><!-- AddThis Share Buttons generic via filter on the_content -->","protected":false},"excerpt":{"rendered":"<p>EL LIBRO DE SAN CIPRIANO &#8211; EL TESORO DEL HECHICERO &nbsp; Presentamos un libro de valor inestimable, el &#8220;tratado completo de la verdadera magia&#8221; escrito por el monje Jon\u00e1s Sufurino, bibliotecario del convento del broken, monta\u00f1a donde seg\u00fan antiguas leyendas, los diablos y las brujas celebraban sus aquelarres y danzas macabras. En este libro encontrar\u00e1s&hellip;<!-- AddThis Advanced Settings generic via filter on get_the_excerpt --><!-- AddThis Share Buttons generic via filter on get_the_excerpt --><\/p>\n","protected":false},"featured_media":11118,"template":"","meta":[],"product_cat":[13],"product_tag":[1369,1370],"_links":{"self":[{"href":"https:\/\/www.bazarmerlin.com\/inicio\/wp-json\/wp\/v2\/product\/5092"}],"collection":[{"href":"https:\/\/www.bazarmerlin.com\/inicio\/wp-json\/wp\/v2\/product"}],"about":[{"href":"https:\/\/www.bazarmerlin.com\/inicio\/wp-json\/wp\/v2\/types\/product"}],"wp:featuredmedia":[{"embeddable":true,"href":"https:\/\/www.bazarmerlin.com\/inicio\/wp-json\/wp\/v2\/media\/11118"}],"wp:attachment":[{"href":"https:\/\/www.bazarmerlin.com\/inicio\/wp-json\/wp\/v2\/media?parent=5092"}],"wp:term":[{"taxonomy":"product_cat","embeddable":true,"href":"https:\/\/www.bazarmerlin.com\/inicio\/wp-json\/wp\/v2\/product_cat?post=5092"},{"taxonomy":"product_tag","embeddable":true,"href":"https:\/\/www.bazarmerlin.com\/inicio\/wp-json\/wp\/v2\/product_tag?post=5092"}],"curies":[{"name":"wp","href":"https:\/\/api.w.org\/{rel}","templated":true}]}}