{"id":5104,"date":"2015-08-28T17:09:57","date_gmt":"2015-08-28T17:09:57","guid":{"rendered":"https:\/\/www.bazarmerlin.com\/inicio\/?post_type=product&#038;p=5104"},"modified":"2022-12-14T00:47:39","modified_gmt":"2022-12-14T00:47:39","slug":"100-hechizos-de-amor-los-mas-poderosos-de-la-historia","status":"publish","type":"product","link":"https:\/\/www.bazarmerlin.com\/inicio\/producto\/100-hechizos-de-amor-los-mas-poderosos-de-la-historia\/","title":{"rendered":"100 Hechizos De Amor Los M\u00e1s Poderosos De La Historia"},"content":{"rendered":"<h3>HECHIZOS DE AMOR<br \/>\nLAS FORMULAS Y RITUALES MAS PODEROSOS<\/h3>\n<p>&nbsp;<\/p>\n<p>Con el prop\u00f3sito de facilitar a la humanidad esta tarea, los hechiceros crearon y recopilaron una serie de rituales m\u00e1gicos, que, transmitidos en forma oral de generaci\u00f3n en generaci\u00f3n, llegan hoy a usted organizados seg\u00fan un criterio pr\u00e1ctico, en este libro \u00fanico.<\/p>\n<p>&nbsp;<\/p>\n<p>&nbsp;<\/p>\n<p><strong>BAZAR MERL\u00cdN<\/strong><br \/>\n<strong>El Lugar M\u00e1s M\u00edstico de Guadalajara<\/strong><br \/>\n<strong>ENVIAMOS A TODO M\u00c9XICO<\/strong><\/p>\n<!-- AddThis Advanced Settings generic via filter on the_content --><!-- AddThis Share Buttons generic via filter on the_content -->","protected":false},"excerpt":{"rendered":"<p>HECHIZOS DE AMOR LAS FORMULAS Y RITUALES MAS PODEROSOS &nbsp; Con el prop\u00f3sito de facilitar a la humanidad esta tarea, los hechiceros crearon y recopilaron una serie de rituales m\u00e1gicos, que, transmitidos en forma oral de generaci\u00f3n en generaci\u00f3n, llegan hoy a usted organizados seg\u00fan un criterio pr\u00e1ctico, en este libro \u00fanico. &nbsp; &nbsp; BAZAR&hellip;<!-- AddThis Advanced Settings generic via filter on get_the_excerpt --><!-- AddThis Share Buttons generic via filter on get_the_excerpt --><\/p>\n","protected":false},"featured_media":11078,"template":"","meta":[],"product_cat":[13],"product_tag":[1375],"_links":{"self":[{"href":"https:\/\/www.bazarmerlin.com\/inicio\/wp-json\/wp\/v2\/product\/5104"}],"collection":[{"href":"https:\/\/www.bazarmerlin.com\/inicio\/wp-json\/wp\/v2\/product"}],"about":[{"href":"https:\/\/www.bazarmerlin.com\/inicio\/wp-json\/wp\/v2\/types\/product"}],"wp:featuredmedia":[{"embeddable":true,"href":"https:\/\/www.bazarmerlin.com\/inicio\/wp-json\/wp\/v2\/media\/11078"}],"wp:attachment":[{"href":"https:\/\/www.bazarmerlin.com\/inicio\/wp-json\/wp\/v2\/media?parent=5104"}],"wp:term":[{"taxonomy":"product_cat","embeddable":true,"href":"https:\/\/www.bazarmerlin.com\/inicio\/wp-json\/wp\/v2\/product_cat?post=5104"},{"taxonomy":"product_tag","embeddable":true,"href":"https:\/\/www.bazarmerlin.com\/inicio\/wp-json\/wp\/v2\/product_tag?post=5104"}],"curies":[{"name":"wp","href":"https:\/\/api.w.org\/{rel}","templated":true}]}}