{"id":5116,"date":"2015-08-28T17:26:46","date_gmt":"2015-08-28T17:26:46","guid":{"rendered":"https:\/\/www.bazarmerlin.com\/inicio\/?post_type=product&#038;p=5116"},"modified":"2023-01-22T05:31:15","modified_gmt":"2023-01-22T05:31:15","slug":"el-libro-de-urantia-en-pasta-dura","status":"publish","type":"product","link":"https:\/\/www.bazarmerlin.com\/inicio\/producto\/el-libro-de-urantia-en-pasta-dura\/","title":{"rendered":"Libro De Urantia En Pasta Dura"},"content":{"rendered":"<p><strong>EL LIBRO DE URANTIA.<\/strong><br \/>\n<strong>PASTA DURA O GRUESA.<\/strong><\/p>\n<p>&nbsp;<\/p>\n<p>&#8212;BESTSELLER INTERNACIONAL&#8212;<\/p>\n<p>El libro de Urantia es una publicaci\u00f3n singular, de importancia trascendental para los pueblos de nuestro planeta, Urantia. Habla de la Deidad, de la organizaci\u00f3n y de la administraci\u00f3n de los universos y de la relaci\u00f3n de este planeta con el universo, de la g\u00e9nesis y del destino del hombre y de su relaci\u00f3n con Dios, y de las ense\u00f1anzas de Jes\u00fas Cristo.<\/p>\n<p>Se dirige a los anhelos espirituales m\u00e1s profundos del hombre y satisface al intelecto, al armonizar la religi\u00f3n, la filosof\u00eda y la ciencia moderna a trav\u00e9s de impulsar el crecimiento espiritual y el entendimiento del universo en proporci\u00f3n al desarrollo intelectual y cultural del hombre. Nos da nuevas perspectivas sobre el tiempo y la eternidad, ofrece nuevos conceptos de la aventura de ascensi\u00f3n a niveles cada vez m\u00e1s altos del hombre en b\u00fasqueda de Dios Padre. Este libro de 196 documentos da una descripci\u00f3n nueva, amplia y bien organizada del origen y del destino del hombre..<\/p>\n<p>&#8212;PARTES DEL LIBRO DE URANTIA&#8212;<\/p>\n<p>PARTE I: El Universo Central y los Superuniversos<br \/>\nPARTE II: El Universo Local<br \/>\nPARTE III: La Historia de Urantia<br \/>\nPARTE IV: La Vida y las Ense\u00f1anzas de Jes\u00fas<\/p>\n<p>&nbsp;<\/p>\n<p>&nbsp;<\/p>\n<p><strong>BAZAR MERLIN<\/strong><br \/>\n<strong>El Lugar M\u00e1s M\u00edstico de Guadalajara<\/strong><br \/>\n<strong>ENVIAMOS A TODO M\u00c9XICO <\/strong><\/p>\n<!-- AddThis Advanced Settings generic via filter on the_content --><!-- AddThis Share Buttons generic via filter on the_content -->","protected":false},"excerpt":{"rendered":"<p>EL LIBRO DE URANTIA. PASTA DURA O GRUESA. &nbsp; &#8212;BESTSELLER INTERNACIONAL&#8212; El libro de Urantia es una publicaci\u00f3n singular, de importancia trascendental para los pueblos de nuestro planeta, Urantia. Habla de la Deidad, de la organizaci\u00f3n y de la administraci\u00f3n de los universos y de la relaci\u00f3n de este planeta con el universo, de la&hellip;<!-- AddThis Advanced Settings generic via filter on get_the_excerpt --><!-- AddThis Share Buttons generic via filter on get_the_excerpt --><\/p>\n","protected":false},"featured_media":11193,"template":"","meta":[],"product_cat":[13],"product_tag":[1376],"_links":{"self":[{"href":"https:\/\/www.bazarmerlin.com\/inicio\/wp-json\/wp\/v2\/product\/5116"}],"collection":[{"href":"https:\/\/www.bazarmerlin.com\/inicio\/wp-json\/wp\/v2\/product"}],"about":[{"href":"https:\/\/www.bazarmerlin.com\/inicio\/wp-json\/wp\/v2\/types\/product"}],"wp:featuredmedia":[{"embeddable":true,"href":"https:\/\/www.bazarmerlin.com\/inicio\/wp-json\/wp\/v2\/media\/11193"}],"wp:attachment":[{"href":"https:\/\/www.bazarmerlin.com\/inicio\/wp-json\/wp\/v2\/media?parent=5116"}],"wp:term":[{"taxonomy":"product_cat","embeddable":true,"href":"https:\/\/www.bazarmerlin.com\/inicio\/wp-json\/wp\/v2\/product_cat?post=5116"},{"taxonomy":"product_tag","embeddable":true,"href":"https:\/\/www.bazarmerlin.com\/inicio\/wp-json\/wp\/v2\/product_tag?post=5116"}],"curies":[{"name":"wp","href":"https:\/\/api.w.org\/{rel}","templated":true}]}}