{"id":5122,"date":"2015-08-28T17:31:46","date_gmt":"2015-08-28T17:31:46","guid":{"rendered":"https:\/\/www.bazarmerlin.com\/inicio\/?post_type=product&#038;p=5122"},"modified":"2022-12-15T23:28:06","modified_gmt":"2022-12-15T23:28:06","slug":"libro-del-arcangel-miguel-comunicandose","status":"publish","type":"product","link":"https:\/\/www.bazarmerlin.com\/inicio\/producto\/libro-del-arcangel-miguel-comunicandose\/","title":{"rendered":"Comunic\u00e1ndose Con El Arc\u00e1ngel Miguel &#8211; Proteccion"},"content":{"rendered":"<h3><strong>COMUNIC\u00c1NDOSE CON EL ARC\u00c1NGEL MIGUEL\u00a0 PROTECCION<\/strong><\/h3>\n<p>&nbsp;<\/p>\n<p><span class=\"a-text-bold\">El Arc\u00e1ngel siempre estar\u00e1 con usted<\/span><br \/>\nEl Arc\u00e1ngel Miguel es considerado como el m\u00e1s importante en las tradiciones Judia, Isl\u00e1mica y Cristriana. A trav\u00e9s de la historia siempre ha aparecido como protector, gu\u00eda, mensajero, guerrero y benefactor. En Miguel, Richard Webster describe simples t\u00e9cnicas para contactar el Arc\u00e1ngel, solicitar su ayuda, y establecer una relaci\u00f3n efectiva y duradera. Por medio de la meditaci\u00f3n y f\u00e1ciles rituales, aprender\u00e1 c\u00f3mo comunicarse con el Pr\u00edncipe de la Luz para lograr la gu\u00eda espiritual deseada.<\/p>\n<p>&nbsp;<\/p>\n<p>&nbsp;<\/p>\n<p><strong>BAZAR MERLIN<\/strong><br \/>\n<strong>El Lugar M\u00e1s M\u00edstico de Guadalajara<\/strong><br \/>\n<strong>ENVIAMOS A TODO M\u00c9XICO<\/strong><\/p>\n<!-- AddThis Advanced Settings generic via filter on the_content --><!-- AddThis Share Buttons generic via filter on the_content -->","protected":false},"excerpt":{"rendered":"<p>COMUNIC\u00c1NDOSE CON EL ARC\u00c1NGEL MIGUEL\u00a0 PROTECCION &nbsp; El Arc\u00e1ngel siempre estar\u00e1 con usted El Arc\u00e1ngel Miguel es considerado como el m\u00e1s importante en las tradiciones Judia, Isl\u00e1mica y Cristriana. A trav\u00e9s de la historia siempre ha aparecido como protector, gu\u00eda, mensajero, guerrero y benefactor. En Miguel, Richard Webster describe simples t\u00e9cnicas para contactar el Arc\u00e1ngel,&hellip;<!-- AddThis Advanced Settings generic via filter on get_the_excerpt --><!-- AddThis Share Buttons generic via filter on get_the_excerpt --><\/p>\n","protected":false},"featured_media":11106,"template":"","meta":[],"product_cat":[13],"product_tag":[1377,57],"_links":{"self":[{"href":"https:\/\/www.bazarmerlin.com\/inicio\/wp-json\/wp\/v2\/product\/5122"}],"collection":[{"href":"https:\/\/www.bazarmerlin.com\/inicio\/wp-json\/wp\/v2\/product"}],"about":[{"href":"https:\/\/www.bazarmerlin.com\/inicio\/wp-json\/wp\/v2\/types\/product"}],"wp:featuredmedia":[{"embeddable":true,"href":"https:\/\/www.bazarmerlin.com\/inicio\/wp-json\/wp\/v2\/media\/11106"}],"wp:attachment":[{"href":"https:\/\/www.bazarmerlin.com\/inicio\/wp-json\/wp\/v2\/media?parent=5122"}],"wp:term":[{"taxonomy":"product_cat","embeddable":true,"href":"https:\/\/www.bazarmerlin.com\/inicio\/wp-json\/wp\/v2\/product_cat?post=5122"},{"taxonomy":"product_tag","embeddable":true,"href":"https:\/\/www.bazarmerlin.com\/inicio\/wp-json\/wp\/v2\/product_tag?post=5122"}],"curies":[{"name":"wp","href":"https:\/\/api.w.org\/{rel}","templated":true}]}}