{"id":5149,"date":"2015-08-28T17:59:16","date_gmt":"2015-08-28T17:59:16","guid":{"rendered":"https:\/\/www.bazarmerlin.com\/inicio\/?post_type=product&#038;p=5149"},"modified":"2022-12-14T00:50:53","modified_gmt":"2022-12-14T00:50:53","slug":"132-oraciones-omnipotentes-la-fe-en-la-oracion-libro","status":"publish","type":"product","link":"https:\/\/www.bazarmerlin.com\/inicio\/producto\/132-oraciones-omnipotentes-la-fe-en-la-oracion-libro\/","title":{"rendered":"132 Oraciones Omnipotentes &#8211; La Fe En La Oraci\u00f3n &#8211; Libro"},"content":{"rendered":"<h3><strong>132 ORACIONES OMNIPOTENTES<\/strong><\/h3>\n<p>&nbsp;<\/p>\n<p>222 p\u00e1ginas<br \/>\nLIBRO DE BOLSILLO O MINI<\/p>\n<p>La oraci\u00f3n para ser eficaz no debe ser simple movimiento de labios, mera repetici\u00f3n de palabras, porque as\u00ed no abre la mente al influjo de la divina sabidur\u00eda y fuerza. Se ha de hablar con Dios de todo coraz\u00f3n. No es que Dios necesite que se le diga lo que necesitamos, pues lo sabe mucho mejor que nosotros; pero una sincera confesi\u00f3n hablada abre nuestra mente, destapa los vasos vac\u00edos y los llena de lo divino.<\/p>\n<p>Medidas 8.5 x 11 \/ 3\u201d x 4\u201d. N\u00famero de P\u00e1ginas 222.<\/p>\n<p>&nbsp;<\/p>\n<p><strong>BAZAR MERL\u00cdN\u00ae<\/strong><br \/>\n<strong>El Lugar M\u00e1s M\u00edstico de Guadalajara<\/strong><br \/>\n<strong>ENVIAMOS A TODO M\u00c9XICO<\/strong><\/p>\n<!-- AddThis Advanced Settings generic via filter on the_content --><!-- AddThis Share Buttons generic via filter on the_content -->","protected":false},"excerpt":{"rendered":"<p>132 ORACIONES OMNIPOTENTES &nbsp; 222 p\u00e1ginas LIBRO DE BOLSILLO O MINI La oraci\u00f3n para ser eficaz no debe ser simple movimiento de labios, mera repetici\u00f3n de palabras, porque as\u00ed no abre la mente al influjo de la divina sabidur\u00eda y fuerza. Se ha de hablar con Dios de todo coraz\u00f3n. No es que Dios necesite&hellip;<!-- AddThis Advanced Settings generic via filter on get_the_excerpt --><!-- AddThis Share Buttons generic via filter on get_the_excerpt --><\/p>\n","protected":false},"featured_media":9584,"template":"","meta":[],"product_cat":[13],"product_tag":[1378,1379,51],"_links":{"self":[{"href":"https:\/\/www.bazarmerlin.com\/inicio\/wp-json\/wp\/v2\/product\/5149"}],"collection":[{"href":"https:\/\/www.bazarmerlin.com\/inicio\/wp-json\/wp\/v2\/product"}],"about":[{"href":"https:\/\/www.bazarmerlin.com\/inicio\/wp-json\/wp\/v2\/types\/product"}],"wp:featuredmedia":[{"embeddable":true,"href":"https:\/\/www.bazarmerlin.com\/inicio\/wp-json\/wp\/v2\/media\/9584"}],"wp:attachment":[{"href":"https:\/\/www.bazarmerlin.com\/inicio\/wp-json\/wp\/v2\/media?parent=5149"}],"wp:term":[{"taxonomy":"product_cat","embeddable":true,"href":"https:\/\/www.bazarmerlin.com\/inicio\/wp-json\/wp\/v2\/product_cat?post=5149"},{"taxonomy":"product_tag","embeddable":true,"href":"https:\/\/www.bazarmerlin.com\/inicio\/wp-json\/wp\/v2\/product_tag?post=5149"}],"curies":[{"name":"wp","href":"https:\/\/api.w.org\/{rel}","templated":true}]}}