{"id":5155,"date":"2015-08-28T18:05:12","date_gmt":"2015-08-28T18:05:12","guid":{"rendered":"https:\/\/www.bazarmerlin.com\/inicio\/?post_type=product&#038;p=5155"},"modified":"2022-12-24T00:15:29","modified_gmt":"2022-12-24T00:15:29","slug":"uso-y-significado-del-pentagrama-consagracion-y-como-usar","status":"publish","type":"product","link":"https:\/\/www.bazarmerlin.com\/inicio\/producto\/uso-y-significado-del-pentagrama-consagracion-y-como-usar\/","title":{"rendered":"Uso Y Significado Del Pentagrama Esoterico"},"content":{"rendered":"<p><strong>USO Y SIGNIFICADO DEL PENTAGRAMA ESOT\u00c9RICO<\/strong><\/p>\n<p>&nbsp;<\/p>\n<p>Ya hace tiempo&#8230; mucho tiempo, que los guardianes del conocimiento vertieron su sabidur\u00eda en el Pentagrama Esot\u00e9rico, hered\u00e1ndonos todo un mundo de s\u00edmbolos.<\/p>\n<p>Y ahora&#8230; lo tenemos aqu\u00ed en este libro&#8230; meditando, aprendiendo; haciendo eco de cada una de las palabras que se ocultan en sus significados.<\/p>\n<p>&nbsp;<\/p>\n<p>&nbsp;<\/p>\n<p><strong>BAZAR MERLIN\u00ae<\/strong><br \/>\n<strong>El Lugar M\u00e1s M\u00edstico de Guadalajara<\/strong><br \/>\n<strong>ENVIAMOS A TODO M\u00c9XICO<\/strong><\/p>\n<!-- AddThis Advanced Settings generic via filter on the_content --><!-- AddThis Share Buttons generic via filter on the_content -->","protected":false},"excerpt":{"rendered":"<p>USO Y SIGNIFICADO DEL PENTAGRAMA ESOT\u00c9RICO &nbsp; Ya hace tiempo&#8230; mucho tiempo, que los guardianes del conocimiento vertieron su sabidur\u00eda en el Pentagrama Esot\u00e9rico, hered\u00e1ndonos todo un mundo de s\u00edmbolos. Y ahora&#8230; lo tenemos aqu\u00ed en este libro&#8230; meditando, aprendiendo; haciendo eco de cada una de las palabras que se ocultan en sus significados. &nbsp;&hellip;<!-- AddThis Advanced Settings generic via filter on get_the_excerpt --><!-- AddThis Share Buttons generic via filter on get_the_excerpt --><\/p>\n","protected":false},"featured_media":11246,"template":"","meta":[],"product_cat":[13],"product_tag":[1380],"_links":{"self":[{"href":"https:\/\/www.bazarmerlin.com\/inicio\/wp-json\/wp\/v2\/product\/5155"}],"collection":[{"href":"https:\/\/www.bazarmerlin.com\/inicio\/wp-json\/wp\/v2\/product"}],"about":[{"href":"https:\/\/www.bazarmerlin.com\/inicio\/wp-json\/wp\/v2\/types\/product"}],"wp:featuredmedia":[{"embeddable":true,"href":"https:\/\/www.bazarmerlin.com\/inicio\/wp-json\/wp\/v2\/media\/11246"}],"wp:attachment":[{"href":"https:\/\/www.bazarmerlin.com\/inicio\/wp-json\/wp\/v2\/media?parent=5155"}],"wp:term":[{"taxonomy":"product_cat","embeddable":true,"href":"https:\/\/www.bazarmerlin.com\/inicio\/wp-json\/wp\/v2\/product_cat?post=5155"},{"taxonomy":"product_tag","embeddable":true,"href":"https:\/\/www.bazarmerlin.com\/inicio\/wp-json\/wp\/v2\/product_tag?post=5155"}],"curies":[{"name":"wp","href":"https:\/\/api.w.org\/{rel}","templated":true}]}}