{"id":5190,"date":"2015-08-31T18:54:01","date_gmt":"2015-08-31T18:54:01","guid":{"rendered":"https:\/\/www.bazarmerlin.com\/inicio\/?post_type=product&#038;p=5190"},"modified":"2022-12-23T00:14:58","modified_gmt":"2022-12-23T00:14:58","slug":"numerologia-tantrica-autoconocimiento-y-transformacion","status":"publish","type":"product","link":"https:\/\/www.bazarmerlin.com\/inicio\/producto\/numerologia-tantrica-autoconocimiento-y-transformacion\/","title":{"rendered":"Numerolog\u00eda Tantrica \/ Autoconocimiento Y Transformacion"},"content":{"rendered":"<p><strong>NUMEROLOG\u00cdA TANTRICA\u00a0 AUTOCONOCIMIENTO Y TRANSFORMACI\u00d3N<\/strong><\/p>\n<p>&nbsp;<\/p>\n<p>La numerolog\u00eda t\u00e1ntrica, ciencia ancestral rescatada por Yogi Bhajan, describe los diez cuerpos sutiles o \u00e1reas de la psique desde las cuales se manifiestan las tendencias de nuestra personalidad y sus motivaciones profundas. Te ayudar\u00e1 a esclarecer y manejar las debilidades que debes superar y las fortalezas que posees para compensarlas. Conocer\u00e1s y comprender\u00e1s mejor a los dem\u00e1s.<\/p>\n<p>Los n\u00fameros sagrados iluminar\u00e1n tu camino hacia una plena realizaci\u00f3n personal. El Dr. Guruchander Singh Khalsa naci\u00f3 en Texas, donde hizo sus estudios. En 1972 obtuvo la licenciatura en administraci\u00f3n de empresas en la Universidad Metodista del Sur y en 1982 el t\u00edtulo en quiropr\u00e1ctica en la Universidad de Pasadena, California. Comenz\u00f3 sus estudios de yoga con Yogi Bhajan en 1972, ingresando a la comunidad sikh de Norteam\u00e9rica un a\u00f1o despu\u00e9s. Adem\u00e1s de su preparaci\u00f3n corno m\u00e9dico quiropr\u00e1ctico, en los \u00faltimos veinte a\u00f1os ha estudiado otras formas orientales de curaci\u00f3n.<\/p>\n<p>Es el director de la Cl\u00ednica de Salud G.R.D., de Santa Fe, New Mexico, en la que se practica quiropraxia, terapia del masaje y otras formas de medicina natural. Es ministro del Sikh Dharma Internacional. Fue presidente del Consejo Sikh Internacional de 1991 a 1993.<\/p>\n<p>&nbsp;<\/p>\n<p>&nbsp;<\/p>\n<p><strong>BAZAR\u00a0<\/strong><b>MERL\u00cdN<\/b><br \/>\n<strong>El Lugar M\u00e1s M\u00edstico de Guadalajara<\/strong><br \/>\n<strong>ENVIAMOS A TODO M\u00c9XICO<\/strong><\/p>\n<!-- AddThis Advanced Settings generic via filter on the_content --><!-- AddThis Share Buttons generic via filter on the_content -->","protected":false},"excerpt":{"rendered":"<p>NUMEROLOG\u00cdA TANTRICA\u00a0 AUTOCONOCIMIENTO Y TRANSFORMACI\u00d3N &nbsp; La numerolog\u00eda t\u00e1ntrica, ciencia ancestral rescatada por Yogi Bhajan, describe los diez cuerpos sutiles o \u00e1reas de la psique desde las cuales se manifiestan las tendencias de nuestra personalidad y sus motivaciones profundas. Te ayudar\u00e1 a esclarecer y manejar las debilidades que debes superar y las fortalezas que posees&hellip;<!-- AddThis Advanced Settings generic via filter on get_the_excerpt --><!-- AddThis Share Buttons generic via filter on get_the_excerpt --><\/p>\n","protected":false},"featured_media":11226,"template":"","meta":[],"product_cat":[13],"product_tag":[1384,1383],"_links":{"self":[{"href":"https:\/\/www.bazarmerlin.com\/inicio\/wp-json\/wp\/v2\/product\/5190"}],"collection":[{"href":"https:\/\/www.bazarmerlin.com\/inicio\/wp-json\/wp\/v2\/product"}],"about":[{"href":"https:\/\/www.bazarmerlin.com\/inicio\/wp-json\/wp\/v2\/types\/product"}],"wp:featuredmedia":[{"embeddable":true,"href":"https:\/\/www.bazarmerlin.com\/inicio\/wp-json\/wp\/v2\/media\/11226"}],"wp:attachment":[{"href":"https:\/\/www.bazarmerlin.com\/inicio\/wp-json\/wp\/v2\/media?parent=5190"}],"wp:term":[{"taxonomy":"product_cat","embeddable":true,"href":"https:\/\/www.bazarmerlin.com\/inicio\/wp-json\/wp\/v2\/product_cat?post=5190"},{"taxonomy":"product_tag","embeddable":true,"href":"https:\/\/www.bazarmerlin.com\/inicio\/wp-json\/wp\/v2\/product_tag?post=5190"}],"curies":[{"name":"wp","href":"https:\/\/api.w.org\/{rel}","templated":true}]}}