{"id":5193,"date":"2015-08-31T18:57:18","date_gmt":"2015-08-31T18:57:18","guid":{"rendered":"https:\/\/www.bazarmerlin.com\/inicio\/?post_type=product&#038;p=5193"},"modified":"2022-12-15T23:49:07","modified_gmt":"2022-12-15T23:49:07","slug":"la-doctrina-secreta-de-h-p-blavatsky-en-6-impactantes-tomos","status":"publish","type":"product","link":"https:\/\/www.bazarmerlin.com\/inicio\/producto\/la-doctrina-secreta-de-h-p-blavatsky-en-6-impactantes-tomos\/","title":{"rendered":"Doctrina Secreta De H.p. Blavatsky En 6 Impactantes Tomos"},"content":{"rendered":"<h3><strong>A DOCTRINA SECRETA COLECCI\u00d3N 6 IMPACTANTES TOMOS. H.P. BLAVATSKY\u00a0<\/strong><\/h3>\n<p>&nbsp;<\/p>\n<p>LA DOCTRINA SECRETA COLECCI\u00d3N SEIS TOMOS. H.P. BLAVATSKY. S\u00edntesis de Ciencia, Religi\u00f3n y Filosof\u00eda. La obra literaria de H.P. Blavatsky es de consulta obligada para todos los estudiosos de las religiones y filosof\u00edas de Oriente y Occidente.<br \/>\nInfluyente en personajes importantes que modificaron miles de vidas como el propio MAHATMA GANDHI, quien reconoci\u00f3 que si conciencia nacional y deseo de millones de indios de reconquistar la libertad fueron obra de las ense\u00f1anzas de Blavatsky; fue tambi\u00e9n fundadora de la Sociedad Teos\u00f3fica en New York por el a\u00f1o de 1875 con el fin de compartir estudios m\u00edsticos y ocultistas.<\/p>\n<p>Atisbar en La Doctrina Secreta ES CRUZAR EL UMBRAL Y PARTICIPAR EN ESTE MOVIMIENTO ESOT\u00c9RICO, de donde la Sra. Blavatsky bebi\u00f3<\/p>\n<p>&nbsp;<\/p>\n<p>&nbsp;<\/p>\n<p><strong>BAZAR MERLIN<\/strong><br \/>\n<strong>El Lugar M\u00e1s M\u00edstico de Guadalajara<\/strong><br \/>\n<strong>ENVIAMOS A TODO M\u00c9XICO<\/strong><\/p>\n<!-- AddThis Advanced Settings generic via filter on the_content --><!-- AddThis Share Buttons generic via filter on the_content -->","protected":false},"excerpt":{"rendered":"<p>A DOCTRINA SECRETA COLECCI\u00d3N 6 IMPACTANTES TOMOS. H.P. BLAVATSKY\u00a0 &nbsp; LA DOCTRINA SECRETA COLECCI\u00d3N SEIS TOMOS. H.P. BLAVATSKY. S\u00edntesis de Ciencia, Religi\u00f3n y Filosof\u00eda. La obra literaria de H.P. Blavatsky es de consulta obligada para todos los estudiosos de las religiones y filosof\u00edas de Oriente y Occidente. Influyente en personajes importantes que modificaron miles de&hellip;<!-- AddThis Advanced Settings generic via filter on get_the_excerpt --><!-- AddThis Share Buttons generic via filter on get_the_excerpt --><\/p>\n","protected":false},"featured_media":11113,"template":"","meta":[],"product_cat":[13],"product_tag":[1385],"_links":{"self":[{"href":"https:\/\/www.bazarmerlin.com\/inicio\/wp-json\/wp\/v2\/product\/5193"}],"collection":[{"href":"https:\/\/www.bazarmerlin.com\/inicio\/wp-json\/wp\/v2\/product"}],"about":[{"href":"https:\/\/www.bazarmerlin.com\/inicio\/wp-json\/wp\/v2\/types\/product"}],"wp:featuredmedia":[{"embeddable":true,"href":"https:\/\/www.bazarmerlin.com\/inicio\/wp-json\/wp\/v2\/media\/11113"}],"wp:attachment":[{"href":"https:\/\/www.bazarmerlin.com\/inicio\/wp-json\/wp\/v2\/media?parent=5193"}],"wp:term":[{"taxonomy":"product_cat","embeddable":true,"href":"https:\/\/www.bazarmerlin.com\/inicio\/wp-json\/wp\/v2\/product_cat?post=5193"},{"taxonomy":"product_tag","embeddable":true,"href":"https:\/\/www.bazarmerlin.com\/inicio\/wp-json\/wp\/v2\/product_tag?post=5193"}],"curies":[{"name":"wp","href":"https:\/\/api.w.org\/{rel}","templated":true}]}}