{"id":5196,"date":"2015-08-31T19:03:10","date_gmt":"2015-08-31T19:03:10","guid":{"rendered":"https:\/\/www.bazarmerlin.com\/inicio\/?post_type=product&#038;p=5196"},"modified":"2022-12-16T23:52:32","modified_gmt":"2022-12-16T23:52:32","slug":"hechizos-y-conjuros-para-proteger-tu-casa-la-pareja-y-familia","status":"publish","type":"product","link":"https:\/\/www.bazarmerlin.com\/inicio\/producto\/hechizos-y-conjuros-para-proteger-tu-casa-la-pareja-y-familia\/","title":{"rendered":"Hechizos Y Conjuros Para Proteger Tu Casa, La Pareja Y Familia"},"content":{"rendered":"<p><strong>Hechizos Y Conjuros Para Proteger Tu Casa Y Tu Persona<\/strong><\/p>\n<p>&nbsp;<\/p>\n<p>Cuando los fracasos laborales, los desenga\u00f1os amorosos y las discordias familiares se vuelven frecuentes, comenzamos a sospechar que existe un da\u00f1o. Posiblemente alg\u00fan conocido, pariente, vecino o tal vez quien menos imaginemos, sea el causante de la \u201cmala racha\u201d.<\/p>\n<p>Este libro le ense\u00f1ar\u00e1 a realizar rituales de Alta Magia para:<br \/>\n\u2022 Descubrir si es victima de un hechizo<br \/>\n\u2022 Deshacer trabajos malignos y mucho m\u00e1s&#8230;<\/p>\n<p>&nbsp;<\/p>\n<p>&nbsp;<\/p>\n<p><strong>BAZAR MERLIN<\/strong><br \/>\n<strong>El Lugar M\u00e1s M\u00edstico de Guadalajara<\/strong><br \/>\n<strong>ENVIAMOS A TODO M\u00c9XICO\u00a0<\/strong><\/p>\n<!-- AddThis Advanced Settings generic via filter on the_content --><!-- AddThis Share Buttons generic via filter on the_content -->","protected":false},"excerpt":{"rendered":"<p>Hechizos Y Conjuros Para Proteger Tu Casa Y Tu Persona &nbsp; Cuando los fracasos laborales, los desenga\u00f1os amorosos y las discordias familiares se vuelven frecuentes, comenzamos a sospechar que existe un da\u00f1o. Posiblemente alg\u00fan conocido, pariente, vecino o tal vez quien menos imaginemos, sea el causante de la \u201cmala racha\u201d. Este libro le ense\u00f1ar\u00e1 a&hellip;<!-- AddThis Advanced Settings generic via filter on get_the_excerpt --><!-- AddThis Share Buttons generic via filter on get_the_excerpt --><\/p>\n","protected":false},"featured_media":11144,"template":"","meta":[],"product_cat":[13],"product_tag":[1386,1387],"_links":{"self":[{"href":"https:\/\/www.bazarmerlin.com\/inicio\/wp-json\/wp\/v2\/product\/5196"}],"collection":[{"href":"https:\/\/www.bazarmerlin.com\/inicio\/wp-json\/wp\/v2\/product"}],"about":[{"href":"https:\/\/www.bazarmerlin.com\/inicio\/wp-json\/wp\/v2\/types\/product"}],"wp:featuredmedia":[{"embeddable":true,"href":"https:\/\/www.bazarmerlin.com\/inicio\/wp-json\/wp\/v2\/media\/11144"}],"wp:attachment":[{"href":"https:\/\/www.bazarmerlin.com\/inicio\/wp-json\/wp\/v2\/media?parent=5196"}],"wp:term":[{"taxonomy":"product_cat","embeddable":true,"href":"https:\/\/www.bazarmerlin.com\/inicio\/wp-json\/wp\/v2\/product_cat?post=5196"},{"taxonomy":"product_tag","embeddable":true,"href":"https:\/\/www.bazarmerlin.com\/inicio\/wp-json\/wp\/v2\/product_tag?post=5196"}],"curies":[{"name":"wp","href":"https:\/\/api.w.org\/{rel}","templated":true}]}}