{"id":5211,"date":"2015-08-31T19:17:05","date_gmt":"2015-08-31T19:17:05","guid":{"rendered":"https:\/\/www.bazarmerlin.com\/inicio\/?post_type=product&#038;p=5211"},"modified":"2022-12-16T22:28:39","modified_gmt":"2022-12-16T22:28:39","slug":"el-matrimonio-perfecto-samael-aun-weor","status":"publish","type":"product","link":"https:\/\/www.bazarmerlin.com\/inicio\/producto\/el-matrimonio-perfecto-samael-aun-weor\/","title":{"rendered":"El Matrimonio Perfecto \/ Samael Aun Weor"},"content":{"rendered":"<p><strong>EL MATRIMONIO PERFECTO \/ SAMAEL AUN WEOR<\/strong><\/p>\n<p>&nbsp;<\/p>\n<p>Encontramos en esta obra develados los arcanos de la vida y la muerte, se\u00f1alando el sendero espiritual y resuelto el misterio que en la historia de la humanidad se ha tejido alrededor del amor. El V.M. Samael Aun Weor, con claridad meridiana, nos ense\u00f1a que solo por la senda del matrimonio es posible penetrar en la sabidur\u00eda inici\u00e1tica, y para ello nos entrega las claves y develos s\u00edmbolos de todas las antiguas culturas.<\/p>\n<p>En el Matrimonio Perfecto descubrimos a de seres que verdaderamente saben amar, y el amo enigma milenario para sabios y poetas, queda en este libro esclarecido. No podemos dejar de mencionar en estas l\u00edneas el eterno axioma que nos legara Hermes Trismegisto: Te doy amor, en el cual est\u00e1 contenido todo el s\u00fammum de la sabidur\u00eda.<\/p>\n<p>&nbsp;<\/p>\n<p>&nbsp;<\/p>\n<p><strong>BAZAR\u00a0<\/strong><b>MERL\u00cdN<\/b><br \/>\n<strong>El Lugar M\u00e1s M\u00edstico de Guadalajara<\/strong><br \/>\n<strong>ENVIAMOS A TODO M\u00c9XICO<\/strong><\/p>\n<!-- AddThis Advanced Settings generic via filter on the_content --><!-- AddThis Share Buttons generic via filter on the_content -->","protected":false},"excerpt":{"rendered":"<p>EL MATRIMONIO PERFECTO \/ SAMAEL AUN WEOR &nbsp; Encontramos en esta obra develados los arcanos de la vida y la muerte, se\u00f1alando el sendero espiritual y resuelto el misterio que en la historia de la humanidad se ha tejido alrededor del amor. El V.M. Samael Aun Weor, con claridad meridiana, nos ense\u00f1a que solo por&hellip;<!-- AddThis Advanced Settings generic via filter on get_the_excerpt --><!-- AddThis Share Buttons generic via filter on get_the_excerpt --><\/p>\n","protected":false},"featured_media":11129,"template":"","meta":[],"product_cat":[13],"product_tag":[1388,1389],"_links":{"self":[{"href":"https:\/\/www.bazarmerlin.com\/inicio\/wp-json\/wp\/v2\/product\/5211"}],"collection":[{"href":"https:\/\/www.bazarmerlin.com\/inicio\/wp-json\/wp\/v2\/product"}],"about":[{"href":"https:\/\/www.bazarmerlin.com\/inicio\/wp-json\/wp\/v2\/types\/product"}],"wp:featuredmedia":[{"embeddable":true,"href":"https:\/\/www.bazarmerlin.com\/inicio\/wp-json\/wp\/v2\/media\/11129"}],"wp:attachment":[{"href":"https:\/\/www.bazarmerlin.com\/inicio\/wp-json\/wp\/v2\/media?parent=5211"}],"wp:term":[{"taxonomy":"product_cat","embeddable":true,"href":"https:\/\/www.bazarmerlin.com\/inicio\/wp-json\/wp\/v2\/product_cat?post=5211"},{"taxonomy":"product_tag","embeddable":true,"href":"https:\/\/www.bazarmerlin.com\/inicio\/wp-json\/wp\/v2\/product_tag?post=5211"}],"curies":[{"name":"wp","href":"https:\/\/api.w.org\/{rel}","templated":true}]}}