{"id":5253,"date":"2015-08-31T20:01:04","date_gmt":"2015-08-31T20:01:04","guid":{"rendered":"https:\/\/www.bazarmerlin.com\/inicio\/?post_type=product&#038;p=5253"},"modified":"2022-12-14T23:23:52","modified_gmt":"2022-12-14T23:23:52","slug":"72-genios-de-la-cabala-libro-de-respuestas","status":"publish","type":"product","link":"https:\/\/www.bazarmerlin.com\/inicio\/producto\/72-genios-de-la-cabala-libro-de-respuestas\/","title":{"rendered":"72 Genios De La C\u00e1bala Libro De Respuestas"},"content":{"rendered":"<h3><strong>72 GENIOS DE LA C\u00c1BALA LIBRO DE RESPUESTAS<\/strong><br \/>\n<strong>DICCIONARIO DE CONCEPTOS Y PLEGARIAS A LOS \u00c1NGELES.<\/strong><\/h3>\n<p>&nbsp;<\/p>\n<p>&nbsp;<\/p>\n<p>La mayor\u00eda de las personas pasan por problemas de diversa \u00edndole a lo largo de su vida. Esta obra nos facilita un manual pr\u00e1ctico para hallar respuestas y soluciones a los retos cotidianos que se nos plantean, as\u00ed como para ayudarnos en la toma de conciencia de los motivos que los provocan.<\/p>\n<p>A trav\u00e9s de Los 72 Genios de la C\u00e1bala, Kashiel nos propone una f\u00f3rmula para conseguir la simbiosis entre lo que vivimos y lo que deber\u00edamos vivir. Estos genios son seres de luz, gu\u00edas espirituales que transmiten su energ\u00eda a trav\u00e9s de un programa de trabajo que llevan a cabo desde tiempo inmemorial. Sus nombres y sus plegarias son como mantras que ayudan a controlar la frecuencia vibratoria. Escucharlos nos ayuda a aquietarnos y a encontrar la paz necesaria para o\u00edr la voz de nuestra conciencia.<\/p>\n<p>Este libro contiene un acceso a los audios de las plegarias de los 72 Genios. La grabaci\u00f3n facilita la relajaci\u00f3n (ayuda a entrar en estados alfa), la concentraci\u00f3n (concentra la energ\u00eda) y la meditaci\u00f3n (nos pone en contacto con estos seres de luz).<\/p>\n<p>Al emitir una energ\u00eda \u00ablimpiadora\u00bb y estabilizadora, el audio de los 72 Genios es de gran ayuda para mitigar ambientes crispados y enrarecidos.<\/p>\n<p>&nbsp;<\/p>\n<p>&nbsp;<\/p>\n<p><b>BAZAR MERL\u00cdN\u00ae<\/b><br \/>\n<strong>El Lugar M\u00e1s M\u00edstico de Guadalajara<\/strong><br \/>\n<strong>ENVIAMOS A TODO M\u00c9XICO<\/strong><\/p>\n<!-- AddThis Advanced Settings generic via filter on the_content --><!-- AddThis Share Buttons generic via filter on the_content -->","protected":false},"excerpt":{"rendered":"<p>72 GENIOS DE LA C\u00c1BALA LIBRO DE RESPUESTAS DICCIONARIO DE CONCEPTOS Y PLEGARIAS A LOS \u00c1NGELES. &nbsp; &nbsp; La mayor\u00eda de las personas pasan por problemas de diversa \u00edndole a lo largo de su vida. Esta obra nos facilita un manual pr\u00e1ctico para hallar respuestas y soluciones a los retos cotidianos que se nos plantean,&hellip;<!-- AddThis Advanced Settings generic via filter on get_the_excerpt --><!-- AddThis Share Buttons generic via filter on get_the_excerpt --><\/p>\n","protected":false},"featured_media":11081,"template":"","meta":[],"product_cat":[13],"product_tag":[1392],"_links":{"self":[{"href":"https:\/\/www.bazarmerlin.com\/inicio\/wp-json\/wp\/v2\/product\/5253"}],"collection":[{"href":"https:\/\/www.bazarmerlin.com\/inicio\/wp-json\/wp\/v2\/product"}],"about":[{"href":"https:\/\/www.bazarmerlin.com\/inicio\/wp-json\/wp\/v2\/types\/product"}],"wp:featuredmedia":[{"embeddable":true,"href":"https:\/\/www.bazarmerlin.com\/inicio\/wp-json\/wp\/v2\/media\/11081"}],"wp:attachment":[{"href":"https:\/\/www.bazarmerlin.com\/inicio\/wp-json\/wp\/v2\/media?parent=5253"}],"wp:term":[{"taxonomy":"product_cat","embeddable":true,"href":"https:\/\/www.bazarmerlin.com\/inicio\/wp-json\/wp\/v2\/product_cat?post=5253"},{"taxonomy":"product_tag","embeddable":true,"href":"https:\/\/www.bazarmerlin.com\/inicio\/wp-json\/wp\/v2\/product_tag?post=5253"}],"curies":[{"name":"wp","href":"https:\/\/api.w.org\/{rel}","templated":true}]}}