{"id":5265,"date":"2015-09-01T18:07:52","date_gmt":"2015-09-01T18:07:52","guid":{"rendered":"https:\/\/www.bazarmerlin.com\/inicio\/?post_type=product&#038;p=5265"},"modified":"2022-12-15T22:17:04","modified_gmt":"2022-12-15T22:17:04","slug":"biblia-de-los-signos-y-de-los-simbolos-mas-de-500-simbolos","status":"publish","type":"product","link":"https:\/\/www.bazarmerlin.com\/inicio\/producto\/biblia-de-los-signos-y-de-los-simbolos-mas-de-500-simbolos\/","title":{"rendered":"Biblia De Los Signos Y De Los S\u00edmbolos &#8211; M\u00e1s De 500 S\u00edmbolos"},"content":{"rendered":"<h3><strong>Biblia de los signos y de los s\u00edmbolos, La<\/strong><br \/>\n<strong>Gauding, Madonna<\/strong><\/h3>\n<p>GU\u00cdA ESENCIAL SOBRE EL MUNDO DE LOS S\u00cdMBOLOS<\/p>\n<p>\u00bfCu\u00e1l es el origen y significado del ankh egipcio? \u00bfCu\u00e1l el de la flor de loto budista? \u00bfY el de la escuadra mas\u00f3nica?&#8230;<\/p>\n<p>En este libro encontrar\u00e1s tanto las respuestas a estas preguntas como las claves y los conceptos sagrados que se esconden detr\u00e1s de m\u00e1s de 500 s\u00edmbolos m\u00e1gicos y m\u00edsticos procedentes de todo el mundo.<\/p>\n<p>Descubrir\u00e1s el significado de los signos y s\u00edmbolos de civilizaciones ancestrales; descifrar\u00e1s s\u00edmbolos alqu\u00edmicos y sellos m\u00e1gicos, y aprender\u00e1s acerca del significado simb\u00f3lico atribuido por nuestros antepasados a flores, \u00e1rboles y hierbas.<\/p>\n<p>Mostrando reveladoras representaciones de cada s\u00edmbolo descrito, esta obra es una referencia imprescindible para quien sienta fascinaci\u00f3n frente a las artes, la mitolog\u00eda, la magia y los misterios antiguos.<\/p>\n<p>&nbsp;<\/p>\n<p><strong>BAZAR MERLIN<\/strong><br \/>\n<strong>El Lugar M\u00e1s M\u00edstico de Guadalajara<\/strong><br \/>\n<strong>ENVIAMOS A TODO M\u00c9XICO<\/strong><\/p>\n<!-- AddThis Advanced Settings generic via filter on the_content --><!-- AddThis Share Buttons generic via filter on the_content -->","protected":false},"excerpt":{"rendered":"<p>Biblia de los signos y de los s\u00edmbolos, La Gauding, Madonna GU\u00cdA ESENCIAL SOBRE EL MUNDO DE LOS S\u00cdMBOLOS \u00bfCu\u00e1l es el origen y significado del ankh egipcio? \u00bfCu\u00e1l el de la flor de loto budista? \u00bfY el de la escuadra mas\u00f3nica?&#8230; En este libro encontrar\u00e1s tanto las respuestas a estas preguntas como las claves&hellip;<!-- AddThis Advanced Settings generic via filter on get_the_excerpt --><!-- AddThis Share Buttons generic via filter on get_the_excerpt --><\/p>\n","protected":false},"featured_media":11096,"template":"","meta":[],"product_cat":[13],"product_tag":[1393,1394],"_links":{"self":[{"href":"https:\/\/www.bazarmerlin.com\/inicio\/wp-json\/wp\/v2\/product\/5265"}],"collection":[{"href":"https:\/\/www.bazarmerlin.com\/inicio\/wp-json\/wp\/v2\/product"}],"about":[{"href":"https:\/\/www.bazarmerlin.com\/inicio\/wp-json\/wp\/v2\/types\/product"}],"wp:featuredmedia":[{"embeddable":true,"href":"https:\/\/www.bazarmerlin.com\/inicio\/wp-json\/wp\/v2\/media\/11096"}],"wp:attachment":[{"href":"https:\/\/www.bazarmerlin.com\/inicio\/wp-json\/wp\/v2\/media?parent=5265"}],"wp:term":[{"taxonomy":"product_cat","embeddable":true,"href":"https:\/\/www.bazarmerlin.com\/inicio\/wp-json\/wp\/v2\/product_cat?post=5265"},{"taxonomy":"product_tag","embeddable":true,"href":"https:\/\/www.bazarmerlin.com\/inicio\/wp-json\/wp\/v2\/product_tag?post=5265"}],"curies":[{"name":"wp","href":"https:\/\/api.w.org\/{rel}","templated":true}]}}