{"id":5286,"date":"2015-09-01T18:32:13","date_gmt":"2015-09-01T18:32:13","guid":{"rendered":"https:\/\/www.bazarmerlin.com\/inicio\/?post_type=product&#038;p=5286"},"modified":"2022-12-16T22:10:03","modified_gmt":"2022-12-16T22:10:03","slug":"el-libro-de-los-simbolos-mas-de-500-simbolos","status":"publish","type":"product","link":"https:\/\/www.bazarmerlin.com\/inicio\/producto\/el-libro-de-los-simbolos-mas-de-500-simbolos\/","title":{"rendered":"El Libro De Los S\u00edmbolos &#8211; M\u00e1s De 500 S\u00edmbolos"},"content":{"rendered":"<p><strong>EL LIBRO DE LOS S\u00cdMBOLOS &#8211; M\u00c1S DE 500 S\u00cdMBOLOS<\/strong><\/p>\n<p>&nbsp;<\/p>\n<p>Rudolf Koch fue una personalidad que influenci\u00f3 considerablemente el desenvolvimiento de las artes gr\u00e1ficas de la Alemania del siglo XIX, y adquiri\u00f3 gran fama como dise\u00f1ador de tipos y cal\u00edgrafo; todo elemento simbol\u00f3gico tuvo en \u00e9l la palabra definitiva del concepto y definici\u00f3n propias del porqu\u00e9 de un trazo colocado en especial forma.<\/p>\n<p>Este libro contiene m\u00e1s de 500 s\u00edmbolos, que fueron usados desde los tiempos remotos hasta la Edad Media; fueron recogidos por Koch y por quienes trabajaron con \u00e9l en la b\u00fasqueda de inscripciones, grabados y manuscritos.<\/p>\n<p>Entre estos signos encontraremos monogramas bizantinos, cruces, iniciales sagradas, s\u00edmbolos mas\u00f3nicos, alqu\u00edmicos, elementos bot\u00e1nicos y astrol\u00f3gicos que fueron redise\u00f1ados y explicados por Koch, ocup\u00e1ndose Fritz Kredel, de Offenbach-an-Mein, Alemania, de los cu\u00f1os originales en madera.<\/p>\n<p>El lector verificar\u00e1 la belleza tanto est\u00e9tica como simb\u00f3lica de estos signos, que aportan fundamentalmente su simplicidad en la representaci\u00f3n de las ideas, como ejemplo de la capacidad de s\u00edntesis del hombre.<\/p>\n<p>&nbsp;<\/p>\n<p>&nbsp;<\/p>\n<p><strong>BAZAR\u00a0<\/strong><b>MERL\u00cdN<\/b><br \/>\n<strong>El Lugar M\u00e1s M\u00edstico de Guadalajara<\/strong><br \/>\n<strong>ENVIAMOS A TODO M\u00c9XICO&#8230;<\/strong><\/p>\n<!-- AddThis Advanced Settings generic via filter on the_content --><!-- AddThis Share Buttons generic via filter on the_content -->","protected":false},"excerpt":{"rendered":"<p>EL LIBRO DE LOS S\u00cdMBOLOS &#8211; M\u00c1S DE 500 S\u00cdMBOLOS &nbsp; Rudolf Koch fue una personalidad que influenci\u00f3 considerablemente el desenvolvimiento de las artes gr\u00e1ficas de la Alemania del siglo XIX, y adquiri\u00f3 gran fama como dise\u00f1ador de tipos y cal\u00edgrafo; todo elemento simbol\u00f3gico tuvo en \u00e9l la palabra definitiva del concepto y definici\u00f3n propias&hellip;<!-- AddThis Advanced Settings generic via filter on get_the_excerpt --><!-- AddThis Share Buttons generic via filter on get_the_excerpt --><\/p>\n","protected":false},"featured_media":11126,"template":"","meta":[],"product_cat":[13],"product_tag":[1395,1394],"_links":{"self":[{"href":"https:\/\/www.bazarmerlin.com\/inicio\/wp-json\/wp\/v2\/product\/5286"}],"collection":[{"href":"https:\/\/www.bazarmerlin.com\/inicio\/wp-json\/wp\/v2\/product"}],"about":[{"href":"https:\/\/www.bazarmerlin.com\/inicio\/wp-json\/wp\/v2\/types\/product"}],"wp:featuredmedia":[{"embeddable":true,"href":"https:\/\/www.bazarmerlin.com\/inicio\/wp-json\/wp\/v2\/media\/11126"}],"wp:attachment":[{"href":"https:\/\/www.bazarmerlin.com\/inicio\/wp-json\/wp\/v2\/media?parent=5286"}],"wp:term":[{"taxonomy":"product_cat","embeddable":true,"href":"https:\/\/www.bazarmerlin.com\/inicio\/wp-json\/wp\/v2\/product_cat?post=5286"},{"taxonomy":"product_tag","embeddable":true,"href":"https:\/\/www.bazarmerlin.com\/inicio\/wp-json\/wp\/v2\/product_tag?post=5286"}],"curies":[{"name":"wp","href":"https:\/\/api.w.org\/{rel}","templated":true}]}}